{"id":504178,"date":"2023-05-28T16:13:11","date_gmt":"2023-05-28T14:13:11","guid":{"rendered":"https:\/\/lucacastelli.com\/prodotto\/as-73-4t-bs-variospeed\/"},"modified":"2025-12-01T14:46:02","modified_gmt":"2025-12-01T13:46:02","slug":"as-73-4t-bs-variospeed","status":"publish","type":"product","link":"https:\/\/lucacastelli.com\/fr\/produit\/as-73-4t-bs-variospeed\/","title":{"rendered":"AS 73 4T B&amp;S Variospeed"},"content":{"rendered":"<p>Avec deux vitesses de lame et cinq vitesses, la faucheuse B&amp;S AS 73 4T s\u2019attaque aux pentes raides, \u00e0 la v\u00e9g\u00e9tation dense et aux grandes surfaces. Avec cet Allm\u00e4her\u00ae, vous avez le choix via Variospeed : la vitesse de lame la plus rapide pour un r\u00e9sultat de paillage plus fin, la plus lente pour des couples plus \u00e9lev\u00e9s dans les applications les plus difficiles &#8211; un avantage indispensable pour les zones rarement coup\u00e9es. L\u2019efficacit\u00e9 est assur\u00e9e par la large largeur de coupe de 73 cm, tandis que le puissant Briggs &amp; Stratton OHV 4 temps avec traction et blocage de diff\u00e9rentiel entra\u00eene cette tondeuse \u00e0 gazon professionnelle sans compromis.  <\/p>\n","protected":false},"excerpt":{"rendered":"<p>Avec deux vitesses de lame et cinq vitesses, la faucheuse B&amp;S AS 73 4T s\u2019attaque aux pentes raides, \u00e0 la<\/p>\n","protected":false},"featured_media":56310,"template":"","meta":{"_seopress_robots_primary_cat":"","_seopress_titles_title":"","_seopress_titles_desc":"","_seopress_robots_index":""},"product_brand":[4372],"product_cat":[29,514,544],"product_tag":[],"class_list":{"0":"post-504178","1":"product","2":"type-product","3":"status-publish","4":"has-post-thumbnail","6":"product_brand-as-motor","7":"product_cat-macchinari","8":"product_cat-altri-dispositivi","9":"product_cat-falciatrici","10":"sws-gruppo-macchinari-fr","11":"sws-conto-ricavi-merci-rivendita-macchinari-fr","12":"sws-gruppo-iva-iva81-fr","14":"first","15":"onbackorder","16":"shipping-taxable","17":"purchasable","18":"product-type-simple"},"_links":{"self":[{"href":"https:\/\/lucacastelli.com\/fr\/wp-json\/wp\/v2\/product\/504178","targetHints":{"allow":["GET"]}}],"collection":[{"href":"https:\/\/lucacastelli.com\/fr\/wp-json\/wp\/v2\/product"}],"about":[{"href":"https:\/\/lucacastelli.com\/fr\/wp-json\/wp\/v2\/types\/product"}],"wp:featuredmedia":[{"embeddable":true,"href":"https:\/\/lucacastelli.com\/fr\/wp-json\/wp\/v2\/media\/56310"}],"wp:attachment":[{"href":"https:\/\/lucacastelli.com\/fr\/wp-json\/wp\/v2\/media?parent=504178"}],"wp:term":[{"taxonomy":"product_brand","embeddable":true,"href":"https:\/\/lucacastelli.com\/fr\/wp-json\/wp\/v2\/product_brand?post=504178"},{"taxonomy":"product_cat","embeddable":true,"href":"https:\/\/lucacastelli.com\/fr\/wp-json\/wp\/v2\/product_cat?post=504178"},{"taxonomy":"product_tag","embeddable":true,"href":"https:\/\/lucacastelli.com\/fr\/wp-json\/wp\/v2\/product_tag?post=504178"}],"curies":[{"name":"wp","href":"https:\/\/api.w.org\/{rel}","templated":true}]}}