{"id":504160,"date":"2023-05-28T15:49:34","date_gmt":"2023-05-28T13:49:34","guid":{"rendered":"https:\/\/lucacastelli.com\/prodotto\/as-65-2t-es-demarrage-facile\/"},"modified":"2025-12-01T14:46:01","modified_gmt":"2025-12-01T13:46:01","slug":"as-65-2t-es-demarrage-facile","status":"publish","type":"product","link":"https:\/\/lucacastelli.com\/fr\/produit\/as-65-2t-es-demarrage-facile\/","title":{"rendered":"AS 65 2T ES (D\u00e9marrage facile)"},"content":{"rendered":"<p>La r\u00e9sistance est le principe de l\u2019AS 65 2T, que ce soit sur des pentes raides, une v\u00e9g\u00e9tation dense ou une grande largeur de coupe de 65 cm. Le moteur 2 temps AS affiche son couple important sur les pentes raides et sur les grandes surfaces dans la v\u00e9g\u00e9tation dense, les herbes hautes, les buissons et les sous-bois. Le blocage de diff\u00e9rentiel en combinaison avec la bo\u00eete de vitesses manuelle \u00e0 5 vitesses assure une traction, une maniabilit\u00e9 et une s\u00e9curit\u00e9 permanentes. Le syst\u00e8me AS \u00e0 lames crois\u00e9es d\u00e9chiquette de mani\u00e8re fiable pour des performances de coupe impressionnantes, avec une force de coupe maximis\u00e9e par le rapport moteur\/lame de 2:1. En r\u00e9sum\u00e9 : voici comment tondre et broyer les pelouses et les buissons selon le principe des tondeuses polyvalentes.    <\/p>\n","protected":false},"excerpt":{"rendered":"<p>La r\u00e9sistance est le principe de l\u2019AS 65 2T, que ce soit sur des pentes raides, une v\u00e9g\u00e9tation dense ou<\/p>\n","protected":false},"featured_media":56285,"template":"","meta":{"_seopress_robots_primary_cat":"","_seopress_titles_title":"","_seopress_titles_desc":"","_seopress_robots_index":""},"product_brand":[4375],"product_cat":[169,1454,1500],"product_tag":[],"class_list":{"0":"post-504160","1":"product","2":"type-product","3":"status-publish","4":"has-post-thumbnail","6":"product_brand-as-motor-de","7":"product_cat-maschinen","8":"product_cat-andere-gerate","9":"product_cat-mahmaschinen","10":"sws-gruppo-macchinari-fr","11":"sws-conto-ricavi-merci-rivendita-macchinari-de","12":"sws-gruppo-iva-iva81-de","14":"first","15":"onbackorder","16":"shipping-taxable","17":"purchasable","18":"product-type-simple"},"_links":{"self":[{"href":"https:\/\/lucacastelli.com\/fr\/wp-json\/wp\/v2\/product\/504160","targetHints":{"allow":["GET"]}}],"collection":[{"href":"https:\/\/lucacastelli.com\/fr\/wp-json\/wp\/v2\/product"}],"about":[{"href":"https:\/\/lucacastelli.com\/fr\/wp-json\/wp\/v2\/types\/product"}],"wp:featuredmedia":[{"embeddable":true,"href":"https:\/\/lucacastelli.com\/fr\/wp-json\/wp\/v2\/media\/56285"}],"wp:attachment":[{"href":"https:\/\/lucacastelli.com\/fr\/wp-json\/wp\/v2\/media?parent=504160"}],"wp:term":[{"taxonomy":"product_brand","embeddable":true,"href":"https:\/\/lucacastelli.com\/fr\/wp-json\/wp\/v2\/product_brand?post=504160"},{"taxonomy":"product_cat","embeddable":true,"href":"https:\/\/lucacastelli.com\/fr\/wp-json\/wp\/v2\/product_cat?post=504160"},{"taxonomy":"product_tag","embeddable":true,"href":"https:\/\/lucacastelli.com\/fr\/wp-json\/wp\/v2\/product_tag?post=504160"}],"curies":[{"name":"wp","href":"https:\/\/api.w.org\/{rel}","templated":true}]}}