{"id":504158,"date":"2023-05-28T15:48:40","date_gmt":"2023-05-28T13:48:40","guid":{"rendered":"https:\/\/lucacastelli.com\/prodotto\/as-62-e-allmaher-ohne-akku-und-ladegerat\/"},"modified":"2025-12-01T14:46:01","modified_gmt":"2025-12-01T13:46:01","slug":"as-62-e-allmaher-ohne-akku-und-ladegerat","status":"publish","type":"product","link":"https:\/\/lucacastelli.com\/fr\/produit\/as-62-e-allmaher-ohne-akku-und-ladegerat\/","title":{"rendered":"AS 62 E Allm\u00e4her (ohne Akku und Ladeger\u00e4t)"},"content":{"rendered":"<p>Con\u00e7u pour l\u2019herbe jusqu\u2019\u00e0 90 cm de haut. Tondez et d\u00e9chiquetez en un seul passage. La tondeuse \u00e0 gazon \u00e9lectrique AS 62 est particuli\u00e8rement \u00e0 l\u2019aise sur les terrains plats et l\u00e9g\u00e8rement accident\u00e9s. Les lieux d\u2019utilisation typiques de la machine sont les vergers, les zones de vacances et les grands jardins. Gr\u00e2ce aux roues libres des deux c\u00f4t\u00e9s de la transmission et aux roues avant mobiles, la tondeuse \u00e0 gazon peut \u00eatre man\u0153uvr\u00e9e confortablement. Id\u00e9al pour les clients priv\u00e9s, les prestataires de services et les clubs.<br \/>\nLe nouveau moteur \u00e9lectrique AS-Motor de 56 volts a la puissance d\u2019un moteur \u00e0 essence traditionnel de 200 cm3. Il est aliment\u00e9 par deux batteries manuelles professionnelles de 10 Ah chacune. Ensemble, ils fournissent un nombre impressionnant de 1 120 wattheures d\u2019\u00e9nergie. Pour une autonomie maximale, une batterie arri\u00e8re de 28 Ah peut \u00e9galement \u00eatre connect\u00e9e. Avec une r\u00e9serve d\u2019\u00e9nergie record de 2 688 wattheures.<br \/>\nLe moteur et l\u2019arbre de la lame sont s\u00e9par\u00e9s l\u2019un de l\u2019autre par l\u2019embrayage de la lame. Cela garantit la meilleure protection possible du moteur en cas de collision entre la lame de scie et, par exemple, des pierres ou des racines. La force de coupe \u00e9lev\u00e9e (couple) sur la lame est le r\u00e9sultat d\u2019une r\u00e9duction du rapport de r\u00e9gime moteur \u00e0 la lame de 1,6:1. Un kit de paillage en option est disponible pour obtenir une coupe visuellement attrayante dans l\u2019herbe basse.            <\/p>\n<p>Syst\u00e8me de lames transversales et entra\u00eenement Variomatic continu<br \/>\nLe syst\u00e8me de lames transversales coupe et broye de mani\u00e8re fiable les rognures \u00e0 des hauteurs de coupe de 50 \u00e0 100 mm. Ceux-ci sont r\u00e9gl\u00e9s axe par essieu, en continu \u00e0 l\u2019avant et en cinq \u00e9tapes \u00e0 l\u2019arri\u00e8re. Le plateau de coupe mulching ferm\u00e9 avec \u00e9jection arri\u00e8re emp\u00eache l\u2019\u00e9jection involontaire de l\u2019herbe coup\u00e9e par le c\u00f4t\u00e9. La vitesse de conduite peut \u00eatre modifi\u00e9e en continu de 1,8 \u00e0 4 km\/h pendant la conduite. Les roues motrices de 30 cm offrent une bonne traction. Pour les travaux sur des pentes douces, les roues avant peuvent \u00eatre bloqu\u00e9es pour \u00e9viter que la machine ne d\u00e9rive.    <\/p>\n<p>Guidon confortable et transport<br \/>\nfacile Le guidon en forme de V r\u00e9glable lat\u00e9ralement est \u00e9quip\u00e9 de s\u00e9rie de la technologie VibrationProtect, qui minimise les vibrations main-bras. De plus, la hauteur du guidon peut \u00eatre r\u00e9gl\u00e9e facilement et confortablement. Pour un transport facile, la tondeuse \u00e0 gazon \u00e9lectrique AS 62 peut \u00eatre rabattue. Cela signifie qu\u2019il peut \u00eatre transport\u00e9 en voiture sans remorque.   <\/p>\n","protected":false},"excerpt":{"rendered":"<p>Con\u00e7u pour l\u2019herbe jusqu\u2019\u00e0 90 cm de haut. Tondez et d\u00e9chiquetez en un seul passage. La tondeuse \u00e0 gazon \u00e9lectrique<\/p>\n","protected":false},"featured_media":56275,"template":"","meta":{"_seopress_robots_primary_cat":"","_seopress_titles_title":"","_seopress_titles_desc":"","_seopress_robots_index":""},"product_brand":[4372],"product_cat":[29,514,544],"product_tag":[],"class_list":{"0":"post-504158","1":"product","2":"type-product","3":"status-publish","4":"has-post-thumbnail","6":"product_brand-as-motor","7":"product_cat-macchinari","8":"product_cat-altri-dispositivi","9":"product_cat-falciatrici","10":"sws-gruppo-macchinari-fr","11":"sws-conto-ricavi-merci-rivendita-macchinari-fr","12":"sws-gruppo-iva-iva81-fr","14":"first","15":"onbackorder","16":"shipping-taxable","17":"purchasable","18":"product-type-simple"},"_links":{"self":[{"href":"https:\/\/lucacastelli.com\/fr\/wp-json\/wp\/v2\/product\/504158","targetHints":{"allow":["GET"]}}],"collection":[{"href":"https:\/\/lucacastelli.com\/fr\/wp-json\/wp\/v2\/product"}],"about":[{"href":"https:\/\/lucacastelli.com\/fr\/wp-json\/wp\/v2\/types\/product"}],"wp:featuredmedia":[{"embeddable":true,"href":"https:\/\/lucacastelli.com\/fr\/wp-json\/wp\/v2\/media\/56275"}],"wp:attachment":[{"href":"https:\/\/lucacastelli.com\/fr\/wp-json\/wp\/v2\/media?parent=504158"}],"wp:term":[{"taxonomy":"product_brand","embeddable":true,"href":"https:\/\/lucacastelli.com\/fr\/wp-json\/wp\/v2\/product_brand?post=504158"},{"taxonomy":"product_cat","embeddable":true,"href":"https:\/\/lucacastelli.com\/fr\/wp-json\/wp\/v2\/product_cat?post=504158"},{"taxonomy":"product_tag","embeddable":true,"href":"https:\/\/lucacastelli.com\/fr\/wp-json\/wp\/v2\/product_tag?post=504158"}],"curies":[{"name":"wp","href":"https:\/\/api.w.org\/{rel}","templated":true}]}}