{"id":504152,"date":"2023-05-28T15:36:54","date_gmt":"2023-05-28T13:36:54","guid":{"rendered":"https:\/\/lucacastelli.com\/prodotto\/as-62-4t-bs\/"},"modified":"2025-12-01T14:46:01","modified_gmt":"2025-12-01T13:46:01","slug":"as-62-4t-bs","status":"publish","type":"product","link":"https:\/\/lucacastelli.com\/fr\/produit\/as-62-4t-bs\/","title":{"rendered":"AS 62 4T B&amp;S"},"content":{"rendered":"<p>Con\u00e7u pour tondre et d\u00e9chiqueter les herbes hautes. L\u2019AS 62 4T B&amp;S est particuli\u00e8rement \u00e0 l\u2019aise sur les terrains plats avec de nombreux obstacles, tels que les vergers et l\u2019herbe mulcher jusqu\u2019\u00e0 90 cm de haut. Gr\u00e2ce aux roues libres des deux c\u00f4t\u00e9s de la transmission et aux roues avant mobiles, la tondeuse \u00e0 gazon est facile \u00e0 man\u0153uvrer. Id\u00e9al pour les clients priv\u00e9s, les prestataires de services et les municipalit\u00e9s.   <\/p>\n<p>Equip\u00e9 d\u2019un moteur Briggs &amp; Stratton 850 PXi, le B&amp;S AS 62 4T fait son travail de mani\u00e8re fiable. Le moteur a une puissance maximale de 5,7 ch et une cylindr\u00e9e de 190 cm\u00b3. L\u2019arbre du moteur et l\u2019arbre de la lame sont s\u00e9par\u00e9s l\u2019un de l\u2019autre par l\u2019embrayage de la lame. Cela garantit la meilleure protection possible du moteur, par exemple en cas de collision de la lame avec des pierres ou des racines. La force de coupe \u00e9lev\u00e9e (couple) sur la lame r\u00e9sulte d\u2019un rapport de r\u00e9duction de 1,6:1 du r\u00e9gime moteur par rapport \u00e0 celui de la lame.    <\/p>\n<p>\u00c9quip\u00e9e d\u2019un syst\u00e8me de lames de scie transversale, la B&amp;S AS 62 4T coupe et broye de mani\u00e8re fiable les mat\u00e9riaux d\u2019alimentation \u00e0 des hauteurs de coupe de 50 \u00e0 100 mm. Ceux-ci sont r\u00e9gl\u00e9s par essieu, en continu \u00e0 l\u2019avant et en cinq \u00e9tapes \u00e0 l\u2019arri\u00e8re. Le capot de tonte conique assure \u00e9galement un flux de r\u00e9colte r\u00e9gulier et id\u00e9al. L\u2019op\u00e9rateur peut s\u00e9lectionner en permanence une vitesse au sol comprise entre 1,8 et 3,8 km\/h. Les deux roues libres et les roues avant mobiles de la transmission vous permettent de diriger, de tourner et de man\u0153uvrer confortablement autour des obstacles, m\u00eame en conduisant.   <\/p>\n<p>Le guidon en forme de V r\u00e9glable lat\u00e9ralement est \u00e9quip\u00e9 de s\u00e9rie de la technologie VibrationProtect, qui minimise les vibrations main-bras. De plus, la hauteur du guidon peut \u00eatre r\u00e9gl\u00e9e facilement et confortablement. Pour un transport facile, le B&amp;S AS 62 4T peut \u00eatre \u00ab&nbsp;pli\u00e9&nbsp;\u00bb. Cela permet le transport en voiture sans remorque.   <\/p>\n","protected":false},"excerpt":{"rendered":"<p>Con\u00e7u pour tondre et d\u00e9chiqueter les herbes hautes. L\u2019AS 62 4T B&amp;S est particuli\u00e8rement \u00e0 l\u2019aise sur les terrains plats<\/p>\n","protected":false},"featured_media":56270,"template":"","meta":{"_seopress_robots_primary_cat":"","_seopress_titles_title":"","_seopress_titles_desc":"","_seopress_robots_index":""},"product_brand":[4372],"product_cat":[29,514,544],"product_tag":[],"class_list":{"0":"post-504152","1":"product","2":"type-product","3":"status-publish","4":"has-post-thumbnail","6":"product_brand-as-motor","7":"product_cat-macchinari","8":"product_cat-altri-dispositivi","9":"product_cat-falciatrici","10":"sws-gruppo-macchinari-fr","11":"sws-conto-ricavi-merci-rivendita-macchinari-fr","12":"sws-gruppo-iva-iva81-fr","14":"first","15":"onbackorder","16":"shipping-taxable","17":"purchasable","18":"product-type-simple"},"_links":{"self":[{"href":"https:\/\/lucacastelli.com\/fr\/wp-json\/wp\/v2\/product\/504152","targetHints":{"allow":["GET"]}}],"collection":[{"href":"https:\/\/lucacastelli.com\/fr\/wp-json\/wp\/v2\/product"}],"about":[{"href":"https:\/\/lucacastelli.com\/fr\/wp-json\/wp\/v2\/types\/product"}],"wp:featuredmedia":[{"embeddable":true,"href":"https:\/\/lucacastelli.com\/fr\/wp-json\/wp\/v2\/media\/56270"}],"wp:attachment":[{"href":"https:\/\/lucacastelli.com\/fr\/wp-json\/wp\/v2\/media?parent=504152"}],"wp:term":[{"taxonomy":"product_brand","embeddable":true,"href":"https:\/\/lucacastelli.com\/fr\/wp-json\/wp\/v2\/product_brand?post=504152"},{"taxonomy":"product_cat","embeddable":true,"href":"https:\/\/lucacastelli.com\/fr\/wp-json\/wp\/v2\/product_cat?post=504152"},{"taxonomy":"product_tag","embeddable":true,"href":"https:\/\/lucacastelli.com\/fr\/wp-json\/wp\/v2\/product_tag?post=504152"}],"curies":[{"name":"wp","href":"https:\/\/api.w.org\/{rel}","templated":true}]}}