{"id":504143,"date":"2023-05-28T15:35:39","date_gmt":"2023-05-28T13:35:39","guid":{"rendered":"https:\/\/lucacastelli.com\/prodotto\/as-63-4t-bs\/"},"modified":"2023-05-28T15:35:39","modified_gmt":"2023-05-28T13:35:39","slug":"as-63-4t-bs","status":"publish","type":"product","link":"https:\/\/lucacastelli.com\/fr\/produit\/as-63-4t-bs\/","title":{"rendered":"AS 63 4T B&amp;S"},"content":{"rendered":"<p>Le syst\u00e8me de lames transversales de la tondeuse \u00e0 gazon AS 63 coupe et broye sans probl\u00e8me m\u00eame la v\u00e9g\u00e9tation haute et convainc par son excellente performance de coupe, son excellent r\u00e9sultat de mulching, sa traction permanente, sa maniabilit\u00e9 et sa s\u00e9curit\u00e9. La bo\u00eete de vitesses robuste avec blocage de diff\u00e9rentiel assure une propulsion fiable et vous permet de travailler en toute s\u00e9curit\u00e9 m\u00eame sur des terrains difficiles, sur des pentes et sur des terrains humides. Nouveau capot de tondeuse &#8211; coupe parfaite. Le nouveau plateau de coupe conique et les roues pivotantes mont\u00e9es \u00e0 l\u2019ext\u00e9rieur du motif de coupe assurent un flux optimal de l\u2019herbe coup\u00e9e vers la lame transversale. En cons\u00e9quence, l\u2019herbe est coup\u00e9e dans une position relativement verticale et id\u00e9ale, ce qui donne un tr\u00e8s bon r\u00e9sultat de coupe et de paillage. Puissance sur les pistes, hautes performances, s\u00e9curit\u00e9 et maniabilit\u00e9. Son faible poids (environ 70 kg), sa bonne ergonomie avec syst\u00e8me anti-vibration et un moteur puissant et robuste font de l\u2019AS 63 la tondeuse \u00e0 gazon id\u00e9ale pour les pentes. Votre s\u00e9curit\u00e9 est importante pour nous ! C\u2019est pourquoi l\u2019AS 63 est \u00e9quip\u00e9e d\u2019un limiteur de vitesse automatique en descente, d\u2019un blocage automatique du diff\u00e9rentiel et d\u2019un frein de stationnement automatique qui s\u2019enclenche lorsque la transmission est rel\u00e2ch\u00e9e.        <\/p>\n","protected":false},"excerpt":{"rendered":"<p>Le syst\u00e8me de lames transversales de la tondeuse \u00e0 gazon AS 63 coupe et broye sans probl\u00e8me m\u00eame la v\u00e9g\u00e9tation<\/p>\n","protected":false},"featured_media":56255,"template":"","meta":{"_seopress_robots_primary_cat":"","_seopress_titles_title":"","_seopress_titles_desc":"","_seopress_robots_index":""},"product_brand":[4375],"product_cat":[169,1454,1500],"product_tag":[],"class_list":{"0":"post-504143","1":"product","2":"type-product","3":"status-publish","4":"has-post-thumbnail","6":"product_brand-as-motor-de","7":"product_cat-maschinen","8":"product_cat-andere-gerate","9":"product_cat-mahmaschinen","11":"first","12":"onbackorder","13":"shipping-taxable","14":"purchasable","15":"product-type-simple"},"_links":{"self":[{"href":"https:\/\/lucacastelli.com\/fr\/wp-json\/wp\/v2\/product\/504143","targetHints":{"allow":["GET"]}}],"collection":[{"href":"https:\/\/lucacastelli.com\/fr\/wp-json\/wp\/v2\/product"}],"about":[{"href":"https:\/\/lucacastelli.com\/fr\/wp-json\/wp\/v2\/types\/product"}],"wp:featuredmedia":[{"embeddable":true,"href":"https:\/\/lucacastelli.com\/fr\/wp-json\/wp\/v2\/media\/56255"}],"wp:attachment":[{"href":"https:\/\/lucacastelli.com\/fr\/wp-json\/wp\/v2\/media?parent=504143"}],"wp:term":[{"taxonomy":"product_brand","embeddable":true,"href":"https:\/\/lucacastelli.com\/fr\/wp-json\/wp\/v2\/product_brand?post=504143"},{"taxonomy":"product_cat","embeddable":true,"href":"https:\/\/lucacastelli.com\/fr\/wp-json\/wp\/v2\/product_cat?post=504143"},{"taxonomy":"product_tag","embeddable":true,"href":"https:\/\/lucacastelli.com\/fr\/wp-json\/wp\/v2\/product_tag?post=504143"}],"curies":[{"name":"wp","href":"https:\/\/api.w.org\/{rel}","templated":true}]}}