{"id":504141,"date":"2023-05-28T15:23:40","date_gmt":"2023-05-28T13:23:40","guid":{"rendered":"https:\/\/lucacastelli.com\/prodotto\/as-26-2t-es-demarrage-facile\/"},"modified":"2025-12-01T14:46:01","modified_gmt":"2025-12-01T13:46:01","slug":"as-26-2t-es-demarrage-facile","status":"publish","type":"product","link":"https:\/\/lucacastelli.com\/fr\/produit\/as-26-2t-es-demarrage-facile\/","title":{"rendered":"AS 26 2T ES D\u00e9marrage facile"},"content":{"rendered":"<p>La technologie de nos classiques probablement les plus connus a \u00e9t\u00e9 perfectionn\u00e9e avec un concept \u00e0 3 roues, id\u00e9al pour tondre et d\u00e9chiqueter dans les virages et les courbes.<br \/>\nDans le m\u00eame temps, l\u2019Allm\u00e4her\u00ae progresse \u00e9galement bien sur les terrains difficiles gr\u00e2ce \u00e0 sa puissante propulsion arri\u00e8re, ses pneus \u00e0 crampons d\u2019air et son unit\u00e9 de tonte\/mulching robuste.<br \/>\nConfortable \u00e0 man\u0153uvrer, avec frein arri\u00e8re verrouillable.<\/p>\n","protected":false},"excerpt":{"rendered":"<p>La technologie de nos classiques probablement les plus connus a \u00e9t\u00e9 perfectionn\u00e9e avec un concept \u00e0 3 roues, id\u00e9al pour<\/p>\n","protected":false},"featured_media":56245,"template":"","meta":{"_seopress_robots_primary_cat":"","_seopress_titles_title":"","_seopress_titles_desc":"","_seopress_robots_index":""},"product_brand":[4372],"product_cat":[29,514,544],"product_tag":[],"class_list":{"0":"post-504141","1":"product","2":"type-product","3":"status-publish","4":"has-post-thumbnail","6":"product_brand-as-motor","7":"product_cat-macchinari","8":"product_cat-altri-dispositivi","9":"product_cat-falciatrici","10":"sws-gruppo-macchinari-fr","11":"sws-conto-ricavi-merci-rivendita-macchinari-fr","12":"sws-gruppo-iva-iva81-fr","14":"first","15":"onbackorder","16":"shipping-taxable","17":"purchasable","18":"product-type-simple"},"_links":{"self":[{"href":"https:\/\/lucacastelli.com\/fr\/wp-json\/wp\/v2\/product\/504141","targetHints":{"allow":["GET"]}}],"collection":[{"href":"https:\/\/lucacastelli.com\/fr\/wp-json\/wp\/v2\/product"}],"about":[{"href":"https:\/\/lucacastelli.com\/fr\/wp-json\/wp\/v2\/types\/product"}],"wp:featuredmedia":[{"embeddable":true,"href":"https:\/\/lucacastelli.com\/fr\/wp-json\/wp\/v2\/media\/56245"}],"wp:attachment":[{"href":"https:\/\/lucacastelli.com\/fr\/wp-json\/wp\/v2\/media?parent=504141"}],"wp:term":[{"taxonomy":"product_brand","embeddable":true,"href":"https:\/\/lucacastelli.com\/fr\/wp-json\/wp\/v2\/product_brand?post=504141"},{"taxonomy":"product_cat","embeddable":true,"href":"https:\/\/lucacastelli.com\/fr\/wp-json\/wp\/v2\/product_cat?post=504141"},{"taxonomy":"product_tag","embeddable":true,"href":"https:\/\/lucacastelli.com\/fr\/wp-json\/wp\/v2\/product_tag?post=504141"}],"curies":[{"name":"wp","href":"https:\/\/api.w.org\/{rel}","templated":true}]}}