{"id":504134,"date":"2023-05-27T10:56:03","date_gmt":"2023-05-27T08:56:03","guid":{"rendered":"https:\/\/lucacastelli.com\/prodotto\/as-21-2t-es-demarrage-facile\/"},"modified":"2025-12-01T14:46:00","modified_gmt":"2025-12-01T13:46:00","slug":"as-21-2t-es-demarrage-facile","status":"publish","type":"product","link":"https:\/\/lucacastelli.com\/fr\/produit\/as-21-2t-es-demarrage-facile\/","title":{"rendered":"AS 21 2T ES D\u00e9marrage facile"},"content":{"rendered":"<p>Un v\u00e9ritable amateur de virages : extr\u00eamement maniable gr\u00e2ce au concept \u00e0 3 roues et au moteur bien \u00e9quilibr\u00e9, la maniabilit\u00e9 de notre Allm\u00e4her\u00ae augmente jusqu\u2019\u00e0 51 cm de largeur de coupe. La tondeuse \u00e0 gazon et mulch AS 21 2T ma\u00eetrise bien les pentes raides gr\u00e2ce au puissant moteur 2 temps AS. La conception distinctive \u00e0 3 roues est id\u00e9ale pour tondre ou paillir, m\u00eame dans les plus petits virages et dans les virages serr\u00e9s. Le confort de man\u0153uvre et les d\u00e9tails techniques qui distinguent toutes les tondeuses \u00e0 gazon Allm\u00e4her\u00ae rendent ces tondeuses \u00e0 gazon classiques si populaires, qu\u2019il s\u2019agisse de la barre\/arbre \u00e0 trois paliers ou du frein moteur ou de la roue arri\u00e8re (accessoires).   <\/p>\n","protected":false},"excerpt":{"rendered":"<p>Un v\u00e9ritable amateur de virages : extr\u00eamement maniable gr\u00e2ce au concept \u00e0 3 roues et au moteur bien \u00e9quilibr\u00e9, la<\/p>\n","protected":false},"featured_media":56230,"template":"","meta":{"_seopress_robots_primary_cat":"","_seopress_titles_title":"","_seopress_titles_desc":"","_seopress_robots_index":""},"product_brand":[4372],"product_cat":[29,514,544],"product_tag":[],"class_list":{"0":"post-504134","1":"product","2":"type-product","3":"status-publish","4":"has-post-thumbnail","6":"product_brand-as-motor","7":"product_cat-macchinari","8":"product_cat-altri-dispositivi","9":"product_cat-falciatrici","10":"sws-gruppo-macchinari-fr","11":"sws-conto-ricavi-merci-rivendita-macchinari-fr","12":"sws-gruppo-iva-iva81-fr","14":"first","15":"onbackorder","16":"shipping-taxable","17":"purchasable","18":"product-type-simple"},"_links":{"self":[{"href":"https:\/\/lucacastelli.com\/fr\/wp-json\/wp\/v2\/product\/504134","targetHints":{"allow":["GET"]}}],"collection":[{"href":"https:\/\/lucacastelli.com\/fr\/wp-json\/wp\/v2\/product"}],"about":[{"href":"https:\/\/lucacastelli.com\/fr\/wp-json\/wp\/v2\/types\/product"}],"wp:featuredmedia":[{"embeddable":true,"href":"https:\/\/lucacastelli.com\/fr\/wp-json\/wp\/v2\/media\/56230"}],"wp:attachment":[{"href":"https:\/\/lucacastelli.com\/fr\/wp-json\/wp\/v2\/media?parent=504134"}],"wp:term":[{"taxonomy":"product_brand","embeddable":true,"href":"https:\/\/lucacastelli.com\/fr\/wp-json\/wp\/v2\/product_brand?post=504134"},{"taxonomy":"product_cat","embeddable":true,"href":"https:\/\/lucacastelli.com\/fr\/wp-json\/wp\/v2\/product_cat?post=504134"},{"taxonomy":"product_tag","embeddable":true,"href":"https:\/\/lucacastelli.com\/fr\/wp-json\/wp\/v2\/product_tag?post=504134"}],"curies":[{"name":"wp","href":"https:\/\/api.w.org\/{rel}","templated":true}]}}