{"id":504129,"date":"2023-05-28T15:11:41","date_gmt":"2023-05-28T13:11:41","guid":{"rendered":"https:\/\/lucacastelli.com\/prodotto\/as-21-e-allmaher-ohne-akku-und-ladegerat\/"},"modified":"2025-12-01T14:46:00","modified_gmt":"2025-12-01T13:46:00","slug":"as-21-e-allmaher-ohne-akku-und-ladegerat","status":"publish","type":"product","link":"https:\/\/lucacastelli.com\/fr\/produit\/as-21-e-allmaher-ohne-akku-und-ladegerat\/","title":{"rendered":"AS 21 E Allm\u00e4her (ohne Akku und Ladeger\u00e4t)"},"content":{"rendered":"<p>Maintenant avec entra\u00eenement \u00e9lectrique AS-Motor. Parmi les tondeuses \u00e0 gazon, l\u2019AS 21 est l\u2019un des classiques l\u00e9gendaires d\u2019AS-Motor. Sa conception et ses performances de coupe ont fait leurs preuves dans les vergers europ\u00e9ens depuis des d\u00e9cennies. \u00c9quip\u00e9 du nouveau moteur \u00e9lectrique AS-Motor, il est plus moderne que jamais. Le nouveau moteur \u00e9lectrique AS-Motor de 56 volts a la puissance d\u2019un moteur \u00e0 essence traditionnel de 200 cm3. Il est aliment\u00e9 par deux batteries manuelles professionnelles de 10 Ah chacune. Ensemble, ils fournissent un nombre impressionnant de 1 120 wattheures d\u2019\u00e9nergie. Pour une autonomie maximale, une batterie arri\u00e8re de 28 Ah peut \u00e9galement \u00eatre connect\u00e9e. Avec une r\u00e9serve d\u2019\u00e9nergie record de 2 688 wattheures.<br \/>\nIl convient aux hauteurs d\u2019herbe allant jusqu\u2019\u00e0 60 cm. La tondeuse \u00e0 gazon est \u00e9quip\u00e9e d\u2019un troisi\u00e8me roulement de vilebrequin et de plaques de friction sur la lame pour prot\u00e9ger le moteur en cas de collision avec des corps \u00e9trangers. Les roues motrices profil\u00e9es permettent une bonne propulsion.  <\/p>\n<p>Man\u0153uvrable et confortable gr\u00e2ce \u00e0 la conception \u00e0 3 roues<br \/>\nLa tondeuse \u00e0 gazon \u00e9lectrique AS 21 \u00e0 trois roues vous permet de contourner facilement les obstacles. La grande roue avant pivotante et en m\u00eame temps verrouillable m\u00e9caniquement vous permet de tondre confortablement sur les pentes douces.<br \/>\nLe r\u00e9glage de la hauteur de coupe en quatre \u00e9tapes sur la roue avant et le r\u00e9glage de la hauteur de coupe en deux \u00e9tapes sur les roues arri\u00e8re permettent de r\u00e9gler la machine sur des hauteurs de coupe de 55 \u00e0 80 mm. La tondeuse \u00e0 gazon \u00e9lectrique AS 21 est \u00e9quip\u00e9e d\u2019un guidon confort. Cela vous permet de r\u00e9gler la hauteur et le c\u00f4t\u00e9 du guidon sans utiliser d\u2019outils. L\u2019ensemble du guidon peut \u00eatre pli\u00e9 vers l\u2019avant pour le transport.   <\/p>\n<p>\u00c9COSYST\u00c8ME \u00c9LECTRIQUE<br \/>\n\u00c9tendez vos capacit\u00e9s op\u00e9rationnelles dans toutes les directions avec un \u00c9COSYST\u00c8ME complet. Les batteries AS-Motor Electric sont compatibles avec tous les outils \u00e0 main professionnels d\u2019EGO Powertools. <\/p>\n","protected":false},"excerpt":{"rendered":"<p>Maintenant avec entra\u00eenement \u00e9lectrique AS-Motor. Parmi les tondeuses \u00e0 gazon, l\u2019AS 21 est l\u2019un des classiques l\u00e9gendaires d\u2019AS-Motor. Sa conception<\/p>\n","protected":false},"featured_media":56235,"template":"","meta":{"_seopress_robots_primary_cat":"","_seopress_titles_title":"","_seopress_titles_desc":"","_seopress_robots_index":""},"product_brand":[4372],"product_cat":[29,514,544],"product_tag":[],"class_list":{"0":"post-504129","1":"product","2":"type-product","3":"status-publish","4":"has-post-thumbnail","6":"product_brand-as-motor","7":"product_cat-macchinari","8":"product_cat-altri-dispositivi","9":"product_cat-falciatrici","10":"sws-gruppo-macchinari-fr","11":"sws-conto-ricavi-merci-rivendita-macchinari-fr","12":"sws-gruppo-iva-iva81-fr","14":"first","15":"onbackorder","16":"shipping-taxable","17":"purchasable","18":"product-type-simple"},"_links":{"self":[{"href":"https:\/\/lucacastelli.com\/fr\/wp-json\/wp\/v2\/product\/504129","targetHints":{"allow":["GET"]}}],"collection":[{"href":"https:\/\/lucacastelli.com\/fr\/wp-json\/wp\/v2\/product"}],"about":[{"href":"https:\/\/lucacastelli.com\/fr\/wp-json\/wp\/v2\/types\/product"}],"wp:featuredmedia":[{"embeddable":true,"href":"https:\/\/lucacastelli.com\/fr\/wp-json\/wp\/v2\/media\/56235"}],"wp:attachment":[{"href":"https:\/\/lucacastelli.com\/fr\/wp-json\/wp\/v2\/media?parent=504129"}],"wp:term":[{"taxonomy":"product_brand","embeddable":true,"href":"https:\/\/lucacastelli.com\/fr\/wp-json\/wp\/v2\/product_brand?post=504129"},{"taxonomy":"product_cat","embeddable":true,"href":"https:\/\/lucacastelli.com\/fr\/wp-json\/wp\/v2\/product_cat?post=504129"},{"taxonomy":"product_tag","embeddable":true,"href":"https:\/\/lucacastelli.com\/fr\/wp-json\/wp\/v2\/product_tag?post=504129"}],"curies":[{"name":"wp","href":"https:\/\/api.w.org\/{rel}","templated":true}]}}