{"id":504126,"date":"2023-05-27T10:19:38","date_gmt":"2023-05-27T08:19:38","guid":{"rendered":"https:\/\/lucacastelli.com\/prodotto\/as-21-4t-bs\/"},"modified":"2025-12-01T14:45:59","modified_gmt":"2025-12-01T13:45:59","slug":"as-21-4t-bs","status":"publish","type":"product","link":"https:\/\/lucacastelli.com\/fr\/produit\/as-21-4t-bs\/","title":{"rendered":"AS 21 4T B&amp;S"},"content":{"rendered":"<p>Tonte, paillage, pause d\u00e9jeuner &#8211; avec une largeur de coupe de 51 cm, m\u00eame lorsque le sol se r\u00e9tr\u00e9cit et est en l\u00e9g\u00e8re pente. L\u2019Allm\u00e4her\u00ae est la tondeuse \u00e0 gazon et la tondeuse \u00e0 gazon avec le concept caract\u00e9ristique \u00e0 3 roues. C\u2019est le classique \u00e9prouv\u00e9 d\u2019AS Motor, id\u00e9al pour tondre et broyer dans les plus petits virages et les virages serr\u00e9s. L\u2019Allm\u00e4her\u00ae AS 21 4T B&amp;S est facile \u00e0 conduire, maniable et avance rapidement m\u00eame sur les pentes gr\u00e2ce \u00e0 la puissante propulsion arri\u00e8re de son moteur 4 temps Briggs &amp; Stratton. La lame\/vilebrequin mont\u00e9 sur 3 c\u00f4t\u00e9s, le moteur et le frein de roue arri\u00e8re en option (accessoires) compl\u00e8tent le profil de cette tondeuse.    <\/p>\n","protected":false},"excerpt":{"rendered":"<p>Tonte, paillage, pause d\u00e9jeuner &#8211; avec une largeur de coupe de 51 cm, m\u00eame lorsque le sol se r\u00e9tr\u00e9cit et<\/p>\n","protected":false},"featured_media":56215,"template":"","meta":{"_seopress_robots_primary_cat":"","_seopress_titles_title":"","_seopress_titles_desc":"","_seopress_robots_index":""},"product_brand":[4372],"product_cat":[29,514,544],"product_tag":[],"class_list":{"0":"post-504126","1":"product","2":"type-product","3":"status-publish","4":"has-post-thumbnail","6":"product_brand-as-motor","7":"product_cat-macchinari","8":"product_cat-altri-dispositivi","9":"product_cat-falciatrici","10":"sws-gruppo-macchinari-fr","11":"sws-conto-ricavi-merci-rivendita-macchinari-fr","12":"sws-gruppo-iva-iva81-fr","14":"first","15":"onbackorder","16":"shipping-taxable","17":"purchasable","18":"product-type-simple"},"_links":{"self":[{"href":"https:\/\/lucacastelli.com\/fr\/wp-json\/wp\/v2\/product\/504126","targetHints":{"allow":["GET"]}}],"collection":[{"href":"https:\/\/lucacastelli.com\/fr\/wp-json\/wp\/v2\/product"}],"about":[{"href":"https:\/\/lucacastelli.com\/fr\/wp-json\/wp\/v2\/types\/product"}],"wp:featuredmedia":[{"embeddable":true,"href":"https:\/\/lucacastelli.com\/fr\/wp-json\/wp\/v2\/media\/56215"}],"wp:attachment":[{"href":"https:\/\/lucacastelli.com\/fr\/wp-json\/wp\/v2\/media?parent=504126"}],"wp:term":[{"taxonomy":"product_brand","embeddable":true,"href":"https:\/\/lucacastelli.com\/fr\/wp-json\/wp\/v2\/product_brand?post=504126"},{"taxonomy":"product_cat","embeddable":true,"href":"https:\/\/lucacastelli.com\/fr\/wp-json\/wp\/v2\/product_cat?post=504126"},{"taxonomy":"product_tag","embeddable":true,"href":"https:\/\/lucacastelli.com\/fr\/wp-json\/wp\/v2\/product_tag?post=504126"}],"curies":[{"name":"wp","href":"https:\/\/api.w.org\/{rel}","templated":true}]}}