{"id":504119,"date":"2023-05-27T09:23:58","date_gmt":"2023-05-27T07:23:58","guid":{"rendered":"https:\/\/lucacastelli.com\/prodotto\/as-585-e-km-kreiselmaher-ohne-akku-und-ladegerat\/"},"modified":"2025-12-01T14:45:59","modified_gmt":"2025-12-01T13:45:59","slug":"as-585-e-km-kreiselmaher-ohne-akku-und-ladegerat","status":"publish","type":"product","link":"https:\/\/lucacastelli.com\/fr\/produit\/as-585-e-km-kreiselmaher-ohne-akku-und-ladegerat\/","title":{"rendered":"AS 585 E KM Kreiselm\u00e4her (ohne Akku und Ladeger\u00e4t)"},"content":{"rendered":"<p>Production fourrag\u00e8re simplifi\u00e9e. Avec l\u2019AS 585 E KM, la production de fourrage pour animaux est efficace et rentable. Il fonctionne sur le principe de la tonte au tambour. Il se compose d\u2019un tambour de tonte avec des lames et de la plaque de patinage. La plaque coulissante, qui est mont\u00e9e sous le tambour de tonte, assure un contact parall\u00e8le avec le sol de la faucheuse et d\u00e9termine en m\u00eame temps la hauteur de coupe. Quatre lames oscillantes sont mont\u00e9es sur le tambour de coupe entra\u00een\u00e9 qui coupent l\u2019herbe pr\u00e8s du sol, qui peut avoir une hauteur maximale de 60 cm. La vitesse \u00e9lev\u00e9e du tambour de coupe assure une coupe nette de l\u2019herbe. L\u2019herbe est \u00e9tal\u00e9e en bandes uniformes en rang\u00e9es. Cela permet de les collecter, de les charger et de les transporter rapidement. Avec une largeur de coupe de 62 cm, la tondeuse \u00e0 gazon rotative atteint une cadence allant jusqu\u2019\u00e0 1 500 m\u00b2 par heure.         <\/p>\n<p>Le moteur \u00e9lectrique EGO fournit des r\u00e9serves de puissance suffisantes. Il fournit une puissance maximale de 3,46 kW. L\u2019entra\u00eenement peut \u00eatre engag\u00e9 \u00e0 l\u2019aide d\u2019un levier et permet une vitesse d\u2019avancement de 2,7 km\/h. Sur les terrains plus exigeants ou pour une meilleure propulsion, les roues arri\u00e8re peuvent \u00eatre bloqu\u00e9es manuellement. La barre de guidage peut \u00e9galement \u00eatre ajust\u00e9e \u00e0 des hauteurs de travail individuelles pour assurer un travail confortable. La barre de guidage est pliable. L\u2019AS 585 E KM (65 kg) est donc facile \u00e0 transporter dans la voiture.      <\/p>\n<p>La machine est \u00e9quip\u00e9e de lames de coupe facilement interchangeables qui peuvent \u00eatre utilis\u00e9es des deux c\u00f4t\u00e9s. Les vibrations consid\u00e9rablement r\u00e9duites d\u2019une faucheuse rotative et la robustesse des lames de coupe r\u00e9duisent consid\u00e9rablement les co\u00fbts d\u2019entretien et de r\u00e9paration par rapport \u00e0 une faucheuse \u00e0 poutre. <\/p>\n","protected":false},"excerpt":{"rendered":"<p>Production fourrag\u00e8re simplifi\u00e9e. Avec l\u2019AS 585 E KM, la production de fourrage pour animaux est efficace et rentable. Il fonctionne<\/p>\n","protected":false},"featured_media":56210,"template":"","meta":{"_seopress_robots_primary_cat":"","_seopress_titles_title":"","_seopress_titles_desc":"","_seopress_robots_index":""},"product_brand":[4372],"product_cat":[29,514,544],"product_tag":[],"class_list":{"0":"post-504119","1":"product","2":"type-product","3":"status-publish","4":"has-post-thumbnail","6":"product_brand-as-motor","7":"product_cat-macchinari","8":"product_cat-altri-dispositivi","9":"product_cat-falciatrici","10":"sws-gruppo-macchinari-fr","11":"sws-conto-ricavi-merci-rivendita-macchinari-fr","12":"sws-gruppo-iva-iva81-fr","14":"first","15":"onbackorder","16":"shipping-taxable","17":"purchasable","18":"product-type-simple"},"_links":{"self":[{"href":"https:\/\/lucacastelli.com\/fr\/wp-json\/wp\/v2\/product\/504119","targetHints":{"allow":["GET"]}}],"collection":[{"href":"https:\/\/lucacastelli.com\/fr\/wp-json\/wp\/v2\/product"}],"about":[{"href":"https:\/\/lucacastelli.com\/fr\/wp-json\/wp\/v2\/types\/product"}],"wp:featuredmedia":[{"embeddable":true,"href":"https:\/\/lucacastelli.com\/fr\/wp-json\/wp\/v2\/media\/56210"}],"wp:attachment":[{"href":"https:\/\/lucacastelli.com\/fr\/wp-json\/wp\/v2\/media?parent=504119"}],"wp:term":[{"taxonomy":"product_brand","embeddable":true,"href":"https:\/\/lucacastelli.com\/fr\/wp-json\/wp\/v2\/product_brand?post=504119"},{"taxonomy":"product_cat","embeddable":true,"href":"https:\/\/lucacastelli.com\/fr\/wp-json\/wp\/v2\/product_cat?post=504119"},{"taxonomy":"product_tag","embeddable":true,"href":"https:\/\/lucacastelli.com\/fr\/wp-json\/wp\/v2\/product_tag?post=504119"}],"curies":[{"name":"wp","href":"https:\/\/api.w.org\/{rel}","templated":true}]}}