{"id":504114,"date":"2023-05-27T08:58:46","date_gmt":"2023-05-27T06:58:46","guid":{"rendered":"https:\/\/lucacastelli.com\/prodotto\/as-585-km-kreiselmaher\/"},"modified":"2025-12-01T14:45:59","modified_gmt":"2025-12-01T13:45:59","slug":"as-585-km-kreiselmaher","status":"publish","type":"product","link":"https:\/\/lucacastelli.com\/fr\/produit\/as-585-km-kreiselmaher\/","title":{"rendered":"AS 585 KM Kreiselm\u00e4her"},"content":{"rendered":"<p>Production fourrag\u00e8re simplifi\u00e9e. L\u2019AS 585 KM rend la production de fourrage pour animaux efficace et rentable. Il fonctionne sur le principe de la tondeuse \u00e0 tambour. Il se compose d\u2019un tambour de tonte avec des lames et de la plaque de patinage. La plaque coulissante, qui est mont\u00e9e sous le tambour de tonte, assure un contact parall\u00e8le avec le sol de la faucheuse et d\u00e9termine en m\u00eame temps la hauteur de coupe. Quatre lames oscillantes sont mont\u00e9es sur le tambour de coupe entra\u00een\u00e9 qui coupent l\u2019herbe pr\u00e8s du sol, jusqu\u2019\u00e0 une hauteur de 60 cm. La vitesse \u00e9lev\u00e9e du tambour de coupe assure une coupe nette de l\u2019herbe. L\u2019herbe est \u00e9tal\u00e9e en bandes uniformes en rang\u00e9es. Cela signifie qu\u2019il peut \u00eatre collect\u00e9, charg\u00e9 et transport\u00e9 rapidement. Avec une largeur de coupe de 62 cm, la faucheuse rotative atteint une cadence allant jusqu\u2019\u00e0 1 500 m\u00b2 par heure.         <\/p>\n<p>Le moteur OHV XP 200 4 temps offre une r\u00e9serve de marche suffisante. Le moteur de 196 cm\u00b3 d\u00e9livre une puissance maximale de 4,8 ch. L\u2019entra\u00eenement peut \u00eatre engag\u00e9 \u00e0 l\u2019aide d\u2019un levier et permet une vitesse d\u2019avancement de 2,4 km\/h. Sur les terrains plus exigeants ou pour une meilleure propulsion, les roues arri\u00e8re peuvent \u00eatre bloqu\u00e9es manuellement. La barre de guidage peut \u00e9galement \u00eatre ajust\u00e9e \u00e0 des hauteurs de travail individuelles pour assurer un travail confortable. La barre de guidage est pliable. Cela rend l\u2019AS 585 KM, avec ses 66 kg, facile \u00e0 transporter en voiture.      <\/p>\n<p>La machine est \u00e9quip\u00e9e de lames de coupe facilement interchangeables qui peuvent \u00eatre utilis\u00e9es des deux c\u00f4t\u00e9s. Les vibrations consid\u00e9rablement r\u00e9duites d\u2019une faucheuse rotative et la robustesse des lames de coupe r\u00e9duisent consid\u00e9rablement les co\u00fbts d\u2019entretien et de r\u00e9paration par rapport \u00e0 une faucheuse \u00e0 poutre. <\/p>\n","protected":false},"excerpt":{"rendered":"<p>Production fourrag\u00e8re simplifi\u00e9e. L\u2019AS 585 KM rend la production de fourrage pour animaux efficace et rentable. Il fonctionne sur le<\/p>\n","protected":false},"featured_media":56190,"template":"","meta":{"_seopress_robots_primary_cat":"","_seopress_titles_title":"","_seopress_titles_desc":"","_seopress_robots_index":""},"product_brand":[4372],"product_cat":[29,514,544],"product_tag":[],"class_list":{"0":"post-504114","1":"product","2":"type-product","3":"status-publish","4":"has-post-thumbnail","6":"product_brand-as-motor","7":"product_cat-macchinari","8":"product_cat-altri-dispositivi","9":"product_cat-falciatrici","10":"sws-gruppo-macchinari-fr","11":"sws-conto-ricavi-merci-rivendita-macchinari-fr","12":"sws-gruppo-iva-iva81-fr","14":"first","15":"onbackorder","16":"shipping-taxable","17":"purchasable","18":"product-type-simple"},"_links":{"self":[{"href":"https:\/\/lucacastelli.com\/fr\/wp-json\/wp\/v2\/product\/504114","targetHints":{"allow":["GET"]}}],"collection":[{"href":"https:\/\/lucacastelli.com\/fr\/wp-json\/wp\/v2\/product"}],"about":[{"href":"https:\/\/lucacastelli.com\/fr\/wp-json\/wp\/v2\/types\/product"}],"wp:featuredmedia":[{"embeddable":true,"href":"https:\/\/lucacastelli.com\/fr\/wp-json\/wp\/v2\/media\/56190"}],"wp:attachment":[{"href":"https:\/\/lucacastelli.com\/fr\/wp-json\/wp\/v2\/media?parent=504114"}],"wp:term":[{"taxonomy":"product_brand","embeddable":true,"href":"https:\/\/lucacastelli.com\/fr\/wp-json\/wp\/v2\/product_brand?post=504114"},{"taxonomy":"product_cat","embeddable":true,"href":"https:\/\/lucacastelli.com\/fr\/wp-json\/wp\/v2\/product_cat?post=504114"},{"taxonomy":"product_tag","embeddable":true,"href":"https:\/\/lucacastelli.com\/fr\/wp-json\/wp\/v2\/product_tag?post=504114"}],"curies":[{"name":"wp","href":"https:\/\/api.w.org\/{rel}","templated":true}]}}