{"id":504108,"date":"2023-05-22T18:45:57","date_gmt":"2023-05-22T16:45:57","guid":{"rendered":"https:\/\/lucacastelli.com\/prodotto\/as-1040-yak-4wd-xl\/"},"modified":"2023-05-22T18:45:57","modified_gmt":"2023-05-22T16:45:57","slug":"as-1040-yak-4wd-xl","status":"publish","type":"product","link":"https:\/\/lucacastelli.com\/fr\/produit\/as-1040-yak-4wd-xl\/","title":{"rendered":"AS 1040 YAK 4WD XL"},"content":{"rendered":"<p>Puissant, robuste, \u00e0 l\u2019aise sur les terrains tr\u00e8s difficiles : AS 1040 Yak 4WD XL<br \/>\nLe broyeur automoteur robuste d\u2019AS-Motor est con\u00e7u pour une utilisation intensive sur des terrains accident\u00e9s, accident\u00e9s, bossel\u00e9s et en pente. La tondeuse \u00e0 fl\u00e9aux est capable de broyer sans effort de grands espaces verts, de la v\u00e9g\u00e9tation jusqu\u2019\u00e0 1,5 m\u00e8tre de haut, des broussailles et des d\u00e9chets. Le broyeur convient \u00e0 un usage professionnel par les prestataires de services, les municipalit\u00e9s et l\u2019industrie du jardinage et de l\u2019am\u00e9nagement paysager, entre autres.  <\/p>\n<p>Machine puissante \u00e0 transmission directe par arbre<br \/>\nL\u2019AS 1040 Yak 4 WD est propuls\u00e9e par un moteur bicylindre Briggs &amp; Stratton V-Twin Vanguard. Le moteur horizontal d\u00e9livre une puissance maximale de 23 ch (17,2 kW) avec une cylindr\u00e9e de 627 cm3 et transmet la puissance directement \u00e0 l\u2019arbre \u00e0 fl\u00e9aux via des courroies trap\u00e9zo\u00efdales. L\u2019apport optimal d\u2019air frais est assur\u00e9 par le filtre \u00e0 air cyclonique. Gr\u00e2ce \u00e0 la pompe \u00e0 huile et \u00e0 carburant, le broyeur AS 1040 Yak 4WD est parfaitement \u00e0 l\u2019aise sur les pentes. Gr\u00e2ce \u00e0 la pompe \u00e0 huile et \u00e0 carburant, l\u2019AS 1040 YAK 4WD XL est parfaitement \u00e0 l\u2019aise sur les pistes. Avec ses roues de taille XL, elle a encore plus de garde au sol que l\u2019AS 1040 YAK 4WD.     <\/p>\n<p>Transmission int\u00e9grale continue avec r\u00e9gulateur<br \/>\nde vitesse Gr\u00e2ce \u00e0 la transmission hydrostatique, le broyeur automoteur peut \u00eatre utilis\u00e9 confortablement et en continu avec une vitesse maximale de 7,5 km\/h en marche avant et de 6,8 km\/h en marche arri\u00e8re. La transmission int\u00e9grale permanente assure une propulsion parfaite sur tous les terrains. De plus, le diff\u00e9rentiel de l\u2019essieu arri\u00e8re peut \u00eatre verrouill\u00e9 \u00e0 tout moment \u00e0 l\u2019aide d\u2019une p\u00e9dale. La machine est utilis\u00e9e facilement et confortablement gr\u00e2ce au levier de guidage. Ce levier int\u00e8gre la fonction de frein de stationnement et de r\u00e9gulateur de vitesse. De plus, le frein de stationnement peut \u00eatre activ\u00e9 par une p\u00e9dale.     <\/p>\n<p>\u00c9quip\u00e9e<br \/>\nde 56 fl\u00e9aux en Y et d\u2019une largeur de travail d\u2019un m\u00e8tre, la d\u00e9broussailleuse \u00e0 fl\u00e9aux AS 1040 Yak 4WD XL atteint une surface de production de 7 300 m\u00b2\/h. Le mat\u00e9riau broy\u00e9 est d\u00e9pos\u00e9 uniform\u00e9ment sur toute la largeur de travail. Il y a 7 niveaux disponibles pour s\u00e9lectionner la hauteur de coupe de 30 \u00e0 110 mm. La d\u00e9viation vers le haut du plateau de coupe (plaque flottante) et les fl\u00e9aux en forme de Y sur le rotor \u00e9vitent les dommages en cas de collision avec le rotor. La disposition asym\u00e9trique du corps de tondeuse vous permet de tondre efficacement autour des bords et des obstacles.   <\/p>\n<p>La<br \/>\nposition ergonomique du si\u00e8ge de la machine assure un espace suffisant pour les jambes des utilisateurs jusqu\u2019\u00e0 1,95 m de hauteur. De plus, la longueur du si\u00e8ge baquet peut \u00eatre r\u00e9gl\u00e9e en fonction de l\u2019utilisateur individuel. Le syst\u00e8me de suspension innovant.  <\/p>\n","protected":false},"excerpt":{"rendered":"<p>Puissant, robuste, \u00e0 l\u2019aise sur les terrains tr\u00e8s difficiles : AS 1040 Yak 4WD XL Le broyeur automoteur robuste d\u2019AS-Motor<\/p>\n","protected":false},"featured_media":55971,"template":"","meta":{"_seopress_robots_primary_cat":"","_seopress_titles_title":"","_seopress_titles_desc":"","_seopress_robots_index":""},"product_brand":[4372],"product_cat":[29,262,487],"product_tag":[],"class_list":{"0":"post-504108","1":"product","2":"type-product","3":"status-publish","4":"has-post-thumbnail","6":"product_brand-as-motor","7":"product_cat-macchinari","8":"product_cat-tosaerba-e-robot","9":"product_cat-trattorini-tosaerba","11":"first","12":"onbackorder","13":"shipping-taxable","14":"purchasable","15":"product-type-simple"},"_links":{"self":[{"href":"https:\/\/lucacastelli.com\/fr\/wp-json\/wp\/v2\/product\/504108","targetHints":{"allow":["GET"]}}],"collection":[{"href":"https:\/\/lucacastelli.com\/fr\/wp-json\/wp\/v2\/product"}],"about":[{"href":"https:\/\/lucacastelli.com\/fr\/wp-json\/wp\/v2\/types\/product"}],"wp:featuredmedia":[{"embeddable":true,"href":"https:\/\/lucacastelli.com\/fr\/wp-json\/wp\/v2\/media\/55971"}],"wp:attachment":[{"href":"https:\/\/lucacastelli.com\/fr\/wp-json\/wp\/v2\/media?parent=504108"}],"wp:term":[{"taxonomy":"product_brand","embeddable":true,"href":"https:\/\/lucacastelli.com\/fr\/wp-json\/wp\/v2\/product_brand?post=504108"},{"taxonomy":"product_cat","embeddable":true,"href":"https:\/\/lucacastelli.com\/fr\/wp-json\/wp\/v2\/product_cat?post=504108"},{"taxonomy":"product_tag","embeddable":true,"href":"https:\/\/lucacastelli.com\/fr\/wp-json\/wp\/v2\/product_tag?post=504108"}],"curies":[{"name":"wp","href":"https:\/\/api.w.org\/{rel}","templated":true}]}}