{"id":504105,"date":"2023-05-22T18:30:46","date_gmt":"2023-05-22T16:30:46","guid":{"rendered":"https:\/\/lucacastelli.com\/prodotto\/as-940-sherpa-4wd-xl\/"},"modified":"2025-12-01T14:45:58","modified_gmt":"2025-12-01T13:45:58","slug":"as-940-sherpa-4wd-xl","status":"publish","type":"product","link":"https:\/\/lucacastelli.com\/fr\/produit\/as-940-sherpa-4wd-xl\/","title":{"rendered":"AS 940 Sherpa 4WD XL"},"content":{"rendered":"<p>La tondeuse \u00e0 gazon automotrice \u00e0 4 roues motrices avec garde au sol accrue pour les pistes et les terrains difficiles<br \/>\nTondez confortablement et en toute s\u00e9curit\u00e9 sur les pistes avec l\u2019AS 940 Sherpa 4WD XL. Le moteur 2 cylindres Briggs &amp; Stratton de 724 cm\u00b3 d\u00e9veloppe 27 ch. Gr\u00e2ce \u00e0 la pompe \u00e0 carburant et \u00e0 l\u2019huile moteur, il est parfaitement adapt\u00e9 aux pistes. La tondeuse \u00e0 gazon autoport\u00e9e, avec ses 4 roues motrices permanentes, ses pneus XL (structure agricole), son centre de gravit\u00e9 tr\u00e8s bas et son poids total de seulement 298 kg, offre la s\u00e9curit\u00e9 n\u00e9cessaire sur les pentes. La tondeuse \u00e0 gazon est entra\u00een\u00e9e par une transmission hydrostatique en continu. La transmission hydrostatique vous permet de r\u00e9gler la vitesse de 0 \u00e0 6,7 km\/h en marche avant et de 0 \u00e0 6,5 km\/h en marche arri\u00e8re \u00e0 l\u2019aide du levier d\u2019entra\u00eenement. La transmission hydrostatique est command\u00e9e uniquement par le levier d\u2019entra\u00eenement, qui a quatre fonctions : marche avant et arri\u00e8re, frein de translation et frein de stationnement. Il y a aussi un frein \u00e0 pied. Lorsque vous appliquez ce frein, le levier d\u2019entra\u00eenement se d\u00e9place en position m\u00e9diane. Cela applique automatiquement le frein de stationnement. Dans des conditions extr\u00eames, le verrou de la roue arri\u00e8re peut \u00eatre activ\u00e9 \u00e0 tout moment avec la p\u00e9dale.          <\/p>\n<p>Une conception de barre de coupe tr\u00e8s robuste<br \/>\nL\u2019AS 940 Sherpa 4WD XL est \u00e9quip\u00e9e d\u2019un plateau de coupe avec syst\u00e8me de lames transversales AS et d\u2019une largeur de coupe de 90 cm. Cela signifie qu\u2019il peut tondre jusqu\u2019\u00e0 5 500 m\u00b2\/heure et enherber jusqu\u2019\u00e0 1,5 m de haut. La tondeuse \u00e0 gazon convient \u00e9galement aux broussailles. Le syst\u00e8me de lames crois\u00e9es AS coupe, hache et d\u00e9chiquette en m\u00eame temps. Cela se fait gr\u00e2ce aux lames r\u00e9versibles sur roulements oscillants fix\u00e9es \u00e0 la barre de coupe. Les lames coupent l\u2019herbe, puis la lame de paillage au-dessus du broyeur et la d\u00e9chiquetent. Le plateau de coupe ferm\u00e9, qui d\u00e9pose l\u2019herbe coup\u00e9e \u00e0 l\u2019arri\u00e8re, assure une tonte optimale. Cela garantit la s\u00e9curit\u00e9, en particulier sur les pentes et dans des conditions humides, car l\u2019herbe coup\u00e9e n\u2019est pas roul\u00e9e. Le plateau de coupe avec surface emp\u00eache le soul\u00e8vement des obstacles. Cela permet d\u2019\u00e9viter que la lame ne touche le sol lorsque vous passez sur une bosse, par exemple. Cela prot\u00e8ge les lames et la pelouse tondue. Le r\u00e9glage de la hauteur de coupe est central et \u00e0 ressort. La hauteur de coupe peut \u00eatre r\u00e9gl\u00e9e en 5 positions de 80 \u00e0 135 mm.            <\/p>\n<p>Confort maximal m\u00eame lors de longues journ\u00e9es de travail<br \/>\nLa position assise semblable \u00e0 celle d\u2019un kart permet aux personnes mesurant entre 1,60 et 2,00 m de travailler confortablement. Cela est d\u00fb en partie au long cadre tubulaire int\u00e9gral. De plus, la longueur du si\u00e8ge peut \u00eatre r\u00e9gl\u00e9e individuellement pour chaque utilisateur. Le pack de suspension du si\u00e8ge peut \u00eatre r\u00e9gl\u00e9 en continu en fonction de l\u2019utilisateur individuel. Comme le conducteur est assis \u00ab \u00e0 l\u2019int\u00e9rieur \u00bb de la machine, le centre de gravit\u00e9 bas de l\u2019AS 940 Sherpa 4WD XL reste bas. La tondeuse \u00e0 gazon est \u00e9galement \u00e9quip\u00e9e d\u2019une d\u00e9broussailleuse.     <\/p>\n","protected":false},"excerpt":{"rendered":"<p>La tondeuse \u00e0 gazon automotrice \u00e0 4 roues motrices avec garde au sol accrue pour les pistes et les terrains<\/p>\n","protected":false},"featured_media":55956,"template":"","meta":{"_seopress_robots_primary_cat":"","_seopress_titles_title":"","_seopress_titles_desc":"","_seopress_robots_index":""},"product_brand":[4372],"product_cat":[29,262,487],"product_tag":[],"class_list":{"0":"post-504105","1":"product","2":"type-product","3":"status-publish","4":"has-post-thumbnail","6":"product_brand-as-motor","7":"product_cat-macchinari","8":"product_cat-tosaerba-e-robot","9":"product_cat-trattorini-tosaerba","10":"sws-gruppo-macchinari-fr","11":"sws-conto-ricavi-merci-rivendita-macchinari-fr","12":"sws-gruppo-iva-iva81-fr","14":"first","15":"onbackorder","16":"shipping-taxable","17":"purchasable","18":"product-type-simple"},"_links":{"self":[{"href":"https:\/\/lucacastelli.com\/fr\/wp-json\/wp\/v2\/product\/504105","targetHints":{"allow":["GET"]}}],"collection":[{"href":"https:\/\/lucacastelli.com\/fr\/wp-json\/wp\/v2\/product"}],"about":[{"href":"https:\/\/lucacastelli.com\/fr\/wp-json\/wp\/v2\/types\/product"}],"wp:featuredmedia":[{"embeddable":true,"href":"https:\/\/lucacastelli.com\/fr\/wp-json\/wp\/v2\/media\/55956"}],"wp:attachment":[{"href":"https:\/\/lucacastelli.com\/fr\/wp-json\/wp\/v2\/media?parent=504105"}],"wp:term":[{"taxonomy":"product_brand","embeddable":true,"href":"https:\/\/lucacastelli.com\/fr\/wp-json\/wp\/v2\/product_brand?post=504105"},{"taxonomy":"product_cat","embeddable":true,"href":"https:\/\/lucacastelli.com\/fr\/wp-json\/wp\/v2\/product_cat?post=504105"},{"taxonomy":"product_tag","embeddable":true,"href":"https:\/\/lucacastelli.com\/fr\/wp-json\/wp\/v2\/product_tag?post=504105"}],"curies":[{"name":"wp","href":"https:\/\/api.w.org\/{rel}","templated":true}]}}