{"id":504104,"date":"2023-05-22T18:18:20","date_gmt":"2023-05-22T16:18:20","guid":{"rendered":"https:\/\/lucacastelli.com\/prodotto\/as-920-sherpa-2wd-bs\/"},"modified":"2025-12-01T14:45:58","modified_gmt":"2025-12-01T13:45:58","slug":"as-920-sherpa-2wd-bs","status":"publish","type":"product","link":"https:\/\/lucacastelli.com\/fr\/produit\/as-920-sherpa-2wd-bs\/","title":{"rendered":"AS 920 Sherpa 2WD B&amp;S"},"content":{"rendered":"<p>La tondeuse \u00e0 gazon automotrice rapide et maniable avec blocage de diff\u00e9rentiel pour les pentes mod\u00e9r\u00e9es<br \/>\nPetit rayon de braquage, haute densit\u00e9 de puissance. L\u2019AS 920 Sherpa 2WD se caract\u00e9rise par un rayon de braquage extr\u00eamement petit de seulement 65 cm. Il peut tondre jusqu\u2019\u00e0 9 450 m\u00b2 par heure. Ceci est rendu possible par le puissant moteur 2 cylindres Briggs &amp; Stratton de 724 cm\u00b3 d\u00e9veloppant jusqu\u2019\u00e0 27 ch. La tondeuse \u00e0 gazon est \u00e9galement \u00e9quip\u00e9e d\u2019un corps de tondeuse ferm\u00e9 et affleurant de 90 cm de large. Gr\u00e2ce au plateau ferm\u00e9, la tondeuse \u00e9vite les obstacles en se dirigeant vers le haut. Il est m\u00eame possible de surmonter les bosses, car les lames ne sont pas en contact avec le sol. Les lames et la pelouse tondue sont ainsi efficacement prot\u00e9g\u00e9es. La forme du plateau de coupe vous permet de couper au ras du bord. Les lames transversales assurent un bon paillage. Les lames librement mobiles sur la barre de coupe coupent l\u2019herbe. Les lames de paillage sur le dessus de la barre de coupe brisent et d\u00e9chiquetent l\u2019herbe coup\u00e9e. L\u2019herbe coup\u00e9e se d\u00e9pose au milieu et entre les roues. Cela garantit la s\u00e9curit\u00e9 dans des conditions humides, en particulier sur les pentes. Gr\u00e2ce \u00e0 ce syst\u00e8me de coupe, l\u2019AS 920 Sherpa 2WD est capable de tondre l\u2019herbe jusqu\u2019\u00e0 1,5 m et les broussailles denses. Les cinq hauteurs de coupe de 50 \u00e0 105 mm sont r\u00e9glables au centre et confortables. Un kit de paillage est disponible en option pour un hachage encore plus fin                <\/p>\n<p>Utilisation confortable avec une s\u00e9curit\u00e9<br \/>\naccrue L\u2019AS 920 Sherpa 2WD est \u00e9quip\u00e9e d\u2019une transmission progressive via la transmission hydrostatique. Cela signifie que la tondeuse \u00e0 gazon peut \u00eatre conduite confortablement et pr\u00e9cis\u00e9ment en marche avant de 0 \u00e0 10,5 km\/h et en marche arri\u00e8re de 0 \u00e0 8,2 km\/h. La tondeuse \u00e0 gazon est command\u00e9e par le levier de direction. Particularit\u00e9s : Le levier peut \u00eatre utilis\u00e9 aussi bien pour la marche avant que pour la marche arri\u00e8re. De plus, les fonctions de conduite et de frein de stationnement sont int\u00e9gr\u00e9es dans le levier. Cela rend la conduite de la voiture facile, confortable et s\u00fbre. Dans des conditions difficiles, le blocage de diff\u00e9rentiel, qui peut \u00eatre activ\u00e9 avec la p\u00e9dale, assure une traction et une propulsion optimales.      <\/p>\n<p>Confort et stabilit\u00e9<br \/>\nLe cadre tubulaire int\u00e9gr\u00e9 assure une grande stabilit\u00e9 et une grande r\u00e9sistance \u00e0 la torsion. Cela signifie que l\u2019AS 920 Sherpa 2WD fait son travail de mani\u00e8re fiable, m\u00eame dans des conditions difficiles. De plus, les points de montage sont int\u00e9gr\u00e9s dans le cadre pour un transport en toute s\u00e9curit\u00e9. La position assise de style \u00ab kart \u00bb assure un travail absolument confortable. Les personnes mesurant entre 1,60 m et 1,90 m ont suffisamment d\u2019espace. La position du si\u00e8ge peut \u00eatre ajust\u00e9e en longueur pour permettre une position optimale et confortable pour la taille de chaque individu. De plus, la suspension du si\u00e8ge r\u00e9glable assure une meilleure maniabilit\u00e9 de la tondeuse \u00e0 gazon. La faucheuse lat\u00e9rale combin\u00e9e         <\/p>\n","protected":false},"excerpt":{"rendered":"<p>La tondeuse \u00e0 gazon automotrice rapide et maniable avec blocage de diff\u00e9rentiel pour les pentes mod\u00e9r\u00e9es Petit rayon de braquage,<\/p>\n","protected":false},"featured_media":55946,"template":"","meta":{"_seopress_robots_primary_cat":"","_seopress_titles_title":"","_seopress_titles_desc":"","_seopress_robots_index":""},"product_brand":[4372],"product_cat":[29,262,487],"product_tag":[],"class_list":{"0":"post-504104","1":"product","2":"type-product","3":"status-publish","4":"has-post-thumbnail","6":"product_brand-as-motor","7":"product_cat-macchinari","8":"product_cat-tosaerba-e-robot","9":"product_cat-trattorini-tosaerba","10":"sws-gruppo-macchinari-fr","11":"sws-conto-ricavi-merci-rivendita-macchinari-fr","12":"sws-gruppo-iva-iva81-fr","14":"first","15":"onbackorder","16":"shipping-taxable","17":"purchasable","18":"product-type-simple"},"_links":{"self":[{"href":"https:\/\/lucacastelli.com\/fr\/wp-json\/wp\/v2\/product\/504104","targetHints":{"allow":["GET"]}}],"collection":[{"href":"https:\/\/lucacastelli.com\/fr\/wp-json\/wp\/v2\/product"}],"about":[{"href":"https:\/\/lucacastelli.com\/fr\/wp-json\/wp\/v2\/types\/product"}],"wp:featuredmedia":[{"embeddable":true,"href":"https:\/\/lucacastelli.com\/fr\/wp-json\/wp\/v2\/media\/55946"}],"wp:attachment":[{"href":"https:\/\/lucacastelli.com\/fr\/wp-json\/wp\/v2\/media?parent=504104"}],"wp:term":[{"taxonomy":"product_brand","embeddable":true,"href":"https:\/\/lucacastelli.com\/fr\/wp-json\/wp\/v2\/product_brand?post=504104"},{"taxonomy":"product_cat","embeddable":true,"href":"https:\/\/lucacastelli.com\/fr\/wp-json\/wp\/v2\/product_cat?post=504104"},{"taxonomy":"product_tag","embeddable":true,"href":"https:\/\/lucacastelli.com\/fr\/wp-json\/wp\/v2\/product_tag?post=504104"}],"curies":[{"name":"wp","href":"https:\/\/api.w.org\/{rel}","templated":true}]}}