{"id":504099,"date":"2023-05-22T18:30:17","date_gmt":"2023-05-22T16:30:17","guid":{"rendered":"https:\/\/lucacastelli.com\/prodotto\/as-940-sherpa-4wd\/"},"modified":"2025-12-01T14:45:58","modified_gmt":"2025-12-01T13:45:58","slug":"as-940-sherpa-4wd","status":"publish","type":"product","link":"https:\/\/lucacastelli.com\/fr\/produit\/as-940-sherpa-4wd\/","title":{"rendered":"AS 940 Sherpa 4WD"},"content":{"rendered":"<p>La tondeuse \u00e0 gazon \u00e0 traction int\u00e9grale permanente la plus l\u00e9g\u00e8re de sa cat\u00e9gorie<br \/>\nL\u2019AS 940 Sherpa 4WD vous permet de tondre m\u00eame dans les zones difficiles. \u00c9quip\u00e9e d\u2019un moteur Briggs &amp; Startton adapt\u00e9 aux pistes avec pompe \u00e0 carburant et \u00e0 huile, l\u2019AS 940 Sherpa 4WD est facile \u00e0 conduire m\u00eame sur les pentes. En plus d\u2019une excellente conduite, la transmission int\u00e9grale permanente assure \u00e9galement la s\u00e9curit\u00e9, en particulier sur les pentes : en mont\u00e9e, elles offrent une meilleure traction et, en descente, elles renforcent l\u2019effet de freinage. Le blocage de diff\u00e9rentiel peut \u00eatre verrouill\u00e9 avec la p\u00e9dale pour encore plus de traction. La traction est assur\u00e9e par une transmission hydrostatique qui ne peut \u00eatre contr\u00f4l\u00e9e que par le levier de commande. Particularit\u00e9s : Le levier de commande dispose de quatre fonctions. Par exemple, les mouvements avant et arri\u00e8re, le frein de translation et le frein de stationnement sont command\u00e9s par le levier de commande. De plus, l\u2019AS 940 Sherpa 4WD est \u00e9quip\u00e9 d\u2019une p\u00e9dale de frein. Lorsque la p\u00e9dale de frein est enfonc\u00e9e, le levier de conduite revient en position m\u00e9diane et le frein de stationnement s\u2019enclenche automatiquement. Le moteur 2 cylindres Briggs &amp; Stratton de 724 cm3 d\u00e9veloppe jusqu\u2019\u00e0 27 ch. Puissance suffisante m\u00eame dans des conditions difficiles. Technologie intelligente &#8211; Le plateau de coupe de l\u2019AS 940 Sherpa 4WD est ferm\u00e9 et asphalt\u00e9 et mesure 90 cm de large. Il est \u00e9quip\u00e9 d\u2019un syst\u00e8me sp\u00e9cial de lames crois\u00e9es AS. La barre de coupe, \u00e9quip\u00e9e de lames r\u00e9versibles et oscillantes, mange l\u2019herbe coup\u00e9e, tandis que la lame de paillage au-dessus d\u00e9chiquette et la d\u00e9chiquette. Ce processus est assur\u00e9 par le capot de coupe ferm\u00e9. Cela signifie que vous pouvez tondre jusqu\u2019\u00e0 5 500 m\u00b2\/heure et enherber jusqu\u2019\u00e0 1,5 m de haut. Sur le mod\u00e8le AS 940 Sherpa 4WD, l\u2019herbe coup\u00e9e est \u00e9ject\u00e9e au centre et \u00e0 l\u2019arri\u00e8re entre les roues. Cela garantit une plus grande s\u00e9curit\u00e9, en particulier sur les pentes et sur le mouill\u00e9, car l\u2019herbe coup\u00e9e n\u2019est pas pi\u00e9tin\u00e9e. Un kit de paillage en option peut \u00eatre install\u00e9 pour un paillage encore plus fin. Un autre avantage est la suspension de la surface du carter de la tondeuse. Il permet au plateau de tonte d\u2019\u00e9viter les obstacles par le haut. Par exemple, lorsque vous passez sur des bosses, le corps de la tondeuse se soul\u00e8ve pour \u00e9viter que les lames ne touchent le sol. Cela permet d\u2019\u00e9viter d\u2019endommager la pelouse et les lames. Le r\u00e9glage central de la hauteur de coupe \u00e0 ressort vous permet de choisir facilement entre cinq hauteurs de 50 \u00e0 105 mm.                       <\/p>\n<p>Confort et stabilit\u00e9 dans une seule voiture<br \/>\nLa position assise de style \u00ab&nbsp;go-kart&nbsp;\u00bb assure un travail absolument confortable. Le si\u00e8ge baquet r\u00e9glable en longueur offre une position assise confortable et optimale pour les personnes mesurant entre 1,60 m et 1,90 m. La duret\u00e9 de la suspension du si\u00e8ge peut \u00eatre r\u00e9gl\u00e9e en continu pour s\u2019adapter \u00e0 chaque utilisateur. Le brise-chenilles lat\u00e9ral et la position assise \u00ab \u00e0 l\u2019int\u00e9rieur \u00bb de la machine   <\/p>\n","protected":false},"excerpt":{"rendered":"<p>La tondeuse \u00e0 gazon \u00e0 traction int\u00e9grale permanente la plus l\u00e9g\u00e8re de sa cat\u00e9gorie L\u2019AS 940 Sherpa 4WD vous permet<\/p>\n","protected":false},"featured_media":55951,"template":"","meta":{"_seopress_robots_primary_cat":"","_seopress_titles_title":"","_seopress_titles_desc":"","_seopress_robots_index":""},"product_brand":[4372],"product_cat":[29,262,487],"product_tag":[],"class_list":{"0":"post-504099","1":"product","2":"type-product","3":"status-publish","4":"has-post-thumbnail","6":"product_brand-as-motor","7":"product_cat-macchinari","8":"product_cat-tosaerba-e-robot","9":"product_cat-trattorini-tosaerba","10":"sws-gruppo-macchinari-fr","11":"sws-conto-ricavi-merci-rivendita-macchinari-fr","12":"sws-gruppo-iva-iva81-fr","14":"first","15":"onbackorder","16":"shipping-taxable","17":"purchasable","18":"product-type-simple"},"_links":{"self":[{"href":"https:\/\/lucacastelli.com\/fr\/wp-json\/wp\/v2\/product\/504099","targetHints":{"allow":["GET"]}}],"collection":[{"href":"https:\/\/lucacastelli.com\/fr\/wp-json\/wp\/v2\/product"}],"about":[{"href":"https:\/\/lucacastelli.com\/fr\/wp-json\/wp\/v2\/types\/product"}],"wp:featuredmedia":[{"embeddable":true,"href":"https:\/\/lucacastelli.com\/fr\/wp-json\/wp\/v2\/media\/55951"}],"wp:attachment":[{"href":"https:\/\/lucacastelli.com\/fr\/wp-json\/wp\/v2\/media?parent=504099"}],"wp:term":[{"taxonomy":"product_brand","embeddable":true,"href":"https:\/\/lucacastelli.com\/fr\/wp-json\/wp\/v2\/product_brand?post=504099"},{"taxonomy":"product_cat","embeddable":true,"href":"https:\/\/lucacastelli.com\/fr\/wp-json\/wp\/v2\/product_cat?post=504099"},{"taxonomy":"product_tag","embeddable":true,"href":"https:\/\/lucacastelli.com\/fr\/wp-json\/wp\/v2\/product_tag?post=504099"}],"curies":[{"name":"wp","href":"https:\/\/api.w.org\/{rel}","templated":true}]}}