{"id":504083,"date":"2023-06-21T13:17:32","date_gmt":"2023-06-21T11:17:32","guid":{"rendered":"https:\/\/lucacastelli.com\/prodotto\/fennotex-alpstone-warnschutz-regenuberziehhose\/"},"modified":"2023-06-21T13:17:32","modified_gmt":"2023-06-21T11:17:32","slug":"fennotex-alpstone-warnschutz-regenuberziehhose","status":"publish","type":"product","link":"https:\/\/lucacastelli.com\/fr\/produit\/fennotex-alpstone-warnschutz-regenuberziehhose\/","title":{"rendered":"FENNOTEX Alpstone Warnschutz Regen\u00fcberziehhose"},"content":{"rendered":"<p>&#8211; Tissu 100&nbsp;% imperm\u00e9able &#8211; EN 343 classe 3-2-X<br \/>\n&#8211; Poches sur toute la longueur<br \/>\n&#8211; Fermetures \u00e9clair lat\u00e9rales pour une couverture<br \/>\n facile- Poche m\u00e8tre avec porte-stylo<br \/>\n&#8211; Inserts pr\u00e9form\u00e9s sur les genoux<br \/>\n&#8211; Bandes r\u00e9fl\u00e9chissantes segment\u00e9es et extensibles pour plus de confort<br \/>\n&#8211; Classe de protection haute visibilit\u00e9 2 &#8211; groupe HV Z<\/p>\n<p>mat\u00e9riau&nbsp;: 100&nbsp;% polyester avec membrane PU, env. 210g\/m\u00b2<\/p>\n","protected":false},"excerpt":{"rendered":"<p>&#8211; Tissu 100&nbsp;% imperm\u00e9able &#8211; EN 343 classe 3-2-X &#8211; Poches sur toute la longueur &#8211; Fermetures \u00e9clair lat\u00e9rales pour<\/p>\n","protected":false},"featured_media":44760,"template":"","meta":{"_seopress_robots_primary_cat":"","_seopress_titles_title":"","_seopress_titles_desc":"","_seopress_robots_index":""},"product_brand":[4454],"product_cat":[81,1381],"product_tag":[],"class_list":{"0":"post-504083","1":"product","2":"type-product","3":"status-publish","4":"has-post-thumbnail","6":"product_brand-alpstone-fr","7":"product_cat-vetements","8":"product_cat-vetements-de-travail","10":"first","11":"instock","12":"shipping-taxable","13":"purchasable","14":"product-type-variable"},"_links":{"self":[{"href":"https:\/\/lucacastelli.com\/fr\/wp-json\/wp\/v2\/product\/504083","targetHints":{"allow":["GET"]}}],"collection":[{"href":"https:\/\/lucacastelli.com\/fr\/wp-json\/wp\/v2\/product"}],"about":[{"href":"https:\/\/lucacastelli.com\/fr\/wp-json\/wp\/v2\/types\/product"}],"wp:featuredmedia":[{"embeddable":true,"href":"https:\/\/lucacastelli.com\/fr\/wp-json\/wp\/v2\/media\/44760"}],"wp:attachment":[{"href":"https:\/\/lucacastelli.com\/fr\/wp-json\/wp\/v2\/media?parent=504083"}],"wp:term":[{"taxonomy":"product_brand","embeddable":true,"href":"https:\/\/lucacastelli.com\/fr\/wp-json\/wp\/v2\/product_brand?post=504083"},{"taxonomy":"product_cat","embeddable":true,"href":"https:\/\/lucacastelli.com\/fr\/wp-json\/wp\/v2\/product_cat?post=504083"},{"taxonomy":"product_tag","embeddable":true,"href":"https:\/\/lucacastelli.com\/fr\/wp-json\/wp\/v2\/product_tag?post=504083"}],"curies":[{"name":"wp","href":"https:\/\/api.w.org\/{rel}","templated":true}]}}