{"id":504028,"date":"2023-09-28T07:29:09","date_gmt":"2023-09-28T05:29:09","guid":{"rendered":"https:\/\/lucacastelli.com\/prodotto\/ariens-st-24-compact-rapid-track\/"},"modified":"2025-07-22T21:21:51","modified_gmt":"2025-07-22T19:21:51","slug":"ariens-st-24-compact-rapid-track","status":"publish","type":"product","link":"https:\/\/lucacastelli.com\/fr\/produit\/ariens-st-24-compact-rapid-track\/","title":{"rendered":"ARIENS ST 24 Compact Rapid Track"},"content":{"rendered":"<p>Le design attrayant des mod\u00e8les ARIENS a \u00e9t\u00e9 peaufin\u00e9 pour une ergonomie parfaite. La transmission \u00e0 chargement par le haut en fonte, facile \u00e0 entretenir, assure une meilleure transmission de la puissance et une dur\u00e9e de vie plus longue que les transmissions conventionnelles. Selon le mod\u00e8le, de nombreuses caract\u00e9ristiques pratiques garantissent une manipulation confortable et les meilleures performances de d\u00e9blayage. Le blocage de diff\u00e9rentiel Auto Turn transf\u00e8re toujours la puissance \u00e0 la roue ext\u00e9rieure dans les virages. Les man\u0153uvres deviennent ainsi un jeu d&#8217;enfant.    <\/p>\n","protected":false},"excerpt":{"rendered":"<p>Le design attrayant des mod\u00e8les ARIENS a \u00e9t\u00e9 peaufin\u00e9 pour une ergonomie parfaite. La transmission \u00e0 chargement par le haut<\/p>\n","protected":false},"featured_media":57291,"template":"","meta":{"_seopress_robots_primary_cat":"","_seopress_titles_title":"","_seopress_titles_desc":"","_seopress_robots_index":""},"product_brand":[4391],"product_cat":[29,514,559],"product_tag":[],"class_list":{"0":"post-504028","1":"product","2":"type-product","3":"status-publish","4":"has-post-thumbnail","6":"product_brand-ariens","7":"product_cat-macchinari","8":"product_cat-altri-dispositivi","9":"product_cat-frese-neve","11":"first","12":"onbackorder","13":"shipping-taxable","14":"purchasable","15":"product-type-simple"},"_links":{"self":[{"href":"https:\/\/lucacastelli.com\/fr\/wp-json\/wp\/v2\/product\/504028","targetHints":{"allow":["GET"]}}],"collection":[{"href":"https:\/\/lucacastelli.com\/fr\/wp-json\/wp\/v2\/product"}],"about":[{"href":"https:\/\/lucacastelli.com\/fr\/wp-json\/wp\/v2\/types\/product"}],"wp:featuredmedia":[{"embeddable":true,"href":"https:\/\/lucacastelli.com\/fr\/wp-json\/wp\/v2\/media\/57291"}],"wp:attachment":[{"href":"https:\/\/lucacastelli.com\/fr\/wp-json\/wp\/v2\/media?parent=504028"}],"wp:term":[{"taxonomy":"product_brand","embeddable":true,"href":"https:\/\/lucacastelli.com\/fr\/wp-json\/wp\/v2\/product_brand?post=504028"},{"taxonomy":"product_cat","embeddable":true,"href":"https:\/\/lucacastelli.com\/fr\/wp-json\/wp\/v2\/product_cat?post=504028"},{"taxonomy":"product_tag","embeddable":true,"href":"https:\/\/lucacastelli.com\/fr\/wp-json\/wp\/v2\/product_tag?post=504028"}],"curies":[{"name":"wp","href":"https:\/\/api.w.org\/{rel}","templated":true}]}}