{"id":504023,"date":"2026-02-03T07:29:58","date_gmt":"2026-02-03T06:29:58","guid":{"rendered":"https:\/\/lucacastelli.com\/prodotto\/ariens-st-24-deluxe\/"},"modified":"2026-02-27T13:46:30","modified_gmt":"2026-02-27T12:46:30","slug":"ariens-st-24-deluxe","status":"publish","type":"product","link":"https:\/\/lucacastelli.com\/fr\/produit\/ariens-st-24-deluxe\/","title":{"rendered":"Ariens ST 24 Deluxe souffleuse \u00e0 neige"},"content":{"rendered":"<p>Le design attrayant des mod\u00e8les Ariens a \u00e9t\u00e9 con\u00e7u pour garantir une ergonomie parfaite. La transmission Top-Load en fonte, facile d&#8217;entretien, garantit une meilleure transmission de la puissance et une dur\u00e9e de vie sup\u00e9rieure aux transmissions traditionnelles. Selon le mod\u00e8le, de nombreux d\u00e9tails pratiques d&#8217;\u00e9quipement assurent une maniabilit\u00e9 confortable et des performances de d\u00e9neigement optimales. Ce mod\u00e8le \u00e9tant \u00e9quip\u00e9 de phares de travail, il est possible de transformer la nuit en jour si n\u00e9cessaire. Le blocage automatique du diff\u00e9rentiel Auto Turn transf\u00e8re toujours la puissance \u00e0 la roue ext\u00e9rieure en virage. Les man\u0153uvres deviennent ainsi un jeu d&#8217;enfant.     <\/p>\n","protected":false},"excerpt":{"rendered":"<p>Le design attrayant des mod\u00e8les Ariens a \u00e9t\u00e9 con\u00e7u pour garantir une ergonomie parfaite. La transmission Top-Load en fonte, facile<\/p>\n","protected":false},"featured_media":57298,"template":"","meta":{"_seopress_robots_primary_cat":"none","_seopress_titles_title":"","_seopress_titles_desc":"","_seopress_robots_index":""},"product_brand":[4457],"product_cat":[1453,1507,167],"product_tag":[],"class_list":{"0":"post-504023","1":"product","2":"type-product","3":"status-publish","4":"has-post-thumbnail","6":"product_brand-ariens-fr","7":"product_cat-autres-appareils","8":"product_cat-lance-neige","9":"product_cat-machines","11":"first","12":"instock","13":"sale","14":"shipping-taxable","15":"purchasable","16":"product-type-simple"},"_links":{"self":[{"href":"https:\/\/lucacastelli.com\/fr\/wp-json\/wp\/v2\/product\/504023","targetHints":{"allow":["GET"]}}],"collection":[{"href":"https:\/\/lucacastelli.com\/fr\/wp-json\/wp\/v2\/product"}],"about":[{"href":"https:\/\/lucacastelli.com\/fr\/wp-json\/wp\/v2\/types\/product"}],"wp:featuredmedia":[{"embeddable":true,"href":"https:\/\/lucacastelli.com\/fr\/wp-json\/wp\/v2\/media\/57298"}],"wp:attachment":[{"href":"https:\/\/lucacastelli.com\/fr\/wp-json\/wp\/v2\/media?parent=504023"}],"wp:term":[{"taxonomy":"product_brand","embeddable":true,"href":"https:\/\/lucacastelli.com\/fr\/wp-json\/wp\/v2\/product_brand?post=504023"},{"taxonomy":"product_cat","embeddable":true,"href":"https:\/\/lucacastelli.com\/fr\/wp-json\/wp\/v2\/product_cat?post=504023"},{"taxonomy":"product_tag","embeddable":true,"href":"https:\/\/lucacastelli.com\/fr\/wp-json\/wp\/v2\/product_tag?post=504023"}],"curies":[{"name":"wp","href":"https:\/\/api.w.org\/{rel}","templated":true}]}}