{"id":504001,"date":"2026-02-02T07:27:52","date_gmt":"2026-02-02T06:27:52","guid":{"rendered":"https:\/\/lucacastelli.com\/prodotto\/ariens-st-24-classique\/"},"modified":"2026-02-27T13:47:19","modified_gmt":"2026-02-27T12:47:19","slug":"ariens-st-24-classique","status":"publish","type":"product","link":"https:\/\/lucacastelli.com\/fr\/produit\/ariens-st-24-classique\/","title":{"rendered":"Ariens ST 24 Classic souffleuse \u00e0 neige"},"content":{"rendered":"<p>Avec une largeur de travail de 60 cm et une production horaire allant jusqu&#8217;\u00e0 58 tonnes de neige, cette \u00ab petite \u00bb turbine \u00e0 neige est vraiment grande. De plus, elle est \u00e9quip\u00e9e de la nouvelle transmission \u00ab Top-Load \u00bb en fonte facile \u00e0 entretenir. Selon le mod\u00e8le, une s\u00e9rie de d\u00e9tails d&#8217;\u00e9quipement pratiques assurent une maniabilit\u00e9 confortable et des performances optimales de d\u00e9neigement.  <\/p>\n<p>CARACT\u00c9RISTIQUES TECHNIQUES<\/p>\n<p>&#8211; CODE 920328<\/p>\n<p>&#8211; MOD\u00c8LE Classic 24<\/p>\n<p>&#8211; PUISSANCE DE LA MACHINE 4,8 kW, Snotek 208 cc<\/p>\n<p>&#8211; D\u00e9marreur manuel \u00e0 rappel, 220 v<\/p>\n<p>&#8211; Poign\u00e9es chauffantes Non<\/p>\n<p>&#8211; FARO Non<\/p>\n<p>&#8211; NOMBRE DE VITESSES 6+2<\/p>\n<p>&#8211; BLOC DIFFERENTIEL Bouchon encliquetable<\/p>\n<p>&#8211; MILLER CM 61&#215;50<\/p>\n<p>&#8211; DIAM\u00c8TRE TARI\u00c8RE 28 cm<\/p>\n<p>&#8211; DIAM\u00c8TRE TURBINE 30 cm<\/p>\n<p>&#8211; POIDS 81 Kg<\/p>\n<p>&#8211; COURROIES DE COUPE 1<\/p>\n<p>&#8211; TRACTION Roues 13&#215;4<\/p>\n","protected":false},"excerpt":{"rendered":"<p>Avec une largeur de travail de 60 cm et une production horaire allant jusqu&#8217;\u00e0 58 tonnes de neige, cette \u00ab<\/p>\n","protected":false},"featured_media":57283,"template":"","meta":{"_seopress_robots_primary_cat":"none","_seopress_titles_title":"","_seopress_titles_desc":"","_seopress_robots_index":""},"product_brand":[4391],"product_cat":[29,514,559],"product_tag":[],"class_list":{"0":"post-504001","1":"product","2":"type-product","3":"status-publish","4":"has-post-thumbnail","6":"product_brand-ariens","7":"product_cat-macchinari","8":"product_cat-altri-dispositivi","9":"product_cat-frese-neve","11":"first","12":"instock","13":"sale","14":"shipping-taxable","15":"purchasable","16":"product-type-simple"},"_links":{"self":[{"href":"https:\/\/lucacastelli.com\/fr\/wp-json\/wp\/v2\/product\/504001","targetHints":{"allow":["GET"]}}],"collection":[{"href":"https:\/\/lucacastelli.com\/fr\/wp-json\/wp\/v2\/product"}],"about":[{"href":"https:\/\/lucacastelli.com\/fr\/wp-json\/wp\/v2\/types\/product"}],"wp:featuredmedia":[{"embeddable":true,"href":"https:\/\/lucacastelli.com\/fr\/wp-json\/wp\/v2\/media\/57283"}],"wp:attachment":[{"href":"https:\/\/lucacastelli.com\/fr\/wp-json\/wp\/v2\/media?parent=504001"}],"wp:term":[{"taxonomy":"product_brand","embeddable":true,"href":"https:\/\/lucacastelli.com\/fr\/wp-json\/wp\/v2\/product_brand?post=504001"},{"taxonomy":"product_cat","embeddable":true,"href":"https:\/\/lucacastelli.com\/fr\/wp-json\/wp\/v2\/product_cat?post=504001"},{"taxonomy":"product_tag","embeddable":true,"href":"https:\/\/lucacastelli.com\/fr\/wp-json\/wp\/v2\/product_tag?post=504001"}],"curies":[{"name":"wp","href":"https:\/\/api.w.org\/{rel}","templated":true}]}}