{"id":503961,"date":"2023-07-19T11:24:23","date_gmt":"2023-07-19T09:24:23","guid":{"rendered":"https:\/\/lucacastelli.com\/prodotto\/pantalon-montura-118-evo-2-0\/"},"modified":"2026-03-01T00:24:53","modified_gmt":"2026-02-28T23:24:53","slug":"pantalon-montura-118-evo-2-0","status":"publish","type":"product","link":"https:\/\/lucacastelli.com\/fr\/produit\/pantalon-montura-118-evo-2-0\/","title":{"rendered":"PANTALON MONTURA 118 EVO 2.0"},"content":{"rendered":"<p>\u2022 Pantalon unisexe<br \/>\n\u2022 Tissu en nylon extensible dans les 4 sens avec traitement DWR et r\u00e9sistance \u00e0 l\u2019abrasion<br \/>\n\u2022 Genouill\u00e8res rembourr\u00e9es en feutre<br \/>\n\u2022 Bandes segment\u00e9es r\u00e9fl\u00e9chissantes<br \/>\n\u2022 Ceinture \u00e9lastique avec passants de ceinture, bouton, fermeture \u00e9clair et velcro<br \/>\n\u2022 Poches pour les mains, poches lat\u00e9rales, poches pour mollets et poche arri\u00e8re, toutes avec fermeture \u00e9clair<br \/>\n\u2022 Ourlet r\u00e9glable<br \/>\n\u2022 S\u2019attache sous les chaussures<br \/>\n\u2022 Pr\u00e9paration \u00e0 toute urgence (au sol ou lors de sauvetages en h\u00e9licopt\u00e8re)<\/p>\n","protected":false},"excerpt":{"rendered":"<p>\u2022 Pantalon unisexe \u2022 Tissu en nylon extensible dans les 4 sens avec traitement DWR et r\u00e9sistance \u00e0 l\u2019abrasion \u2022<\/p>\n","protected":false},"featured_media":44784,"template":"","meta":{"_seopress_robots_primary_cat":"","_seopress_titles_title":"","_seopress_titles_desc":"","_seopress_robots_index":""},"product_brand":[4393],"product_cat":[21,284],"product_tag":[],"class_list":{"0":"post-503961","1":"product","2":"type-product","3":"status-publish","4":"has-post-thumbnail","6":"product_brand-montura","7":"product_cat-abbigliamento","8":"product_cat-abbigliamento-da-lavoro","10":"first","11":"instock","12":"shipping-taxable","13":"purchasable","14":"product-type-variable"},"_links":{"self":[{"href":"https:\/\/lucacastelli.com\/fr\/wp-json\/wp\/v2\/product\/503961","targetHints":{"allow":["GET"]}}],"collection":[{"href":"https:\/\/lucacastelli.com\/fr\/wp-json\/wp\/v2\/product"}],"about":[{"href":"https:\/\/lucacastelli.com\/fr\/wp-json\/wp\/v2\/types\/product"}],"wp:featuredmedia":[{"embeddable":true,"href":"https:\/\/lucacastelli.com\/fr\/wp-json\/wp\/v2\/media\/44784"}],"wp:attachment":[{"href":"https:\/\/lucacastelli.com\/fr\/wp-json\/wp\/v2\/media?parent=503961"}],"wp:term":[{"taxonomy":"product_brand","embeddable":true,"href":"https:\/\/lucacastelli.com\/fr\/wp-json\/wp\/v2\/product_brand?post=503961"},{"taxonomy":"product_cat","embeddable":true,"href":"https:\/\/lucacastelli.com\/fr\/wp-json\/wp\/v2\/product_cat?post=503961"},{"taxonomy":"product_tag","embeddable":true,"href":"https:\/\/lucacastelli.com\/fr\/wp-json\/wp\/v2\/product_tag?post=503961"}],"curies":[{"name":"wp","href":"https:\/\/api.w.org\/{rel}","templated":true}]}}