{"id":503946,"date":"2023-05-23T13:46:49","date_gmt":"2023-05-23T11:46:49","guid":{"rendered":"https:\/\/lucacastelli.com\/prodotto\/ariens-ikon-xd-42-kawasaki\/"},"modified":"2025-07-22T21:19:36","modified_gmt":"2025-07-22T19:19:36","slug":"ariens-ikon-xd-42-kawasaki","status":"publish","type":"product","link":"https:\/\/lucacastelli.com\/fr\/produit\/ariens-ikon-xd-42-kawasaki\/","title":{"rendered":"ARIENS Ikon XD 42 (Kawasaki)"},"content":{"rendered":"<p>L&#8217;IC\u00d4NE DES TONDEUSES Z\u00c9RO.<br \/>\nAvec son ch\u00e2ssis en tubes d&#8217;acier enti\u00e8rement soud\u00e9s et sa largeur de coupe de 107 cm, l&#8217;IKON XD 42 est id\u00e9ale pour les jardins de toutes tailles. En termes d&#8217;\u00e9quipement, l&#8217;IKON XD s&#8217;inspire de ses s\u0153urs professionnelles. Le si\u00e8ge particuli\u00e8rement confortable avec dossier haut et les pneus extra-larges garantissent une conduite confortable m\u00eame pendant plusieurs heures.  <\/p>\n<p>Moteur : Kawasaki 726 cm3<br \/>\nVitesse : 11,2 km\/h en marche avant \/ 4,8 km\/h en marche arri\u00e8re<br \/>\nHauteur de coupe : 3,8 &#8211; 11,4 cm (13 niveaux)<br \/>\nEchappement : lat\u00e9ral<br \/>\nPoids : 270 kg<br \/>\nDimensions LxLxH : 197 x 138 x 102 cm<\/p>\n","protected":false},"excerpt":{"rendered":"<p>L&#8217;IC\u00d4NE DES TONDEUSES Z\u00c9RO. Avec son ch\u00e2ssis en tubes d&#8217;acier enti\u00e8rement soud\u00e9s et sa largeur de coupe de 107 cm,<\/p>\n","protected":false},"featured_media":56020,"template":"","meta":{"_seopress_robots_primary_cat":"","_seopress_titles_title":"","_seopress_titles_desc":"","_seopress_robots_index":""},"product_brand":[4457],"product_cat":[167,1669,1657],"product_tag":[],"class_list":{"0":"post-503946","1":"product","2":"type-product","3":"status-publish","4":"has-post-thumbnail","6":"product_brand-ariens-fr","7":"product_cat-machines","8":"product_cat-tondeuses-a-rayon-de-braquage-zero","9":"product_cat-tondeuses-et-robots","11":"first","12":"onbackorder","13":"shipping-taxable","14":"purchasable","15":"product-type-simple"},"_links":{"self":[{"href":"https:\/\/lucacastelli.com\/fr\/wp-json\/wp\/v2\/product\/503946","targetHints":{"allow":["GET"]}}],"collection":[{"href":"https:\/\/lucacastelli.com\/fr\/wp-json\/wp\/v2\/product"}],"about":[{"href":"https:\/\/lucacastelli.com\/fr\/wp-json\/wp\/v2\/types\/product"}],"wp:featuredmedia":[{"embeddable":true,"href":"https:\/\/lucacastelli.com\/fr\/wp-json\/wp\/v2\/media\/56020"}],"wp:attachment":[{"href":"https:\/\/lucacastelli.com\/fr\/wp-json\/wp\/v2\/media?parent=503946"}],"wp:term":[{"taxonomy":"product_brand","embeddable":true,"href":"https:\/\/lucacastelli.com\/fr\/wp-json\/wp\/v2\/product_brand?post=503946"},{"taxonomy":"product_cat","embeddable":true,"href":"https:\/\/lucacastelli.com\/fr\/wp-json\/wp\/v2\/product_cat?post=503946"},{"taxonomy":"product_tag","embeddable":true,"href":"https:\/\/lucacastelli.com\/fr\/wp-json\/wp\/v2\/product_tag?post=503946"}],"curies":[{"name":"wp","href":"https:\/\/api.w.org\/{rel}","templated":true}]}}