{"id":503944,"date":"2023-05-23T13:29:01","date_gmt":"2023-05-23T11:29:01","guid":{"rendered":"https:\/\/lucacastelli.com\/prodotto\/ariens-bord-34\/"},"modified":"2025-07-22T21:19:36","modified_gmt":"2025-07-22T19:19:36","slug":"ariens-bord-34","status":"publish","type":"product","link":"https:\/\/lucacastelli.com\/fr\/produit\/ariens-bord-34\/","title":{"rendered":"ARIENS Edge 34"},"content":{"rendered":"<p>Il est temps de mieux couper<br \/>\nD\u00e9couvrez le confort et la polyvalence d&#8217;une tondeuse \u00e0 rayon de braquage z\u00e9ro avec la qualit\u00e9 et les performances que vous attendez d&#8217;une tondeuse ARIENS. Les commandes intuitives de l&#8217;EDGE vous permettent de man\u0153uvrer presque sans effort dans, autour et \u00e0 travers les petits jardins, pour une coupe rapide et nette. Cr\u00e9ez une pelouse parfaitement manucur\u00e9e avec plaisir et utilisez le temps gagn\u00e9 pour d&#8217;autres choses gr\u00e2ce \u00e0 la l\u00e9gendaire technologie Zero Turn d&#8217;ARIENS.  <\/p>\n<p>Moteur : ARIENS 635 cm3<br \/>\nVitesse : 9,6 km\/h en marche avant \/ 4,8 km\/h en marche arri\u00e8re<br \/>\nHauteur de coupe : 3,8 &#8211; 11,4 cm (7 niveaux)<br \/>\nEchappement : lat\u00e9ral<br \/>\nPoids : 203 kg<br \/>\nDimensions LxLxH : 173 x 114 x 100 cm<\/p>\n","protected":false},"excerpt":{"rendered":"<p>Il est temps de mieux couper D\u00e9couvrez le confort et la polyvalence d&#8217;une tondeuse \u00e0 rayon de braquage z\u00e9ro avec<\/p>\n","protected":false},"featured_media":56005,"template":"","meta":{"_seopress_robots_primary_cat":"","_seopress_titles_title":"","_seopress_titles_desc":"","_seopress_robots_index":""},"product_brand":[4457],"product_cat":[167,1669,1657],"product_tag":[],"class_list":{"0":"post-503944","1":"product","2":"type-product","3":"status-publish","4":"has-post-thumbnail","6":"product_brand-ariens-fr","7":"product_cat-machines","8":"product_cat-tondeuses-a-rayon-de-braquage-zero","9":"product_cat-tondeuses-et-robots","11":"first","12":"onbackorder","13":"shipping-taxable","14":"purchasable","15":"product-type-simple"},"_links":{"self":[{"href":"https:\/\/lucacastelli.com\/fr\/wp-json\/wp\/v2\/product\/503944","targetHints":{"allow":["GET"]}}],"collection":[{"href":"https:\/\/lucacastelli.com\/fr\/wp-json\/wp\/v2\/product"}],"about":[{"href":"https:\/\/lucacastelli.com\/fr\/wp-json\/wp\/v2\/types\/product"}],"wp:featuredmedia":[{"embeddable":true,"href":"https:\/\/lucacastelli.com\/fr\/wp-json\/wp\/v2\/media\/56005"}],"wp:attachment":[{"href":"https:\/\/lucacastelli.com\/fr\/wp-json\/wp\/v2\/media?parent=503944"}],"wp:term":[{"taxonomy":"product_brand","embeddable":true,"href":"https:\/\/lucacastelli.com\/fr\/wp-json\/wp\/v2\/product_brand?post=503944"},{"taxonomy":"product_cat","embeddable":true,"href":"https:\/\/lucacastelli.com\/fr\/wp-json\/wp\/v2\/product_cat?post=503944"},{"taxonomy":"product_tag","embeddable":true,"href":"https:\/\/lucacastelli.com\/fr\/wp-json\/wp\/v2\/product_tag?post=503944"}],"curies":[{"name":"wp","href":"https:\/\/api.w.org\/{rel}","templated":true}]}}