{"id":503930,"date":"2022-06-13T08:05:45","date_gmt":"2022-06-13T06:05:45","guid":{"rendered":"https:\/\/lucacastelli.com\/prodotto\/vallorbe-aiguiseur-automatique-v-chene\/"},"modified":"2022-06-13T08:05:45","modified_gmt":"2022-06-13T06:05:45","slug":"vallorbe-aiguiseur-automatique-v-chene","status":"publish","type":"product","link":"https:\/\/lucacastelli.com\/fr\/produit\/vallorbe-aiguiseur-automatique-v-chene\/","title":{"rendered":"VALLORBE Aiguiseur automatique V CH\u00caNE"},"content":{"rendered":"<p>Compos\u00e9 de :<\/p>\n<p>1x unit\u00e9 de contr\u00f4le automatique<br \/>\nde l\u2019aff\u00fbtage 1x alimentation 110-240V et 4 prises d\u2019alimentation (EU, US, UK et AU)<\/p>\n<p>1x Tendeur de cha\u00eene 1x Jeu de guides de limes (sans limes rondes) compos\u00e9 de :<br \/>\n&#8211; 2 tailles de guides : \u00d8 1\/8&#8221; (3,2mm) \u00d8 5\/32&#8221; (4,0mm)<br \/>\n&#8211; 2 tailles de guides de limes : \u00d8 11\/64&#8221; (4,5mm) \u00d8 3\/16&#8221; (4,8mm)<br \/>\n&#8211; 2 tailles de guides : \u00d8 13\/64&#8221; (5,2mm) \u00d8 7\/32&#8221; (5,5mm)<br \/>\n&#8211; 6 rang\u00e9es plates (install\u00e9es sur les guides de limes)<br \/>\n&#8211; Goupilles d\u2019identification avec 12 rang\u00e9es de diam\u00e8tre<\/p>\n<p>3x Entra\u00eenements par cha\u00eene pour pas .404&nbsp;\u00bb, 1\/4&nbsp;\u00bb &#8211; 3\/8&nbsp;\u00bb &#8211; .325&nbsp;\u00bb et 1\/4&nbsp;\u00bb LP (PEAK)<br \/>\n2x Protections lat\u00e9rales de s\u00e9curit\u00e9<br \/>\n4x Vis M3<br \/>\n4x \u00c9crous M3<br \/>\n1x Cl\u00e9 \u00e0 fourche<br \/>\n1x C\u00e2ble USB-Mini B pour mise \u00e0 jour logicielle<br \/>\n1x Marqueur noir<br \/>\n1x Kit manuel  <\/p>\n<p>Description du syst\u00e8me :<\/p>\n<p>\u2022 Aff\u00fbtage pr\u00e9cis, utilisation de limes rondes et plates<br \/>\n&#8211; Aff\u00fbtage gauche\/droite<br \/>\n&#8211; Aff\u00fbtage du limiteur de profondeur en parall\u00e8le de l\u2019aff\u00fbtage des dents<br \/>\n&#8211; S\u00e9lection du nombre de coups de lime et de la force appliqu\u00e9e<br \/>\n&#8211; Temps d\u2019installation tr\u00e8s court (moins d\u2019une minute)<br \/>\n&#8211; Programmation simple et intuitive<br \/>\n&#8211; Faible co\u00fbt des consommables<br \/>\n&#8211; Maintenance facile &#8211; Alimentation 12VDC\/24VDC ou 110VAC\/220 VAC<br \/>\n&#8211; Solution de broyage unique et innovante de Vallorbe Swiss<\/p>\n","protected":false},"excerpt":{"rendered":"<p>Compos\u00e9 de : 1x unit\u00e9 de contr\u00f4le automatique de l\u2019aff\u00fbtage 1x alimentation 110-240V et 4 prises d\u2019alimentation (EU, US, UK<\/p>\n","protected":false},"featured_media":52255,"template":"","meta":{"_seopress_robots_primary_cat":"","_seopress_titles_title":"","_seopress_titles_desc":"","_seopress_robots_index":""},"product_brand":[4421],"product_cat":[1465,1453,167],"product_tag":[],"class_list":{"0":"post-503930","1":"product","2":"type-product","3":"status-publish","4":"has-post-thumbnail","6":"product_brand-vallorbe-fr","7":"product_cat-affuteuses-pour-scies-a-chaine","8":"product_cat-autres-appareils","9":"product_cat-machines","10":"sws-gruppo-macchinari","11":"sws-conto-ricavi-merci-rivendita-macchinari","12":"sws-gruppo-iva-iva81","14":"first","15":"onbackorder","16":"shipping-taxable","17":"purchasable","18":"product-type-simple"},"_links":{"self":[{"href":"https:\/\/lucacastelli.com\/fr\/wp-json\/wp\/v2\/product\/503930","targetHints":{"allow":["GET"]}}],"collection":[{"href":"https:\/\/lucacastelli.com\/fr\/wp-json\/wp\/v2\/product"}],"about":[{"href":"https:\/\/lucacastelli.com\/fr\/wp-json\/wp\/v2\/types\/product"}],"wp:featuredmedia":[{"embeddable":true,"href":"https:\/\/lucacastelli.com\/fr\/wp-json\/wp\/v2\/media\/52255"}],"wp:attachment":[{"href":"https:\/\/lucacastelli.com\/fr\/wp-json\/wp\/v2\/media?parent=503930"}],"wp:term":[{"taxonomy":"product_brand","embeddable":true,"href":"https:\/\/lucacastelli.com\/fr\/wp-json\/wp\/v2\/product_brand?post=503930"},{"taxonomy":"product_cat","embeddable":true,"href":"https:\/\/lucacastelli.com\/fr\/wp-json\/wp\/v2\/product_cat?post=503930"},{"taxonomy":"product_tag","embeddable":true,"href":"https:\/\/lucacastelli.com\/fr\/wp-json\/wp\/v2\/product_tag?post=503930"}],"curies":[{"name":"wp","href":"https:\/\/api.w.org\/{rel}","templated":true}]}}