{"id":503894,"date":"2023-05-14T16:34:33","date_gmt":"2023-05-14T14:34:33","guid":{"rendered":"https:\/\/lucacastelli.com\/prodotto\/agria-ferngesteuerter-akku-geratetrager-9700e\/"},"modified":"2023-05-14T16:34:33","modified_gmt":"2023-05-14T14:34:33","slug":"agria-ferngesteuerter-akku-geratetrager-9700e","status":"publish","type":"product","link":"https:\/\/lucacastelli.com\/fr\/produit\/agria-ferngesteuerter-akku-geratetrager-9700e\/","title":{"rendered":"AGRIA Ferngesteuerter Akku-Ger\u00e4tetr\u00e4ger 9700e"},"content":{"rendered":"<p>La nouvelle machine r\u00e9volutionnaire d\u2019Agria. Gr\u00e2ce \u00e0 l\u2019attelage \u00e0 trois points, les possibilit\u00e9s d\u2019application sont infinies. Avec l\u2019adaptateur d\u2019outil Agria 3400\/5900 en option, vous pouvez \u00e9galement utiliser des outils qui font d\u00e9j\u00e0 partie de votre flotte. Gr\u00e2ce \u00e0 son fonctionnement sans \u00e9missions, la 9700e peut \u00e9galement \u00eatre utilis\u00e9e pour des travaux plus exotiques, tels que le transport de mat\u00e9riaux dans les b\u00e2timents industriels.   <\/p>\n<p>Niveau sonore consid\u00e9rablement r\u00e9duit pendant le fonctionnement. Sans gaz d\u2019\u00e9chappement et sans \u00e9missions, il prot\u00e8ge l\u2019environnement et votre sant\u00e9. Fonctionnement pratiquement sans entretien par rapport \u00e0 un moteur \u00e0 combustion. Tr\u00e8s longue dur\u00e9e de vie de la batterie (paillage environ 5 heures, barres de coupe environ 8 heures) avec des temps de charge courts (selon la prise de charge, 5 ou 10 heures en cas de d\u00e9charge compl\u00e8te).   <\/p>\n<p>&#8211; Batterie lithium-ion 48V \/ 480Ah<br \/>\n&#8211; Attelage trois points standard (cat. 1)<br \/>\n&#8211; Capacit\u00e9 de levage 300 kg<br \/>\n&#8211; Prise de force 540 &#8211; 1000 tr\/min, sens de rotation r\u00e9versible<br \/>\n&#8211; Sens de marche r\u00e9versible- vitesse<br \/>\n 0 &#8211; 9 km\/h<br \/>\n&#8211; Pente : 50<br \/>\n&#8211; Dimensions (LxlxH) : 180 x 120 x 84,7-92 cm<br \/>\n&#8211; Poids : 780 kg<\/p>\n<table class=\"data-table\">\n<colgroup>\n<col width=\"25%\">\n<col>\n                <\/colgroup>\n<tbody>\n<tr class=\"odd\">\n<td class=\"spec-name\">\n<\/td>\n<td class=\"spec-value\">\n48V <\/td>\n<p> volts<br \/>\n                        <\/tr>\n<tr class=\"even\">\n<td class=\"spec-name\">\n moteur\n                            <\/td>\n<td class=\"spec-value\">\nElektro\/Akku <\/td>\n<\/tr>\n<tr class=\"odd\">\n<td class=\"spec-name\">\n Dispositif d\u2019entra\u00eenement\n                            <\/td>\n<td class=\"spec-value\">\noui <\/td>\n<\/tr>\n<tr class=\"even\">\n<td class=\"spec-name\">\n Vitesses\n                            <\/td>\n<td class=\"spec-value\">\n\u00e9lectric <\/td>\n<\/tr>\n<tr class=\"odd\">\n<td class=\"spec-name\">\n t\u00e9l\u00e9commande\n                            <\/td>\n<td class=\"spec-value\">\noui <\/td>\n<\/tr>\n<\/tbody>\n<\/table>\n","protected":false},"excerpt":{"rendered":"<p>La nouvelle machine r\u00e9volutionnaire d\u2019Agria. Gr\u00e2ce \u00e0 l\u2019attelage \u00e0 trois points, les possibilit\u00e9s d\u2019application sont infinies. Avec l\u2019adaptateur d\u2019outil Agria<\/p>\n","protected":false},"featured_media":55238,"template":"","meta":{"_seopress_robots_primary_cat":"","_seopress_titles_title":"","_seopress_titles_desc":"","_seopress_robots_index":""},"product_brand":[4376],"product_cat":[29,262,278],"product_tag":[],"class_list":{"0":"post-503894","1":"product","2":"type-product","3":"status-publish","4":"has-post-thumbnail","6":"product_brand-agria","7":"product_cat-macchinari","8":"product_cat-tosaerba-e-robot","9":"product_cat-robot-tosaerba","10":"sws-gruppo-macchinari","11":"sws-conto-ricavi-merci-rivendita-macchinari-de","12":"sws-gruppo-iva-iva81-de","14":"first","15":"onbackorder","16":"shipping-taxable","17":"purchasable","18":"product-type-simple"},"_links":{"self":[{"href":"https:\/\/lucacastelli.com\/fr\/wp-json\/wp\/v2\/product\/503894","targetHints":{"allow":["GET"]}}],"collection":[{"href":"https:\/\/lucacastelli.com\/fr\/wp-json\/wp\/v2\/product"}],"about":[{"href":"https:\/\/lucacastelli.com\/fr\/wp-json\/wp\/v2\/types\/product"}],"wp:featuredmedia":[{"embeddable":true,"href":"https:\/\/lucacastelli.com\/fr\/wp-json\/wp\/v2\/media\/55238"}],"wp:attachment":[{"href":"https:\/\/lucacastelli.com\/fr\/wp-json\/wp\/v2\/media?parent=503894"}],"wp:term":[{"taxonomy":"product_brand","embeddable":true,"href":"https:\/\/lucacastelli.com\/fr\/wp-json\/wp\/v2\/product_brand?post=503894"},{"taxonomy":"product_cat","embeddable":true,"href":"https:\/\/lucacastelli.com\/fr\/wp-json\/wp\/v2\/product_cat?post=503894"},{"taxonomy":"product_tag","embeddable":true,"href":"https:\/\/lucacastelli.com\/fr\/wp-json\/wp\/v2\/product_tag?post=503894"}],"curies":[{"name":"wp","href":"https:\/\/api.w.org\/{rel}","templated":true}]}}