{"id":503889,"date":"2023-05-27T09:11:18","date_gmt":"2023-05-27T07:11:18","guid":{"rendered":"https:\/\/lucacastelli.com\/prodotto\/agria-kreiselmaher-8000-comfort-mit-hondamotor\/"},"modified":"2023-05-27T09:11:18","modified_gmt":"2023-05-27T07:11:18","slug":"agria-kreiselmaher-8000-comfort-mit-hondamotor","status":"publish","type":"product","link":"https:\/\/lucacastelli.com\/fr\/produit\/agria-kreiselmaher-8000-comfort-mit-hondamotor\/","title":{"rendered":"AGRIA Kreiselm\u00e4her 8000 comfort mit Hondamotor"},"content":{"rendered":"<p>La tondeuse rotative n\u00e9cessitant peu d\u2019entretien pour couper et poser uniform\u00e9ment les herbes hautes.<\/p>\n<p>Le domaine d\u2019application de cette d\u00e9broussailleuse se situe entre la d\u00e9broussailleuse (d\u00e9broussailleuse) et la tondeuse \u00e0 gazon \u00e0 barre. Dans les cas o\u00f9 la barre de coupe est trop large ou trop lourde, vous pouvez utiliser cette petite tondeuse \u00e0 gazon. <\/p>\n<p>Protection des rainures pour un positionnement uniforme des r\u00e9sidus de coupe<br \/>\nR\u00e9glage simple de la hauteur de la poign\u00e9e sans<br \/>\noutil Rapport qualit\u00e9-prix<br \/>\nattractif Faible entretien<br \/>\nProtections lat\u00e9rales pour une s\u00e9curit\u00e9<br \/>\nmaximale Poign\u00e9e de transport<br \/>\nrobuste Facile \u00e0 transporter dans la voiture gr\u00e2ce \u00e0 son faible poids et \u00e0 sa conception compacte<\/p>\n","protected":false},"excerpt":{"rendered":"<p>La tondeuse rotative n\u00e9cessitant peu d\u2019entretien pour couper et poser uniform\u00e9ment les herbes hautes. Le domaine d\u2019application de cette d\u00e9broussailleuse<\/p>\n","protected":false},"featured_media":56200,"template":"","meta":{"_seopress_robots_primary_cat":"","_seopress_titles_title":"","_seopress_titles_desc":"","_seopress_robots_index":""},"product_brand":[4376],"product_cat":[29,514,544],"product_tag":[],"class_list":{"0":"post-503889","1":"product","2":"type-product","3":"status-publish","4":"has-post-thumbnail","6":"product_brand-agria","7":"product_cat-macchinari","8":"product_cat-altri-dispositivi","9":"product_cat-falciatrici","10":"sws-gruppo-macchinari-fr","11":"sws-conto-ricavi-merci-rivendita-macchinari-fr","12":"sws-gruppo-iva-iva81-fr","14":"first","15":"onbackorder","16":"shipping-taxable","17":"purchasable","18":"product-type-simple"},"_links":{"self":[{"href":"https:\/\/lucacastelli.com\/fr\/wp-json\/wp\/v2\/product\/503889","targetHints":{"allow":["GET"]}}],"collection":[{"href":"https:\/\/lucacastelli.com\/fr\/wp-json\/wp\/v2\/product"}],"about":[{"href":"https:\/\/lucacastelli.com\/fr\/wp-json\/wp\/v2\/types\/product"}],"wp:featuredmedia":[{"embeddable":true,"href":"https:\/\/lucacastelli.com\/fr\/wp-json\/wp\/v2\/media\/56200"}],"wp:attachment":[{"href":"https:\/\/lucacastelli.com\/fr\/wp-json\/wp\/v2\/media?parent=503889"}],"wp:term":[{"taxonomy":"product_brand","embeddable":true,"href":"https:\/\/lucacastelli.com\/fr\/wp-json\/wp\/v2\/product_brand?post=503889"},{"taxonomy":"product_cat","embeddable":true,"href":"https:\/\/lucacastelli.com\/fr\/wp-json\/wp\/v2\/product_cat?post=503889"},{"taxonomy":"product_tag","embeddable":true,"href":"https:\/\/lucacastelli.com\/fr\/wp-json\/wp\/v2\/product_tag?post=503889"}],"curies":[{"name":"wp","href":"https:\/\/api.w.org\/{rel}","templated":true}]}}