{"id":503888,"date":"2023-05-14T11:35:42","date_gmt":"2023-05-14T09:35:42","guid":{"rendered":"https:\/\/lucacastelli.com\/prodotto\/agria-ferngesteuerter-hochgras-sichelmulcher-9500-70-bs\/"},"modified":"2023-05-14T11:35:42","modified_gmt":"2023-05-14T09:35:42","slug":"agria-ferngesteuerter-hochgras-sichelmulcher-9500-70-bs","status":"publish","type":"product","link":"https:\/\/lucacastelli.com\/fr\/produit\/agria-ferngesteuerter-hochgras-sichelmulcher-9500-70-bs\/","title":{"rendered":"AGRIA Ferngesteuerter Hochgras- Sichelmulcher 9500-70 (B&amp;S)"},"content":{"rendered":"<p>La tondeuse \u00e0 fl\u00e9aux haute radiocommand\u00e9e pour une utilisation quotidienne dans l\u2019am\u00e9nagement paysager professionnel.<\/p>\n<p>Caract\u00e9ristiques sp\u00e9ciales<br \/>\nCentre de gravit\u00e9 tr\u00e8s bas et r\u00e9partition id\u00e9ale du poids, compl\u00e9t\u00e9s par des chenilles pour un travail en toute s\u00e9curit\u00e9 sur tous les types de terrain<br \/>\nPas<br \/>\nde recul Extr\u00eamement maniable sur les pentes raides jusqu\u2019\u00e0 environ 45\u00b0 (100&nbsp;%)<br \/>\nExcellente qualit\u00e9 de coupe avec effet de paillage en marche avant et arri\u00e8re<br \/>\nConcept d\u2019entra\u00eenement hybride innovant : entra\u00eenement \u00e9lectrique et moteur \u00e0 combustion<br \/>\npuissant R\u00e9partition uniforme du mat\u00e9riau de coupe<br \/>\nR\u00e9sultat de coupe fin, id\u00e9al pour les zones repr\u00e9sentatives, par exemple dans les parcs<br \/>\nFaible consommation de carburant et performances \u00e9lev\u00e9es gr\u00e2ce \u00e0 la propulsion \u00e9lectrique<br \/>\nhybride L\u2019op\u00e9rateur est toujours en s\u00e9curit\u00e9 et prot\u00e9g\u00e9 de la poussi\u00e8re, des vibrations, du bruit et des gaz d\u2019\u00e9chappement<br \/>\nMod\u00e8le d\u2019entr\u00e9e de gamme \u00e0 faible co\u00fbt<\/p>\n<table class=\"data-table\">\n<colgroup>\n<col width=\"25%\">\n<col>\n                <\/colgroup>\n<tbody>\n<tr class=\"odd\">\n<td class=\"spec-name\">\n Longeur de travail\n                            <\/td>\n<td class=\"spec-value\">\n70 cm <\/td>\n<\/tr>\n<tr class=\"even\">\n<td class=\"spec-name\">\n puissance\n                            <\/td>\n<td class=\"spec-value\">\n16.2 PS <\/td>\n<\/tr>\n<tr class=\"odd\">\n<td class=\"spec-name\">\n t\u00e9l\u00e9commande\n                            <\/td>\n<td class=\"spec-value\">\noui <\/td>\n<\/tr>\n<tr class=\"even\">\n<td class=\"spec-name\">\n moteur\n                            <\/td>\n<td class=\"spec-value\">\nessence 4T <\/td>\n<\/tr>\n<tr class=\"odd\">\n<td class=\"spec-name\">\n cylindre\n                            <\/td>\n<td class=\"spec-value\">\n2 cylindre <\/td>\n<\/tr>\n<tr class=\"even\">\n<td class=\"spec-name\">\n d\u00e9marreur \u00e9lectrique\n                            <\/td>\n<td class=\"spec-value\">\noui <\/td>\n<\/tr>\n<tr class=\"odd\">\n<td class=\"spec-name\">\n Dispositif d\u2019entra\u00eenement\n                            <\/td>\n<td class=\"spec-value\">\noui <\/td>\n<\/tr>\n<tr class=\"even\">\n<td class=\"spec-name\">\n Moyen de Propulsion\n                            <\/td>\n<td class=\"spec-value\">\nHybride <\/td>\n<\/tr>\n<tr class=\"odd\">\n<td class=\"spec-name\">\n Vitesses\n                            <\/td>\n<td class=\"spec-value\">\n\u00e9lectric <\/td>\n<\/tr>\n<\/tbody>\n<\/table>\n","protected":false},"excerpt":{"rendered":"<p>La tondeuse \u00e0 fl\u00e9aux haute radiocommand\u00e9e pour une utilisation quotidienne dans l\u2019am\u00e9nagement paysager professionnel. Caract\u00e9ristiques sp\u00e9ciales Centre de gravit\u00e9 tr\u00e8s<\/p>\n","protected":false},"featured_media":55233,"template":"","meta":{"_seopress_robots_primary_cat":"","_seopress_titles_title":"","_seopress_titles_desc":"","_seopress_robots_index":""},"product_brand":[4412],"product_cat":[167,1668,1657],"product_tag":[],"class_list":{"0":"post-503888","1":"product","2":"type-product","3":"status-publish","4":"has-post-thumbnail","6":"product_brand-agria-fr","7":"product_cat-machines","8":"product_cat-robots-tondeuses","9":"product_cat-tondeuses-et-robots","10":"sws-gruppo-macchinari","11":"sws-conto-ricavi-merci-rivendita-macchinari-de","12":"sws-gruppo-iva-iva81-de","14":"first","15":"onbackorder","16":"shipping-taxable","17":"purchasable","18":"product-type-simple"},"_links":{"self":[{"href":"https:\/\/lucacastelli.com\/fr\/wp-json\/wp\/v2\/product\/503888","targetHints":{"allow":["GET"]}}],"collection":[{"href":"https:\/\/lucacastelli.com\/fr\/wp-json\/wp\/v2\/product"}],"about":[{"href":"https:\/\/lucacastelli.com\/fr\/wp-json\/wp\/v2\/types\/product"}],"wp:featuredmedia":[{"embeddable":true,"href":"https:\/\/lucacastelli.com\/fr\/wp-json\/wp\/v2\/media\/55233"}],"wp:attachment":[{"href":"https:\/\/lucacastelli.com\/fr\/wp-json\/wp\/v2\/media?parent=503888"}],"wp:term":[{"taxonomy":"product_brand","embeddable":true,"href":"https:\/\/lucacastelli.com\/fr\/wp-json\/wp\/v2\/product_brand?post=503888"},{"taxonomy":"product_cat","embeddable":true,"href":"https:\/\/lucacastelli.com\/fr\/wp-json\/wp\/v2\/product_cat?post=503888"},{"taxonomy":"product_tag","embeddable":true,"href":"https:\/\/lucacastelli.com\/fr\/wp-json\/wp\/v2\/product_tag?post=503888"}],"curies":[{"name":"wp","href":"https:\/\/api.w.org\/{rel}","templated":true}]}}