{"id":503886,"date":"2023-05-14T11:33:24","date_gmt":"2023-05-14T09:33:24","guid":{"rendered":"https:\/\/lucacastelli.com\/prodotto\/agria-hochgras-sichelmulcher-9600-112-kawa\/"},"modified":"2023-05-14T11:33:24","modified_gmt":"2023-05-14T09:33:24","slug":"agria-hochgras-sichelmulcher-9600-112-kawa","status":"publish","type":"product","link":"https:\/\/lucacastelli.com\/fr\/produit\/agria-hochgras-sichelmulcher-9600-112-kawa\/","title":{"rendered":"AGRIA Hochgras- Sichelmulcher 9600-112 (Kawa)"},"content":{"rendered":"<p>La tondeuse \u00e0 gazon haute t\u00e9l\u00e9command\u00e9e 9600 d\u2019Agria avec le concept d\u2019entra\u00eenement hybride innovant : entra\u00eenement \u00e9lectrique et puissant moteur \u00e0 combustion. La machine professionnelle avec une largeur de coupe de 112 cm pour une utilisation \u00e9conomique dans les zones \u00e0 probl\u00e8mes n\u00e9cessitant un entretien intensif. Tonte sur presque toutes les pentes jusqu\u2019\u00e0 une inclinaison d\u2019environ 55\u00b0 (143 %).  <\/p>\n<p>La tondeuse \u00e0 gazon haute 9600 d\u2019Agria, avec contr\u00f4le de balayage, offre un excellent r\u00e9sultat de tonte en marche avant et arri\u00e8re. En cons\u00e9quence, la man\u0153uvre de virage devient superflue. Les deux puissants entra\u00eenements \u00e9lectriques de 48 volts (sans balais) permettent un contr\u00f4le extr\u00eamement sensible et direct de la machine.  <\/p>\n<p>La r\u00e9partition sophistiqu\u00e9e et \u00e9quilibr\u00e9e du poids, le centre de gravit\u00e9 bas et, enfin et surtout, le ch\u00e2ssis \u00e0 chenilles fiable avec un rayon de braquage nul garantissent un fonctionnement s\u00fbr et respectueux du sol dans les \u00ab zones \u00e0 probl\u00e8mes \u00bb.<\/p>\n<p>Le concept de propulsion \u00e9lectrique-hybride permet de r\u00e9duire consid\u00e9rablement les besoins en maintenance. L\u2019utilisation d\u2019un nombre minimum de lubrifiants et l\u2019utilisation de roulements \u00e0 billes sans entretien signifient que la tondeuse \u00e0 croissants d\u2019herbes hautes AGRIA 9600 est principalement utilis\u00e9e dans les champs et non dans le garage. <\/p>\n<table class=\"data-table\">\n<colgroup>\n<col width=\"25%\">\n<col>\n                <\/colgroup>\n<tbody>\n<tr class=\"odd\">\n<td class=\"spec-name\">\n Longueur du travail\n                            <\/td>\n<td class=\"spec-value\">\n112 cm <\/td>\n<\/tr>\n<tr class=\"even\">\n<td class=\"spec-name\">\n puissance\n                            <\/td>\n<td class=\"spec-value\">\n22.3 PS <\/td>\n<\/tr>\n<tr class=\"odd\">\n<td class=\"spec-name\">\n moteur\n                            <\/td>\n<td class=\"spec-value\">\nessence 4T <\/td>\n<\/tr>\n<tr class=\"even\">\n<td class=\"spec-name\">\n cylindre\n                            <\/td>\n<td class=\"spec-value\">\n2 cylindre <\/td>\n<\/tr>\n<tr class=\"odd\">\n<td class=\"spec-name\">\n d\u00e9marreur \u00e9lectrique\n                            <\/td>\n<td class=\"spec-value\">\noui <\/td>\n<\/tr>\n<tr class=\"even\">\n<td class=\"spec-name\">\n Dispositif d\u2019entra\u00eenement\n                            <\/td>\n<td class=\"spec-value\">\noui <\/td>\n<\/tr>\n<tr class=\"odd\">\n<td class=\"spec-name\">\n Moyen de Propulsion\n                            <\/td>\n<td class=\"spec-value\">\nHybride <\/td>\n<\/tr>\n<tr class=\"even\">\n<td class=\"spec-name\">\n Vitesses\n                            <\/td>\n<td class=\"spec-value\">\n\u00e9lectric <\/td>\n<\/tr>\n<tr class=\"odd\">\n<td class=\"spec-name\">\n t\u00e9l\u00e9commande\n                            <\/td>\n<td class=\"spec-value\">\noui <\/td>\n<\/tr>\n<tr class=\"even\">\n<td class=\"spec-name\">\n accessoire optionnel\n                            <\/td>\n<td class=\"spec-value\">\noui <\/td>\n<\/tr>\n<tr class=\"odd\">\n<td class=\"spec-name\">\n sp\u00e9cialit\u00e9s\n                            <\/td>\n<td class=\"spec-value\">\nAlle Funktionen per Fehrnsteuerung bedienbar <\/td>\n<\/tr>\n<\/tbody>\n<\/table>\n","protected":false},"excerpt":{"rendered":"<p>La tondeuse \u00e0 gazon haute t\u00e9l\u00e9command\u00e9e 9600 d\u2019Agria avec le concept d\u2019entra\u00eenement hybride innovant : entra\u00eenement \u00e9lectrique et puissant moteur<\/p>\n","protected":false},"featured_media":55207,"template":"","meta":{"_seopress_robots_primary_cat":"","_seopress_titles_title":"","_seopress_titles_desc":"","_seopress_robots_index":""},"product_brand":[4376],"product_cat":[29,262,278],"product_tag":[],"class_list":{"0":"post-503886","1":"product","2":"type-product","3":"status-publish","4":"has-post-thumbnail","6":"product_brand-agria","7":"product_cat-macchinari","8":"product_cat-tosaerba-e-robot","9":"product_cat-robot-tosaerba","10":"sws-gruppo-macchinari","11":"sws-conto-ricavi-merci-rivendita-macchinari-de","12":"sws-gruppo-iva-iva81-de","14":"first","15":"onbackorder","16":"shipping-taxable","17":"purchasable","18":"product-type-simple"},"_links":{"self":[{"href":"https:\/\/lucacastelli.com\/fr\/wp-json\/wp\/v2\/product\/503886","targetHints":{"allow":["GET"]}}],"collection":[{"href":"https:\/\/lucacastelli.com\/fr\/wp-json\/wp\/v2\/product"}],"about":[{"href":"https:\/\/lucacastelli.com\/fr\/wp-json\/wp\/v2\/types\/product"}],"wp:featuredmedia":[{"embeddable":true,"href":"https:\/\/lucacastelli.com\/fr\/wp-json\/wp\/v2\/media\/55207"}],"wp:attachment":[{"href":"https:\/\/lucacastelli.com\/fr\/wp-json\/wp\/v2\/media?parent=503886"}],"wp:term":[{"taxonomy":"product_brand","embeddable":true,"href":"https:\/\/lucacastelli.com\/fr\/wp-json\/wp\/v2\/product_brand?post=503886"},{"taxonomy":"product_cat","embeddable":true,"href":"https:\/\/lucacastelli.com\/fr\/wp-json\/wp\/v2\/product_cat?post=503886"},{"taxonomy":"product_tag","embeddable":true,"href":"https:\/\/lucacastelli.com\/fr\/wp-json\/wp\/v2\/product_tag?post=503886"}],"curies":[{"name":"wp","href":"https:\/\/api.w.org\/{rel}","templated":true}]}}