{"id":503881,"date":"2023-05-14T11:34:03","date_gmt":"2023-05-14T09:34:03","guid":{"rendered":"https:\/\/lucacastelli.com\/prodotto\/agria-hochgras-sichelmulcher-9500-80-kawa\/"},"modified":"2023-05-14T11:34:03","modified_gmt":"2023-05-14T09:34:03","slug":"agria-hochgras-sichelmulcher-9500-80-kawa","status":"publish","type":"product","link":"https:\/\/lucacastelli.com\/fr\/produit\/agria-hochgras-sichelmulcher-9500-80-kawa\/","title":{"rendered":"AGRIA Hochgras Sichelmulcher 9500-80 (Kawa)"},"content":{"rendered":"<p>  La tondeuse \u00e0 fl\u00e9aux haute radiocommand\u00e9e pour une utilisation quotidienne dans l\u2019am\u00e9nagement paysager professionnel.<\/p>\n<p>Caract\u00e9ristiques sp\u00e9ciales<br \/>\nCentre de gravit\u00e9 tr\u00e8s bas et r\u00e9partition id\u00e9ale du poids, compl\u00e9t\u00e9 par des chenilles pour travailler en toute s\u00e9curit\u00e9 sur tous types de terrains<br \/>\nZ\u00e9ro demi-tour<br \/>\nExtr\u00eamement maniable sur les pentes raides jusqu\u2019\u00e0 environ 50\u00b0 (120&nbsp;%)<br \/>\nExcellente qualit\u00e9 de coupe avec effet de paillage \u00e0 la fois en avant et en arri\u00e8re<br \/>\nConcept de propulsion hybride innovant : propulsion \u00e9lectrique et moteur \u00e0 combustion puissant<br \/>\nR\u00e9partition uniforme des r\u00e9sidus de coupe<br \/>\nR\u00e9sultat de coupe fin, id\u00e9al pour les zones repr\u00e9sentatives, par exemple dans les parcs<br \/>\nFaible consommation de carburant et hautes performances gr\u00e2ce \u00e0 la propulsion \u00e9lectrique hybride<br \/>\nL\u2019op\u00e9rateur est toujours en s\u00e9curit\u00e9 et prot\u00e9g\u00e9 de la poussi\u00e8re, des vibrations, du bruit et des gaz d\u2019\u00e9chappement<br \/>\nMod\u00e8le d\u2019entr\u00e9e de gamme \u00e0 bas prix<\/p>\n<table class=\"data-table\">\n<colgroup>\n<col width=\"25%\">\n<col>\n                <\/colgroup>\n<tbody>\n<tr class=\"odd\">\n<td class=\"spec-name\">\n Longeur de travail\n                            <\/td>\n<td class=\"spec-value\">\n80 cm <\/td>\n<\/tr>\n<tr class=\"even\">\n<td class=\"spec-name\">\n puissance\n                            <\/td>\n<td class=\"spec-value\">\n17.3 PS \/ 12.7 kW <\/td>\n<\/tr>\n<tr class=\"odd\">\n<td class=\"spec-name\">\n moteur\n                            <\/td>\n<td class=\"spec-value\">\nessence 4T <\/td>\n<\/tr>\n<tr class=\"even\">\n<td class=\"spec-name\">\n cylindre\n                            <\/td>\n<td class=\"spec-value\">\n2 cylindre <\/td>\n<\/tr>\n<tr class=\"odd\">\n<td class=\"spec-name\">\n d\u00e9marreur \u00e9lectrique\n                            <\/td>\n<td class=\"spec-value\">\noui <\/td>\n<\/tr>\n<tr class=\"even\">\n<td class=\"spec-name\">\n Moyen de Propulsion\n                            <\/td>\n<td class=\"spec-value\">\nHybride <\/td>\n<\/tr>\n<tr class=\"odd\">\n<td class=\"spec-name\">\n Vitesses\n                            <\/td>\n<td class=\"spec-value\">\n\u00e9lectric <\/td>\n<\/tr>\n<tr class=\"even\">\n<td class=\"spec-name\">\n t\u00e9l\u00e9commande\n                            <\/td>\n<td class=\"spec-value\">\noui <\/td>\n<\/tr>\n<tr class=\"odd\">\n<td class=\"spec-name\">\n accessoire optionnel\n                            <\/td>\n<td class=\"spec-value\">\noui <\/td>\n<\/tr>\n<tr class=\"even\">\n<td class=\"spec-name\">\n sp\u00e9cialit\u00e9s\n                            <\/td>\n<td class=\"spec-value\">\nAlle Funktionen per Fehrnsteuerung bedienbar <\/td>\n<\/tr>\n<\/tbody>\n<\/table>\n","protected":false},"excerpt":{"rendered":"<p>La tondeuse \u00e0 fl\u00e9aux haute radiocommand\u00e9e pour une utilisation quotidienne dans l\u2019am\u00e9nagement paysager professionnel. Caract\u00e9ristiques sp\u00e9ciales Centre de gravit\u00e9 tr\u00e8s<\/p>\n","protected":false},"featured_media":55228,"template":"","meta":{"_seopress_robots_primary_cat":"","_seopress_titles_title":"","_seopress_titles_desc":"","_seopress_robots_index":""},"product_brand":[4412],"product_cat":[167,1668,1657],"product_tag":[],"class_list":{"0":"post-503881","1":"product","2":"type-product","3":"status-publish","4":"has-post-thumbnail","6":"product_brand-agria-fr","7":"product_cat-machines","8":"product_cat-robots-tondeuses","9":"product_cat-tondeuses-et-robots","10":"sws-gruppo-macchinari-fr","11":"sws-conto-ricavi-merci-rivendita-macchinari-fr","12":"sws-gruppo-iva-iva81-fr","14":"first","15":"onbackorder","16":"shipping-taxable","17":"purchasable","18":"product-type-simple"},"_links":{"self":[{"href":"https:\/\/lucacastelli.com\/fr\/wp-json\/wp\/v2\/product\/503881","targetHints":{"allow":["GET"]}}],"collection":[{"href":"https:\/\/lucacastelli.com\/fr\/wp-json\/wp\/v2\/product"}],"about":[{"href":"https:\/\/lucacastelli.com\/fr\/wp-json\/wp\/v2\/types\/product"}],"wp:featuredmedia":[{"embeddable":true,"href":"https:\/\/lucacastelli.com\/fr\/wp-json\/wp\/v2\/media\/55228"}],"wp:attachment":[{"href":"https:\/\/lucacastelli.com\/fr\/wp-json\/wp\/v2\/media?parent=503881"}],"wp:term":[{"taxonomy":"product_brand","embeddable":true,"href":"https:\/\/lucacastelli.com\/fr\/wp-json\/wp\/v2\/product_brand?post=503881"},{"taxonomy":"product_cat","embeddable":true,"href":"https:\/\/lucacastelli.com\/fr\/wp-json\/wp\/v2\/product_cat?post=503881"},{"taxonomy":"product_tag","embeddable":true,"href":"https:\/\/lucacastelli.com\/fr\/wp-json\/wp\/v2\/product_tag?post=503881"}],"curies":[{"name":"wp","href":"https:\/\/api.w.org\/{rel}","templated":true}]}}