{"id":503866,"date":"2025-07-18T17:16:33","date_gmt":"2025-07-18T15:16:33","guid":{"rendered":"https:\/\/lucacastelli.com\/prodotto\/lames-universelles-milwaukee-2\/"},"modified":"2025-07-18T17:16:33","modified_gmt":"2025-07-18T15:16:33","slug":"lames-universelles-milwaukee-2","status":"publish","type":"product","link":"https:\/\/lucacastelli.com\/fr\/produit\/lames-universelles-milwaukee-2\/","title":{"rendered":"Lames universelles MILWAUKEE"},"content":{"rendered":"<p>Ces lames conviennent \u00e0 la coupe d\u2019une large gamme de mat\u00e9riaux allant de l\u2019acier doux, de l\u2019aluminium, du bois avec des clous, du plastique et des composites sandwich. La lame de scie avec sa longueur suppl\u00e9mentaire (155 mm) convient \u00e0 la coupe de mat\u00e9riaux sandwich ondul\u00e9s <\/p>\n","protected":false},"excerpt":{"rendered":"<p>Ces lames conviennent \u00e0 la coupe d\u2019une large gamme de mat\u00e9riaux allant de l\u2019acier doux, de l\u2019aluminium, du bois avec<\/p>\n","protected":false},"featured_media":494404,"template":"","meta":{"_seopress_robots_primary_cat":"","_seopress_titles_title":"","_seopress_titles_desc":"","_seopress_robots_index":""},"product_brand":[3658],"product_cat":[167,1453,1534],"product_tag":[3273],"class_list":{"0":"post-503866","1":"product","2":"type-product","3":"status-publish","4":"has-post-thumbnail","6":"product_brand-milwaukee-fr","7":"product_cat-machines","8":"product_cat-autres-appareils","9":"product_cat-scies","10":"product_tag-import-milwau-fr","11":"sws-gruppo-macchinari-fr","12":"sws-conto-ricavi-merci-rivendita-macchinari-fr","13":"sws-gruppo-iva-iva81-fr","15":"first","16":"onbackorder","17":"sale","18":"shipping-taxable","19":"purchasable","20":"product-type-simple"},"_links":{"self":[{"href":"https:\/\/lucacastelli.com\/fr\/wp-json\/wp\/v2\/product\/503866","targetHints":{"allow":["GET"]}}],"collection":[{"href":"https:\/\/lucacastelli.com\/fr\/wp-json\/wp\/v2\/product"}],"about":[{"href":"https:\/\/lucacastelli.com\/fr\/wp-json\/wp\/v2\/types\/product"}],"wp:featuredmedia":[{"embeddable":true,"href":"https:\/\/lucacastelli.com\/fr\/wp-json\/wp\/v2\/media\/494404"}],"wp:attachment":[{"href":"https:\/\/lucacastelli.com\/fr\/wp-json\/wp\/v2\/media?parent=503866"}],"wp:term":[{"taxonomy":"product_brand","embeddable":true,"href":"https:\/\/lucacastelli.com\/fr\/wp-json\/wp\/v2\/product_brand?post=503866"},{"taxonomy":"product_cat","embeddable":true,"href":"https:\/\/lucacastelli.com\/fr\/wp-json\/wp\/v2\/product_cat?post=503866"},{"taxonomy":"product_tag","embeddable":true,"href":"https:\/\/lucacastelli.com\/fr\/wp-json\/wp\/v2\/product_tag?post=503866"}],"curies":[{"name":"wp","href":"https:\/\/api.w.org\/{rel}","templated":true}]}}