{"id":503840,"date":"2025-07-18T17:16:21","date_gmt":"2025-07-18T15:16:21","guid":{"rendered":"https:\/\/lucacastelli.com\/prodotto\/milwaukee-lames-de-coupe-incurvees-5\/"},"modified":"2025-07-18T17:16:21","modified_gmt":"2025-07-18T15:16:21","slug":"milwaukee-lames-de-coupe-incurvees-5","status":"publish","type":"product","link":"https:\/\/lucacastelli.com\/fr\/produit\/milwaukee-lames-de-coupe-incurvees-5\/","title":{"rendered":"MILWAUKEE Lames de coupe incurv\u00e9es"},"content":{"rendered":"<p>Toutes nos lames incurv\u00e9es sont dot\u00e9es d\u2019un corps de lame \u00e9troit pour une meilleure maniabilit\u00e9 ; Pour obtenir le meilleur r\u00e9sultat dans les coupes courbes, il est recommand\u00e9 d\u2019utiliser les lames sans l\u2019action pendulaire<\/p>\n","protected":false},"excerpt":{"rendered":"<p>Toutes nos lames incurv\u00e9es sont dot\u00e9es d\u2019un corps de lame \u00e9troit pour une meilleure maniabilit\u00e9 ; Pour obtenir le meilleur<\/p>\n","protected":false},"featured_media":494798,"template":"","meta":{"_seopress_robots_primary_cat":"","_seopress_titles_title":"","_seopress_titles_desc":"","_seopress_robots_index":""},"product_brand":[3407],"product_cat":[29,514,558],"product_tag":[3270],"class_list":{"0":"post-503840","1":"product","2":"type-product","3":"status-publish","4":"has-post-thumbnail","6":"product_brand-milwaukee","7":"product_cat-macchinari","8":"product_cat-altri-dispositivi","9":"product_cat-seghe-accessori-vari","10":"product_tag-import-milwau","11":"sws-gruppo-macchinari-fr","12":"sws-conto-ricavi-merci-rivendita-macchinari-fr","13":"sws-gruppo-iva-iva81-fr","15":"first","16":"onbackorder","17":"sale","18":"shipping-taxable","19":"purchasable","20":"product-type-simple"},"_links":{"self":[{"href":"https:\/\/lucacastelli.com\/fr\/wp-json\/wp\/v2\/product\/503840","targetHints":{"allow":["GET"]}}],"collection":[{"href":"https:\/\/lucacastelli.com\/fr\/wp-json\/wp\/v2\/product"}],"about":[{"href":"https:\/\/lucacastelli.com\/fr\/wp-json\/wp\/v2\/types\/product"}],"wp:featuredmedia":[{"embeddable":true,"href":"https:\/\/lucacastelli.com\/fr\/wp-json\/wp\/v2\/media\/494798"}],"wp:attachment":[{"href":"https:\/\/lucacastelli.com\/fr\/wp-json\/wp\/v2\/media?parent=503840"}],"wp:term":[{"taxonomy":"product_brand","embeddable":true,"href":"https:\/\/lucacastelli.com\/fr\/wp-json\/wp\/v2\/product_brand?post=503840"},{"taxonomy":"product_cat","embeddable":true,"href":"https:\/\/lucacastelli.com\/fr\/wp-json\/wp\/v2\/product_cat?post=503840"},{"taxonomy":"product_tag","embeddable":true,"href":"https:\/\/lucacastelli.com\/fr\/wp-json\/wp\/v2\/product_tag?post=503840"}],"curies":[{"name":"wp","href":"https:\/\/api.w.org\/{rel}","templated":true}]}}