{"id":503835,"date":"2025-07-18T17:16:20","date_gmt":"2025-07-18T15:16:20","guid":{"rendered":"https:\/\/lucacastelli.com\/prodotto\/milwaukee-applications-speciales-fibre-de-verre-plastique-renforce-verre-acrylique\/"},"modified":"2025-07-18T17:16:20","modified_gmt":"2025-07-18T15:16:20","slug":"milwaukee-applications-speciales-fibre-de-verre-plastique-renforce-verre-acrylique","status":"publish","type":"product","link":"https:\/\/lucacastelli.com\/fr\/produit\/milwaukee-applications-speciales-fibre-de-verre-plastique-renforce-verre-acrylique\/","title":{"rendered":"MILWAUKEE Applications sp\u00e9ciales : Fibre de verre \/ Plastique renforc\u00e9 \/ Verre acrylique"},"content":{"rendered":"<p>Lame de scie sauteuse HM \u00e0 usage sp\u00e9cial, adapt\u00e9e \u00e0 la fibre de verre, au plastique renforc\u00e9 et au verre acrylique, adapt\u00e9e \u00e0 toutes les scies sauteuses avec bo\u00eetier \u00e0 tige en T<\/p>\n","protected":false},"excerpt":{"rendered":"<p>Lame de scie sauteuse HM \u00e0 usage sp\u00e9cial, adapt\u00e9e \u00e0 la fibre de verre, au plastique renforc\u00e9 et au verre<\/p>\n","protected":false},"featured_media":495194,"template":"","meta":{"_seopress_robots_primary_cat":"","_seopress_titles_title":"","_seopress_titles_desc":"","_seopress_robots_index":""},"product_brand":[3407],"product_cat":[29,514,558],"product_tag":[3270],"class_list":{"0":"post-503835","1":"product","2":"type-product","3":"status-publish","4":"has-post-thumbnail","6":"product_brand-milwaukee","7":"product_cat-macchinari","8":"product_cat-altri-dispositivi","9":"product_cat-seghe-accessori-vari","10":"product_tag-import-milwau","11":"sws-gruppo-macchinari-fr","12":"sws-conto-ricavi-merci-rivendita-macchinari-fr","13":"sws-gruppo-iva-iva81-fr","15":"first","16":"onbackorder","17":"sale","18":"shipping-taxable","19":"purchasable","20":"product-type-simple"},"_links":{"self":[{"href":"https:\/\/lucacastelli.com\/fr\/wp-json\/wp\/v2\/product\/503835","targetHints":{"allow":["GET"]}}],"collection":[{"href":"https:\/\/lucacastelli.com\/fr\/wp-json\/wp\/v2\/product"}],"about":[{"href":"https:\/\/lucacastelli.com\/fr\/wp-json\/wp\/v2\/types\/product"}],"wp:featuredmedia":[{"embeddable":true,"href":"https:\/\/lucacastelli.com\/fr\/wp-json\/wp\/v2\/media\/495194"}],"wp:attachment":[{"href":"https:\/\/lucacastelli.com\/fr\/wp-json\/wp\/v2\/media?parent=503835"}],"wp:term":[{"taxonomy":"product_brand","embeddable":true,"href":"https:\/\/lucacastelli.com\/fr\/wp-json\/wp\/v2\/product_brand?post=503835"},{"taxonomy":"product_cat","embeddable":true,"href":"https:\/\/lucacastelli.com\/fr\/wp-json\/wp\/v2\/product_cat?post=503835"},{"taxonomy":"product_tag","embeddable":true,"href":"https:\/\/lucacastelli.com\/fr\/wp-json\/wp\/v2\/product_tag?post=503835"}],"curies":[{"name":"wp","href":"https:\/\/api.w.org\/{rel}","templated":true}]}}