{"id":503792,"date":"2025-07-19T10:51:50","date_gmt":"2025-07-19T08:51:50","guid":{"rendered":"https:\/\/lucacastelli.com\/prodotto\/milwaukee-tct-sds-plus-arbres-dembouts-a-couronne\/"},"modified":"2025-07-19T10:51:50","modified_gmt":"2025-07-19T08:51:50","slug":"milwaukee-tct-sds-plus-arbres-dembouts-a-couronne","status":"publish","type":"product","link":"https:\/\/lucacastelli.com\/fr\/produit\/milwaukee-tct-sds-plus-arbres-dembouts-a-couronne\/","title":{"rendered":"MILWAUKEE TCT SDS-Plus Arbres d\u2019embouts \u00e0 couronne"},"content":{"rendered":"<p>Livr\u00e9 avec cl\u00e9 Allen, embout pilote fourni s\u00e9par\u00e9ment<\/p>\n","protected":false},"excerpt":{"rendered":"<p>Livr\u00e9 avec cl\u00e9 Allen, embout pilote fourni s\u00e9par\u00e9ment<\/p>\n","protected":false},"featured_media":495765,"template":"","meta":{"_seopress_robots_primary_cat":"","_seopress_titles_title":"","_seopress_titles_desc":"","_seopress_robots_index":""},"product_brand":[3407],"product_cat":[29,514,549,550],"product_tag":[3270],"class_list":{"0":"post-503792","1":"product","2":"type-product","3":"status-publish","4":"has-post-thumbnail","6":"product_brand-milwaukee","7":"product_cat-macchinari","8":"product_cat-altri-dispositivi","9":"product_cat-trapani-e-avvitatori","10":"product_cat-accessori-per-trapani-ed-avvitatori","11":"product_tag-import-milwau","12":"sws-gruppo-macchinari-fr","13":"sws-conto-ricavi-merci-rivendita-macchinari-fr","14":"sws-gruppo-iva-iva81-fr","16":"first","17":"onbackorder","18":"sale","19":"shipping-taxable","20":"purchasable","21":"product-type-simple"},"_links":{"self":[{"href":"https:\/\/lucacastelli.com\/fr\/wp-json\/wp\/v2\/product\/503792","targetHints":{"allow":["GET"]}}],"collection":[{"href":"https:\/\/lucacastelli.com\/fr\/wp-json\/wp\/v2\/product"}],"about":[{"href":"https:\/\/lucacastelli.com\/fr\/wp-json\/wp\/v2\/types\/product"}],"wp:featuredmedia":[{"embeddable":true,"href":"https:\/\/lucacastelli.com\/fr\/wp-json\/wp\/v2\/media\/495765"}],"wp:attachment":[{"href":"https:\/\/lucacastelli.com\/fr\/wp-json\/wp\/v2\/media?parent=503792"}],"wp:term":[{"taxonomy":"product_brand","embeddable":true,"href":"https:\/\/lucacastelli.com\/fr\/wp-json\/wp\/v2\/product_brand?post=503792"},{"taxonomy":"product_cat","embeddable":true,"href":"https:\/\/lucacastelli.com\/fr\/wp-json\/wp\/v2\/product_cat?post=503792"},{"taxonomy":"product_tag","embeddable":true,"href":"https:\/\/lucacastelli.com\/fr\/wp-json\/wp\/v2\/product_tag?post=503792"}],"curies":[{"name":"wp","href":"https:\/\/api.w.org\/{rel}","templated":true}]}}