{"id":503783,"date":"2025-07-19T10:51:46","date_gmt":"2025-07-19T08:51:46","guid":{"rendered":"https:\/\/lucacastelli.com\/prodotto\/milwaukee-hole-dozer-scies-cloches-3\/"},"modified":"2025-07-19T10:51:46","modified_gmt":"2025-07-19T08:51:46","slug":"milwaukee-hole-dozer-scies-cloches-3","status":"publish","type":"product","link":"https:\/\/lucacastelli.com\/fr\/produit\/milwaukee-hole-dozer-scies-cloches-3\/","title":{"rendered":"MILWAUKEE Hole Dozer Scies cloches"},"content":{"rendered":"<p>Scies cloches bim\u00e9talliques haute performance&nbsp;; La conception variable des dents (4\/6 dents par pouce), avec une inclinaison de 10\u00b0, permet : Des coupes plus rapides et plus agressives. Perte de chaleur pendant la coupe pour moins d\u2019usure sur les dents. Conception sp\u00e9ciale de la dent, moins de tendance \u00e0 serrer sur des mat\u00e9riaux plus minces. La conception particuli\u00e8re de la dent r\u00e9duit la tendance \u00e0 se gripper. N\u00e9cessite moins de pression &#8211; Ceci est r\u00e9alis\u00e9 gr\u00e2ce \u00e0 la combinaison d\u2019une g\u00e9om\u00e9trie de dent agressive et d\u2019une bonne exposition des copeaux ; Composition des dents. Composition d\u2019acier Matrix II contenant 8&nbsp;% de cobalt qui vous permet de garder les dents intactes m\u00eame dans les applications les plus exigeantes. Construction bim\u00e9tallique &#8211; Les dents en acier sont soud\u00e9es au laser sur un corps en acier alli\u00e9. Les dents sont tremp\u00e9es \u00e0 65 HRC \u00e0 une temp\u00e9rature de 600\u00b0C pour une durabilit\u00e9 maximale. En raison de la haute r\u00e9sistance \u00e0 l\u2019usure de l\u2019acier Matrice II, ces scies cloches sont id\u00e9ales pour couper des mat\u00e9riaux tels que l\u2019acier inoxydable et des mat\u00e9riaux mous tels que le bois ; Le noyau robuste d\u2019une \u00e9paisseur de 1,27 mm garantit le bon compromis entre rigidit\u00e9 et \u00e9lasticit\u00e9 lors de l\u2019application. Profondeur de coupe 41 mm&nbsp;;Embout. Le fond en acier a une \u00e9paisseur de 5 mm, ce qui r\u00e9duit consid\u00e9rablement les vibrations et emp\u00eache la scie cloche de se dilater. Une excellente concentricit\u00e9, garantit d\u2019excellentes performances ; Grande zone d\u2019acc\u00e8s lat\u00e9ral pour un retrait rapide et facile du mat\u00e9riau ; Gr\u00e2ce \u00e0 leur construction robuste et \u00e0 leur rotation parfaite, ces scies cloches conviennent non seulement aux outils sans fil et filaires, mais peuvent parfois \u00eatre utilis\u00e9es avec des \u00e9quipements stationnaires ; Cette gamme de scies cloches de haute qualit\u00e9 est la solution parfaite pour couper tous les types de mat\u00e9riaux : Acier jusqu\u2019\u00e0 1000 N\/mm2, Acier inoxydable et acier r\u00e9sistant aux acides, Mat\u00e9riaux NON ferreux, Fonte, Aluminium, Bois, MDF, Plaques de pl\u00e2tre, Sandwich, PVC           <\/p>\n","protected":false},"excerpt":{"rendered":"<p>Scies cloches bim\u00e9talliques haute performance&nbsp;; La conception variable des dents (4\/6 dents par pouce), avec une inclinaison de 10\u00b0, permet<\/p>\n","protected":false},"featured_media":495750,"template":"","meta":{"_seopress_robots_primary_cat":"","_seopress_titles_title":"","_seopress_titles_desc":"","_seopress_robots_index":""},"product_brand":[3407],"product_cat":[29,514,549,550],"product_tag":[3270],"class_list":{"0":"post-503783","1":"product","2":"type-product","3":"status-publish","4":"has-post-thumbnail","6":"product_brand-milwaukee","7":"product_cat-macchinari","8":"product_cat-altri-dispositivi","9":"product_cat-trapani-e-avvitatori","10":"product_cat-accessori-per-trapani-ed-avvitatori","11":"product_tag-import-milwau","12":"sws-gruppo-macchinari-fr","13":"sws-conto-ricavi-merci-rivendita-macchinari-fr","14":"sws-gruppo-iva-iva81-fr","16":"first","17":"onbackorder","18":"sale","19":"shipping-taxable","20":"purchasable","21":"product-type-simple"},"_links":{"self":[{"href":"https:\/\/lucacastelli.com\/fr\/wp-json\/wp\/v2\/product\/503783","targetHints":{"allow":["GET"]}}],"collection":[{"href":"https:\/\/lucacastelli.com\/fr\/wp-json\/wp\/v2\/product"}],"about":[{"href":"https:\/\/lucacastelli.com\/fr\/wp-json\/wp\/v2\/types\/product"}],"wp:featuredmedia":[{"embeddable":true,"href":"https:\/\/lucacastelli.com\/fr\/wp-json\/wp\/v2\/media\/495750"}],"wp:attachment":[{"href":"https:\/\/lucacastelli.com\/fr\/wp-json\/wp\/v2\/media?parent=503783"}],"wp:term":[{"taxonomy":"product_brand","embeddable":true,"href":"https:\/\/lucacastelli.com\/fr\/wp-json\/wp\/v2\/product_brand?post=503783"},{"taxonomy":"product_cat","embeddable":true,"href":"https:\/\/lucacastelli.com\/fr\/wp-json\/wp\/v2\/product_cat?post=503783"},{"taxonomy":"product_tag","embeddable":true,"href":"https:\/\/lucacastelli.com\/fr\/wp-json\/wp\/v2\/product_tag?post=503783"}],"curies":[{"name":"wp","href":"https:\/\/api.w.org\/{rel}","templated":true}]}}