{"id":503767,"date":"2025-07-19T10:51:39","date_gmt":"2025-07-19T08:51:39","guid":{"rendered":"https:\/\/lucacastelli.com\/prodotto\/milwaukee-system-accessories-carotteuses-par-voie-humide-8\/"},"modified":"2025-07-19T10:51:39","modified_gmt":"2025-07-19T08:51:39","slug":"milwaukee-system-accessories-carotteuses-par-voie-humide-8","status":"publish","type":"product","link":"https:\/\/lucacastelli.com\/fr\/produit\/milwaukee-system-accessories-carotteuses-par-voie-humide-8\/","title":{"rendered":"MILWAUKEE System Accessories &#8211; Carotteuses par voie humide"},"content":{"rendered":"<p>Rallonge pour forets de 500 mm avec filetage m\u00e2le 1 1\/4 personnalis\u00e9 adapt\u00e9 aux carotteuses diamant\u00e9es pour la coupe humide<\/p>\n","protected":false},"excerpt":{"rendered":"<p>Rallonge pour forets de 500 mm avec filetage m\u00e2le 1 1\/4 personnalis\u00e9 adapt\u00e9 aux carotteuses diamant\u00e9es pour la coupe humide<\/p>\n","protected":false},"featured_media":495607,"template":"","meta":{"_seopress_robots_primary_cat":"","_seopress_titles_title":"","_seopress_titles_desc":"","_seopress_robots_index":""},"product_brand":[3658],"product_cat":[167,1453,1552,1555],"product_tag":[3273],"class_list":{"0":"post-503767","1":"product","2":"type-product","3":"status-publish","4":"has-post-thumbnail","6":"product_brand-milwaukee-fr","7":"product_cat-machines","8":"product_cat-autres-appareils","9":"product_cat-perceuses-et-tournevis","10":"product_cat-accessoires-pour-perceuses-et-tournevis","11":"product_tag-import-milwau-fr","12":"sws-gruppo-macchinari-fr","13":"sws-conto-ricavi-merci-rivendita-macchinari-fr","14":"sws-gruppo-iva-iva81-fr","16":"first","17":"onbackorder","18":"sale","19":"shipping-taxable","20":"purchasable","21":"product-type-simple"},"_links":{"self":[{"href":"https:\/\/lucacastelli.com\/fr\/wp-json\/wp\/v2\/product\/503767","targetHints":{"allow":["GET"]}}],"collection":[{"href":"https:\/\/lucacastelli.com\/fr\/wp-json\/wp\/v2\/product"}],"about":[{"href":"https:\/\/lucacastelli.com\/fr\/wp-json\/wp\/v2\/types\/product"}],"wp:featuredmedia":[{"embeddable":true,"href":"https:\/\/lucacastelli.com\/fr\/wp-json\/wp\/v2\/media\/495607"}],"wp:attachment":[{"href":"https:\/\/lucacastelli.com\/fr\/wp-json\/wp\/v2\/media?parent=503767"}],"wp:term":[{"taxonomy":"product_brand","embeddable":true,"href":"https:\/\/lucacastelli.com\/fr\/wp-json\/wp\/v2\/product_brand?post=503767"},{"taxonomy":"product_cat","embeddable":true,"href":"https:\/\/lucacastelli.com\/fr\/wp-json\/wp\/v2\/product_cat?post=503767"},{"taxonomy":"product_tag","embeddable":true,"href":"https:\/\/lucacastelli.com\/fr\/wp-json\/wp\/v2\/product_tag?post=503767"}],"curies":[{"name":"wp","href":"https:\/\/api.w.org\/{rel}","templated":true}]}}