{"id":503765,"date":"2025-07-19T10:51:37","date_gmt":"2025-07-19T08:51:37","guid":{"rendered":"https:\/\/lucacastelli.com\/prodotto\/milwaukee-embouts-de-tournevis-a-cassette-compacte-2\/"},"modified":"2025-07-19T10:51:37","modified_gmt":"2025-07-19T08:51:37","slug":"milwaukee-embouts-de-tournevis-a-cassette-compacte-2","status":"publish","type":"product","link":"https:\/\/lucacastelli.com\/fr\/produit\/milwaukee-embouts-de-tournevis-a-cassette-compacte-2\/","title":{"rendered":"MILWAUKEE Embouts de tournevis \u00e0 cassette compacte"},"content":{"rendered":"<p>Conception de poche&nbsp;: 110 mm x 65 mm x 15 mm&nbsp;; Ouverture et fermeture faciles&nbsp;; Compartiment lat\u00e9ral qui abrite le support magn\u00e9tique de 50 mm&nbsp;;Fen\u00eatre transparente qui prot\u00e8ge les embouts de la poussi\u00e8re&nbsp;; Embouts professionnels de haute qualit\u00e9 avec une duret\u00e9 de 60 HRC et un entra\u00eenement hexagonal 1\/4 &#8221;. Les embouts de 25 mm sont fabriqu\u00e9s selon les normes DIN 3126 &#8211; C 6.3. tandis que les porte-embouts de 50 mm sont fabriqu\u00e9s selon les normes DIN 3126 &#8211; E 6.3 ; Porte-embouts magn\u00e9tique avec embrayage \u00e0 d\u00e9gagement rapide  <\/p>\n","protected":false},"excerpt":{"rendered":"<p>Conception de poche&nbsp;: 110 mm x 65 mm x 15 mm&nbsp;; Ouverture et fermeture faciles&nbsp;; Compartiment lat\u00e9ral qui abrite le<\/p>\n","protected":false},"featured_media":495374,"template":"","meta":{"_seopress_robots_primary_cat":"","_seopress_titles_title":"","_seopress_titles_desc":"","_seopress_robots_index":""},"product_brand":[3407],"product_cat":[29,514,549,550],"product_tag":[3270],"class_list":{"0":"post-503765","1":"product","2":"type-product","3":"status-publish","4":"has-post-thumbnail","6":"product_brand-milwaukee","7":"product_cat-macchinari","8":"product_cat-altri-dispositivi","9":"product_cat-trapani-e-avvitatori","10":"product_cat-accessori-per-trapani-ed-avvitatori","11":"product_tag-import-milwau","12":"sws-gruppo-macchinari-fr","13":"sws-conto-ricavi-merci-rivendita-macchinari-fr","14":"sws-gruppo-iva-iva81-fr","16":"first","17":"onbackorder","18":"sale","19":"shipping-taxable","20":"purchasable","21":"product-type-simple"},"_links":{"self":[{"href":"https:\/\/lucacastelli.com\/fr\/wp-json\/wp\/v2\/product\/503765","targetHints":{"allow":["GET"]}}],"collection":[{"href":"https:\/\/lucacastelli.com\/fr\/wp-json\/wp\/v2\/product"}],"about":[{"href":"https:\/\/lucacastelli.com\/fr\/wp-json\/wp\/v2\/types\/product"}],"wp:featuredmedia":[{"embeddable":true,"href":"https:\/\/lucacastelli.com\/fr\/wp-json\/wp\/v2\/media\/495374"}],"wp:attachment":[{"href":"https:\/\/lucacastelli.com\/fr\/wp-json\/wp\/v2\/media?parent=503765"}],"wp:term":[{"taxonomy":"product_brand","embeddable":true,"href":"https:\/\/lucacastelli.com\/fr\/wp-json\/wp\/v2\/product_brand?post=503765"},{"taxonomy":"product_cat","embeddable":true,"href":"https:\/\/lucacastelli.com\/fr\/wp-json\/wp\/v2\/product_cat?post=503765"},{"taxonomy":"product_tag","embeddable":true,"href":"https:\/\/lucacastelli.com\/fr\/wp-json\/wp\/v2\/product_tag?post=503765"}],"curies":[{"name":"wp","href":"https:\/\/api.w.org\/{rel}","templated":true}]}}