{"id":503743,"date":"2025-07-19T10:50:34","date_gmt":"2025-07-19T08:50:34","guid":{"rendered":"https:\/\/lucacastelli.com\/prodotto\/milwaukee-pxph-50i-5606\/"},"modified":"2025-07-19T10:50:34","modified_gmt":"2025-07-19T08:50:34","slug":"milwaukee-pxph-50i-5606","status":"publish","type":"product","link":"https:\/\/lucacastelli.com\/fr\/produit\/milwaukee-pxph-50i-5606\/","title":{"rendered":"MILWAUKEE PXPH 50I &#8211; 5606"},"content":{"rendered":"<p>Gr\u00e2ce \u00e0 la particularit\u00e9 de la t\u00eate auto-rotative, les t\u00eates d\u2019expansion Q&amp;E sont non seulement compatibles avec les outils M12\u2122 et M18\u2122, mais aussi avec la plupart des outils Uponor\u2122. Fabriqu\u00e9s en acier renforc\u00e9, ils offrent une durabilit\u00e9 maximale et une r\u00e9sistance \u00e0 toutes les temp\u00e9ratures. Les anneaux sont cod\u00e9s par couleur pour une identification rapide et facile  <\/p>\n","protected":false},"excerpt":{"rendered":"<p>Gr\u00e2ce \u00e0 la particularit\u00e9 de la t\u00eate auto-rotative, les t\u00eates d\u2019expansion Q&amp;E sont non seulement compatibles avec les outils M12\u2122<\/p>\n","protected":false},"featured_media":497604,"template":"","meta":{"_seopress_robots_primary_cat":"","_seopress_titles_title":"","_seopress_titles_desc":"","_seopress_robots_index":""},"product_brand":[3407],"product_cat":[29,514,549,550],"product_tag":[3270],"class_list":{"0":"post-503743","1":"product","2":"type-product","3":"status-publish","4":"has-post-thumbnail","6":"product_brand-milwaukee","7":"product_cat-macchinari","8":"product_cat-altri-dispositivi","9":"product_cat-trapani-e-avvitatori","10":"product_cat-accessori-per-trapani-ed-avvitatori","11":"product_tag-import-milwau","12":"sws-gruppo-macchinari-fr","13":"sws-conto-ricavi-merci-rivendita-macchinari-fr","14":"sws-gruppo-iva-iva81-fr","16":"first","17":"onbackorder","18":"sale","19":"shipping-taxable","20":"purchasable","21":"product-type-simple"},"_links":{"self":[{"href":"https:\/\/lucacastelli.com\/fr\/wp-json\/wp\/v2\/product\/503743","targetHints":{"allow":["GET"]}}],"collection":[{"href":"https:\/\/lucacastelli.com\/fr\/wp-json\/wp\/v2\/product"}],"about":[{"href":"https:\/\/lucacastelli.com\/fr\/wp-json\/wp\/v2\/types\/product"}],"wp:featuredmedia":[{"embeddable":true,"href":"https:\/\/lucacastelli.com\/fr\/wp-json\/wp\/v2\/media\/497604"}],"wp:attachment":[{"href":"https:\/\/lucacastelli.com\/fr\/wp-json\/wp\/v2\/media?parent=503743"}],"wp:term":[{"taxonomy":"product_brand","embeddable":true,"href":"https:\/\/lucacastelli.com\/fr\/wp-json\/wp\/v2\/product_brand?post=503743"},{"taxonomy":"product_cat","embeddable":true,"href":"https:\/\/lucacastelli.com\/fr\/wp-json\/wp\/v2\/product_cat?post=503743"},{"taxonomy":"product_tag","embeddable":true,"href":"https:\/\/lucacastelli.com\/fr\/wp-json\/wp\/v2\/product_tag?post=503743"}],"curies":[{"name":"wp","href":"https:\/\/api.w.org\/{rel}","templated":true}]}}