{"id":503719,"date":"2025-07-19T11:32:17","date_gmt":"2025-07-19T09:32:17","guid":{"rendered":"https:\/\/lucacastelli.com\/prodotto\/milwaukee-system-accessoires-moulins-9\/"},"modified":"2025-07-19T11:32:17","modified_gmt":"2025-07-19T09:32:17","slug":"milwaukee-system-accessoires-moulins-9","status":"publish","type":"product","link":"https:\/\/lucacastelli.com\/fr\/produit\/milwaukee-system-accessoires-moulins-9\/","title":{"rendered":"MILWAUKEE System Accessoires &#8211; Moulins"},"content":{"rendered":"<p>Poign\u00e9e suppl\u00e9mentaire pour meuleuses d\u2019angle de disques d\u2019un diam\u00e8tre de 115 mm \u00e0 150 mm pour la r\u00e9duction des vibrations<\/p>\n","protected":false},"excerpt":{"rendered":"<p>Poign\u00e9e suppl\u00e9mentaire pour meuleuses d\u2019angle de disques d\u2019un diam\u00e8tre de 115 mm \u00e0 150 mm pour la r\u00e9duction des vibrations<\/p>\n","protected":false},"featured_media":495778,"template":"","meta":{"_seopress_robots_primary_cat":"","_seopress_titles_title":"","_seopress_titles_desc":"","_seopress_robots_index":""},"product_brand":[3407],"product_cat":[29,514,555],"product_tag":[3270],"class_list":{"0":"post-503719","1":"product","2":"type-product","3":"status-publish","4":"has-post-thumbnail","6":"product_brand-milwaukee","7":"product_cat-macchinari","8":"product_cat-altri-dispositivi","9":"product_cat-smerigliatrici","10":"product_tag-import-milwau","11":"sws-gruppo-macchinari-fr","12":"sws-conto-ricavi-merci-rivendita-macchinari-fr","13":"sws-gruppo-iva-iva81-fr","15":"first","16":"onbackorder","17":"sale","18":"shipping-taxable","19":"purchasable","20":"product-type-simple"},"_links":{"self":[{"href":"https:\/\/lucacastelli.com\/fr\/wp-json\/wp\/v2\/product\/503719","targetHints":{"allow":["GET"]}}],"collection":[{"href":"https:\/\/lucacastelli.com\/fr\/wp-json\/wp\/v2\/product"}],"about":[{"href":"https:\/\/lucacastelli.com\/fr\/wp-json\/wp\/v2\/types\/product"}],"wp:featuredmedia":[{"embeddable":true,"href":"https:\/\/lucacastelli.com\/fr\/wp-json\/wp\/v2\/media\/495778"}],"wp:attachment":[{"href":"https:\/\/lucacastelli.com\/fr\/wp-json\/wp\/v2\/media?parent=503719"}],"wp:term":[{"taxonomy":"product_brand","embeddable":true,"href":"https:\/\/lucacastelli.com\/fr\/wp-json\/wp\/v2\/product_brand?post=503719"},{"taxonomy":"product_cat","embeddable":true,"href":"https:\/\/lucacastelli.com\/fr\/wp-json\/wp\/v2\/product_cat?post=503719"},{"taxonomy":"product_tag","embeddable":true,"href":"https:\/\/lucacastelli.com\/fr\/wp-json\/wp\/v2\/product_tag?post=503719"}],"curies":[{"name":"wp","href":"https:\/\/api.w.org\/{rel}","templated":true}]}}