{"id":503694,"date":"2025-07-19T11:27:13","date_gmt":"2025-07-19T09:27:13","guid":{"rendered":"https:\/\/lucacastelli.com\/prodotto\/batterie-milwaukee-m28-30-ah\/"},"modified":"2025-07-19T11:27:13","modified_gmt":"2025-07-19T09:27:13","slug":"batterie-milwaukee-m28-30-ah","status":"publish","type":"product","link":"https:\/\/lucacastelli.com\/fr\/produit\/batterie-milwaukee-m28-30-ah\/","title":{"rendered":"Batterie MILWAUKEE M28 3,0 Ah"},"content":{"rendered":"<p>Syst\u00e8me de gestion de la temp\u00e9rature &#8211; Maintient la batterie dans la plage de temp\u00e9rature id\u00e9ale pour assurer une dur\u00e9e de vie maximale ; Meilleure autonomie de charge que les autres technologies lithium-ion et\/ou les technologies de batterie MILWAUKEE\u00ae pr\u00e9c\u00e9dentes&nbsp;; Les r\u00e9sultats d\u00e9pendent de la tension, de l\u2019outil et de l\u2019utilisation<\/p>\n","protected":false},"excerpt":{"rendered":"<p>Syst\u00e8me de gestion de la temp\u00e9rature &#8211; Maintient la batterie dans la plage de temp\u00e9rature id\u00e9ale pour assurer une dur\u00e9e<\/p>\n","protected":false},"featured_media":492629,"template":"","meta":{"_seopress_robots_primary_cat":"","_seopress_titles_title":"","_seopress_titles_desc":"","_seopress_robots_index":""},"product_brand":[3407],"product_cat":[29,491],"product_tag":[3270],"class_list":{"0":"post-503694","1":"product","2":"type-product","3":"status-publish","4":"has-post-thumbnail","6":"product_brand-milwaukee","7":"product_cat-macchinari","8":"product_cat-accessori-sistemi-a-batteria","9":"product_tag-import-milwau","10":"sws-gruppo-macchinari-fr","11":"sws-conto-ricavi-merci-rivendita-macchinari-fr","12":"sws-gruppo-iva-iva81-fr","14":"first","15":"onbackorder","16":"sale","17":"shipping-taxable","18":"purchasable","19":"product-type-simple"},"_links":{"self":[{"href":"https:\/\/lucacastelli.com\/fr\/wp-json\/wp\/v2\/product\/503694","targetHints":{"allow":["GET"]}}],"collection":[{"href":"https:\/\/lucacastelli.com\/fr\/wp-json\/wp\/v2\/product"}],"about":[{"href":"https:\/\/lucacastelli.com\/fr\/wp-json\/wp\/v2\/types\/product"}],"wp:featuredmedia":[{"embeddable":true,"href":"https:\/\/lucacastelli.com\/fr\/wp-json\/wp\/v2\/media\/492629"}],"wp:attachment":[{"href":"https:\/\/lucacastelli.com\/fr\/wp-json\/wp\/v2\/media?parent=503694"}],"wp:term":[{"taxonomy":"product_brand","embeddable":true,"href":"https:\/\/lucacastelli.com\/fr\/wp-json\/wp\/v2\/product_brand?post=503694"},{"taxonomy":"product_cat","embeddable":true,"href":"https:\/\/lucacastelli.com\/fr\/wp-json\/wp\/v2\/product_cat?post=503694"},{"taxonomy":"product_tag","embeddable":true,"href":"https:\/\/lucacastelli.com\/fr\/wp-json\/wp\/v2\/product_tag?post=503694"}],"curies":[{"name":"wp","href":"https:\/\/api.w.org\/{rel}","templated":true}]}}