{"id":503692,"date":"2025-07-19T11:25:33","date_gmt":"2025-07-19T09:25:33","guid":{"rendered":"https:\/\/lucacastelli.com\/prodotto\/batterie-milwaukee-m12-30-ah\/"},"modified":"2026-01-19T20:55:28","modified_gmt":"2026-01-19T19:55:28","slug":"batterie-milwaukee-m12-30-ah","status":"publish","type":"product","link":"https:\/\/lucacastelli.com\/fr\/produit\/batterie-milwaukee-m12-30-ah\/","title":{"rendered":"Batterie MILWAUKEE M12\u2122 3,0 Ah"},"content":{"rendered":"<p>Autonomie jusqu\u2019\u00e0 3 fois plus longue, jusqu\u2019\u00e0 20 % de puissance en plus et dur\u00e9e de vie 2 fois plus longue que les autres batteries lithium-ion et\/ou la technologie Milwaukee\u00ae pr\u00e9c\u00e9dente. (Les r\u00e9sultats d\u00e9pendent de la tension, de l\u2019outil et de l\u2019application) ; \u00c9lectronique Milwaukee\u00ae REDLINK\u2122 &#8211; prot\u00e8ge la batterie contre la surcharge dans des situations difficiles, maximisant les performances des cellules sans les endommager&nbsp;; Surveillance constante de chaque cellule individuelle pour assurer un cycle de charge\/d\u00e9charge optimal de la batterie, pour une dur\u00e9e de vie plus longue ; Cadre de protection interne des cellules construit pour r\u00e9sister aux vibrations pendant les travaux et aux \u00e9ventuelles chutes sur le chantier ; Il fonctionne \u00e0 des temp\u00e9ratures aussi basses que -20\u00b0 ; Autonomie jusqu\u2019\u00e0 2 fois plus longue, jusqu\u2019\u00e0 20 % de puissance en plus ; Compatible avec tous les outils de la gamme M12\u2122 <\/p>\n","protected":false},"excerpt":{"rendered":"<p>Autonomie jusqu\u2019\u00e0 3 fois plus longue, jusqu\u2019\u00e0 20 % de puissance en plus et dur\u00e9e de vie 2 fois plus<\/p>\n","protected":false},"featured_media":497579,"template":"","meta":{"_seopress_robots_primary_cat":"","_seopress_titles_title":"","_seopress_titles_desc":"","_seopress_robots_index":""},"product_brand":[3407],"product_cat":[29,491],"product_tag":[3270],"class_list":{"0":"post-503692","1":"product","2":"type-product","3":"status-publish","4":"has-post-thumbnail","6":"product_brand-milwaukee","7":"product_cat-macchinari","8":"product_cat-accessori-sistemi-a-batteria","9":"product_tag-import-milwau","10":"sws-gruppo-macchinari-fr","11":"sws-conto-ricavi-merci-rivendita-macchinari-fr","12":"sws-gruppo-iva-iva81-fr","14":"first","15":"onbackorder","16":"sale","17":"shipping-taxable","18":"purchasable","19":"product-type-simple"},"_links":{"self":[{"href":"https:\/\/lucacastelli.com\/fr\/wp-json\/wp\/v2\/product\/503692","targetHints":{"allow":["GET"]}}],"collection":[{"href":"https:\/\/lucacastelli.com\/fr\/wp-json\/wp\/v2\/product"}],"about":[{"href":"https:\/\/lucacastelli.com\/fr\/wp-json\/wp\/v2\/types\/product"}],"wp:featuredmedia":[{"embeddable":true,"href":"https:\/\/lucacastelli.com\/fr\/wp-json\/wp\/v2\/media\/497579"}],"wp:attachment":[{"href":"https:\/\/lucacastelli.com\/fr\/wp-json\/wp\/v2\/media?parent=503692"}],"wp:term":[{"taxonomy":"product_brand","embeddable":true,"href":"https:\/\/lucacastelli.com\/fr\/wp-json\/wp\/v2\/product_brand?post=503692"},{"taxonomy":"product_cat","embeddable":true,"href":"https:\/\/lucacastelli.com\/fr\/wp-json\/wp\/v2\/product_cat?post=503692"},{"taxonomy":"product_tag","embeddable":true,"href":"https:\/\/lucacastelli.com\/fr\/wp-json\/wp\/v2\/product_tag?post=503692"}],"curies":[{"name":"wp","href":"https:\/\/api.w.org\/{rel}","templated":true}]}}