{"id":503688,"date":"2025-07-19T11:25:34","date_gmt":"2025-07-19T09:25:34","guid":{"rendered":"https:\/\/lucacastelli.com\/prodotto\/batterie-milwaukee-m28-50-ah\/"},"modified":"2025-07-19T11:25:34","modified_gmt":"2025-07-19T09:25:34","slug":"batterie-milwaukee-m28-50-ah","status":"publish","type":"product","link":"https:\/\/lucacastelli.com\/fr\/produit\/batterie-milwaukee-m28-50-ah\/","title":{"rendered":"Batterie MILWAUKEE M28\u2122 5,0 Ah"},"content":{"rendered":"<p>La batterie REDLITHIUM\u2122 fournit jusqu\u2019\u00e0 20 % de puissance en plus et offre une autonomie jusqu\u2019\u00e0 65 % plus longue ; La technologie REDLITHIUM\u2122 associ\u00e9e \u00e0 l\u2019\u00e9lectronique REDLINK\u2122 permet une protection maximale contre les surcharges ; Surveillance constante de chaque cellule individuelle pour assurer un cycle de chargement et de d\u00e9chargement efficace de la batterie ; Construction robuste de la batterie avec des protections internes sp\u00e9ciales pour \u00e9viter la casse en cas de chute ; Protection contre l\u2019eau gr\u00e2ce aux guides internes sp\u00e9ciaux ; Capable de fonctionner jusqu\u2019\u00e0 -20\u00b0C&nbsp;;Indicateur d\u2019\u00e9tat de charge de la batterie int\u00e9gr\u00e9&nbsp;; Grande autonomie&nbsp;; Meilleures performances<\/p>\n","protected":false},"excerpt":{"rendered":"<p>La batterie REDLITHIUM\u2122 fournit jusqu\u2019\u00e0 20 % de puissance en plus et offre une autonomie jusqu\u2019\u00e0 65 % plus longue<\/p>\n","protected":false},"featured_media":496718,"template":"","meta":{"_seopress_robots_primary_cat":"","_seopress_titles_title":"","_seopress_titles_desc":"","_seopress_robots_index":""},"product_brand":[3407],"product_cat":[29,491],"product_tag":[3270],"class_list":{"0":"post-503688","1":"product","2":"type-product","3":"status-publish","4":"has-post-thumbnail","6":"product_brand-milwaukee","7":"product_cat-macchinari","8":"product_cat-accessori-sistemi-a-batteria","9":"product_tag-import-milwau","10":"sws-gruppo-macchinari-fr","11":"sws-conto-ricavi-merci-rivendita-macchinari-fr","12":"sws-gruppo-iva-iva81-fr","14":"first","15":"onbackorder","16":"sale","17":"shipping-taxable","18":"purchasable","19":"product-type-simple"},"_links":{"self":[{"href":"https:\/\/lucacastelli.com\/fr\/wp-json\/wp\/v2\/product\/503688","targetHints":{"allow":["GET"]}}],"collection":[{"href":"https:\/\/lucacastelli.com\/fr\/wp-json\/wp\/v2\/product"}],"about":[{"href":"https:\/\/lucacastelli.com\/fr\/wp-json\/wp\/v2\/types\/product"}],"wp:featuredmedia":[{"embeddable":true,"href":"https:\/\/lucacastelli.com\/fr\/wp-json\/wp\/v2\/media\/496718"}],"wp:attachment":[{"href":"https:\/\/lucacastelli.com\/fr\/wp-json\/wp\/v2\/media?parent=503688"}],"wp:term":[{"taxonomy":"product_brand","embeddable":true,"href":"https:\/\/lucacastelli.com\/fr\/wp-json\/wp\/v2\/product_brand?post=503688"},{"taxonomy":"product_cat","embeddable":true,"href":"https:\/\/lucacastelli.com\/fr\/wp-json\/wp\/v2\/product_cat?post=503688"},{"taxonomy":"product_tag","embeddable":true,"href":"https:\/\/lucacastelli.com\/fr\/wp-json\/wp\/v2\/product_tag?post=503688"}],"curies":[{"name":"wp","href":"https:\/\/api.w.org\/{rel}","templated":true}]}}