{"id":503675,"date":"2025-07-19T11:25:30","date_gmt":"2025-07-19T09:25:30","guid":{"rendered":"https:\/\/lucacastelli.com\/prodotto\/batterie-milwaukee-m18-40-ah\/"},"modified":"2025-07-19T11:25:30","modified_gmt":"2025-07-19T09:25:30","slug":"batterie-milwaukee-m18-40-ah","status":"publish","type":"product","link":"https:\/\/lucacastelli.com\/fr\/produit\/batterie-milwaukee-m18-40-ah\/","title":{"rendered":"Batterie MILWAUKEE M18\u2122 4,0 Ah"},"content":{"rendered":"<p>REDLINK &#8211; technologie de protection contre les surcharges de l\u2019outil et de la batterie pour une durabilit\u00e9 maximale&nbsp;; Protection \u00e9lectronique contre les surcharges : pas besoin de retirer la batterie apr\u00e8s avoir essay\u00e9 la protection ; Protection contre la surchauffe &#8211; permet \u00e0 la batterie de fonctionner \u00e0 la temp\u00e9rature id\u00e9ale ; Surveillance constante de chaque cellule individuelle pour assurer le cycle de chargement et de d\u00e9charge de la batterie ; Jusqu\u2019\u00e0 50 % de dur\u00e9e de vie en plus, 20 % de puissance en plus et jusqu\u2019\u00e0 50 % de charges en plus ;* Par rapport aux autres batteries lithium-ion et\/ou \u00e0 la technologie Milwaukee pr\u00e9c\u00e9dente. Les r\u00e9sultats d\u00e9pendent de la tension, de l\u2019outil et de l\u2019application ; Soudure des cellules int\u00e9gr\u00e9es dans le cadre ; Cellules s\u00e9par\u00e9es par une structure caoutchout\u00e9e pour minimiser les vibrations&nbsp;; Compatible avec tous les outils de la gamme M18\u2122 <\/p>\n","protected":false},"excerpt":{"rendered":"<p>REDLINK &#8211; technologie de protection contre les surcharges de l\u2019outil et de la batterie pour une durabilit\u00e9 maximale&nbsp;; Protection \u00e9lectronique<\/p>\n","protected":false},"featured_media":495825,"template":"","meta":{"_seopress_robots_primary_cat":"","_seopress_titles_title":"","_seopress_titles_desc":"","_seopress_robots_index":""},"product_brand":[3658],"product_cat":[167,1450],"product_tag":[3273],"class_list":{"0":"post-503675","1":"product","2":"type-product","3":"status-publish","4":"has-post-thumbnail","6":"product_brand-milwaukee-fr","7":"product_cat-machines","8":"product_cat-systemes-de-batteries-accessoires","9":"product_tag-import-milwau-fr","10":"sws-gruppo-macchinari-fr","11":"sws-conto-ricavi-merci-rivendita-macchinari-fr","12":"sws-gruppo-iva-iva81-fr","14":"first","15":"onbackorder","16":"sale","17":"shipping-taxable","18":"purchasable","19":"product-type-simple"},"_links":{"self":[{"href":"https:\/\/lucacastelli.com\/fr\/wp-json\/wp\/v2\/product\/503675","targetHints":{"allow":["GET"]}}],"collection":[{"href":"https:\/\/lucacastelli.com\/fr\/wp-json\/wp\/v2\/product"}],"about":[{"href":"https:\/\/lucacastelli.com\/fr\/wp-json\/wp\/v2\/types\/product"}],"wp:featuredmedia":[{"embeddable":true,"href":"https:\/\/lucacastelli.com\/fr\/wp-json\/wp\/v2\/media\/495825"}],"wp:attachment":[{"href":"https:\/\/lucacastelli.com\/fr\/wp-json\/wp\/v2\/media?parent=503675"}],"wp:term":[{"taxonomy":"product_brand","embeddable":true,"href":"https:\/\/lucacastelli.com\/fr\/wp-json\/wp\/v2\/product_brand?post=503675"},{"taxonomy":"product_cat","embeddable":true,"href":"https:\/\/lucacastelli.com\/fr\/wp-json\/wp\/v2\/product_cat?post=503675"},{"taxonomy":"product_tag","embeddable":true,"href":"https:\/\/lucacastelli.com\/fr\/wp-json\/wp\/v2\/product_tag?post=503675"}],"curies":[{"name":"wp","href":"https:\/\/api.w.org\/{rel}","templated":true}]}}