{"id":503672,"date":"2025-07-19T11:25:28","date_gmt":"2025-07-19T09:25:28","guid":{"rendered":"https:\/\/lucacastelli.com\/prodotto\/milwaukee-chargeur-de-batterie-m12-m14-m18\/"},"modified":"2025-07-19T11:25:28","modified_gmt":"2025-07-19T09:25:28","slug":"milwaukee-chargeur-de-batterie-m12-m14-m18","status":"publish","type":"product","link":"https:\/\/lucacastelli.com\/fr\/produit\/milwaukee-chargeur-de-batterie-m12-m14-m18\/","title":{"rendered":"MILWAUKEE Chargeur de batterie M12\u2122 &#8211; M14\u2122 &#8211; M18\u2122"},"content":{"rendered":"<p>Recharge toutes les batteries M18\u2122, M14\u2122 et M12\u2122 REDLITHIUMZoll ; Charge en s\u00e9quence &#8211; la premi\u00e8re batterie ins\u00e9r\u00e9e est recharg\u00e9e &#8211; moins de temps dans la gestion de la charge&nbsp;; Le temps de charge des batteries 3,0 Ah \/ 4,0 Ah est d\u2019environ 60 min \/ 80 min ; Le temps de charge des batteries 1,5 Ah \/ 2,0 Ah est d\u2019environ 30 min \/ 40 min ; Compatible avec toutes les batteries MILWAUKEE\u00ae M12\u2122 et M18\u2122<\/p>\n","protected":false},"excerpt":{"rendered":"<p>Recharge toutes les batteries M18\u2122, M14\u2122 et M12\u2122 REDLITHIUMZoll ; Charge en s\u00e9quence &#8211; la premi\u00e8re batterie ins\u00e9r\u00e9e est recharg\u00e9e<\/p>\n","protected":false},"featured_media":493047,"template":"","meta":{"_seopress_robots_primary_cat":"","_seopress_titles_title":"","_seopress_titles_desc":"","_seopress_robots_index":""},"product_brand":[3658],"product_cat":[167,1450],"product_tag":[3273],"class_list":{"0":"post-503672","1":"product","2":"type-product","3":"status-publish","4":"has-post-thumbnail","6":"product_brand-milwaukee-fr","7":"product_cat-machines","8":"product_cat-systemes-de-batteries-accessoires","9":"product_tag-import-milwau-fr","10":"sws-gruppo-macchinari-fr","11":"sws-conto-ricavi-merci-rivendita-macchinari-fr","12":"sws-gruppo-iva-iva81-fr","14":"first","15":"onbackorder","16":"sale","17":"shipping-taxable","18":"purchasable","19":"product-type-simple"},"_links":{"self":[{"href":"https:\/\/lucacastelli.com\/fr\/wp-json\/wp\/v2\/product\/503672","targetHints":{"allow":["GET"]}}],"collection":[{"href":"https:\/\/lucacastelli.com\/fr\/wp-json\/wp\/v2\/product"}],"about":[{"href":"https:\/\/lucacastelli.com\/fr\/wp-json\/wp\/v2\/types\/product"}],"wp:featuredmedia":[{"embeddable":true,"href":"https:\/\/lucacastelli.com\/fr\/wp-json\/wp\/v2\/media\/493047"}],"wp:attachment":[{"href":"https:\/\/lucacastelli.com\/fr\/wp-json\/wp\/v2\/media?parent=503672"}],"wp:term":[{"taxonomy":"product_brand","embeddable":true,"href":"https:\/\/lucacastelli.com\/fr\/wp-json\/wp\/v2\/product_brand?post=503672"},{"taxonomy":"product_cat","embeddable":true,"href":"https:\/\/lucacastelli.com\/fr\/wp-json\/wp\/v2\/product_cat?post=503672"},{"taxonomy":"product_tag","embeddable":true,"href":"https:\/\/lucacastelli.com\/fr\/wp-json\/wp\/v2\/product_tag?post=503672"}],"curies":[{"name":"wp","href":"https:\/\/api.w.org\/{rel}","templated":true}]}}