{"id":503671,"date":"2025-07-19T11:25:25","date_gmt":"2025-07-19T09:25:25","guid":{"rendered":"https:\/\/lucacastelli.com\/prodotto\/chargeur-milwaukee-m12\/"},"modified":"2025-07-19T11:25:25","modified_gmt":"2025-07-19T09:25:25","slug":"chargeur-milwaukee-m12","status":"publish","type":"product","link":"https:\/\/lucacastelli.com\/fr\/produit\/chargeur-milwaukee-m12\/","title":{"rendered":"Chargeur MILWAUKEE M12\u2122"},"content":{"rendered":"<p>Chargeur de batterie compatible avec toutes les batteries M12\u2122 REDLITHIUM\u2122 ; Contr\u00f4le de la temp\u00e9rature pour assurer une charge sans risque dans toutes les conditions ; Circuits \u00e9lectroniques prot\u00e9g\u00e9s de la poussi\u00e8re et des chocs \u00e9ventuels&nbsp;; Indications de charge : Voyant LED pour indiquer l\u2019\u00e9tat de charge de la batterie ; Rechargez les batteries REDLITHIUM\u2122 3,0 Ah \/ 4,0 Ah en 60 min \/ 80 min ; Chargement des batteries REDLITHIUM\u2122 1,5 Ah \/ 2,0 Ah en 30 min \/ 40 min<\/p>\n","protected":false},"excerpt":{"rendered":"<p>Chargeur de batterie compatible avec toutes les batteries M12\u2122 REDLITHIUM\u2122 ; Contr\u00f4le de la temp\u00e9rature pour assurer une charge sans<\/p>\n","protected":false},"featured_media":491417,"template":"","meta":{"_seopress_robots_primary_cat":"","_seopress_titles_title":"","_seopress_titles_desc":"","_seopress_robots_index":""},"product_brand":[3658],"product_cat":[167,1450],"product_tag":[3273],"class_list":{"0":"post-503671","1":"product","2":"type-product","3":"status-publish","4":"has-post-thumbnail","6":"product_brand-milwaukee-fr","7":"product_cat-machines","8":"product_cat-systemes-de-batteries-accessoires","9":"product_tag-import-milwau-fr","10":"sws-gruppo-macchinari-fr","11":"sws-conto-ricavi-merci-rivendita-macchinari-fr","12":"sws-gruppo-iva-iva81-fr","14":"first","15":"onbackorder","16":"sale","17":"shipping-taxable","18":"purchasable","19":"product-type-simple"},"_links":{"self":[{"href":"https:\/\/lucacastelli.com\/fr\/wp-json\/wp\/v2\/product\/503671","targetHints":{"allow":["GET"]}}],"collection":[{"href":"https:\/\/lucacastelli.com\/fr\/wp-json\/wp\/v2\/product"}],"about":[{"href":"https:\/\/lucacastelli.com\/fr\/wp-json\/wp\/v2\/types\/product"}],"wp:featuredmedia":[{"embeddable":true,"href":"https:\/\/lucacastelli.com\/fr\/wp-json\/wp\/v2\/media\/491417"}],"wp:attachment":[{"href":"https:\/\/lucacastelli.com\/fr\/wp-json\/wp\/v2\/media?parent=503671"}],"wp:term":[{"taxonomy":"product_brand","embeddable":true,"href":"https:\/\/lucacastelli.com\/fr\/wp-json\/wp\/v2\/product_brand?post=503671"},{"taxonomy":"product_cat","embeddable":true,"href":"https:\/\/lucacastelli.com\/fr\/wp-json\/wp\/v2\/product_cat?post=503671"},{"taxonomy":"product_tag","embeddable":true,"href":"https:\/\/lucacastelli.com\/fr\/wp-json\/wp\/v2\/product_tag?post=503671"}],"curies":[{"name":"wp","href":"https:\/\/api.w.org\/{rel}","templated":true}]}}