{"id":503665,"date":"2025-07-19T11:22:08","date_gmt":"2025-07-19T09:22:08","guid":{"rendered":"https:\/\/lucacastelli.com\/prodotto\/milwaukee-trepans-a-carotte-tct-systeme-sds-max-4\/"},"modified":"2026-04-16T02:11:19","modified_gmt":"2026-04-16T00:11:19","slug":"milwaukee-trepans-a-carotte-tct-systeme-sds-max-4","status":"publish","type":"product","link":"https:\/\/lucacastelli.com\/fr\/produit\/milwaukee-trepans-a-carotte-tct-systeme-sds-max-4\/","title":{"rendered":"MILWAUKEE Tr\u00e9pans TCT &#8211; Syst\u00e8me SDS-Max"},"content":{"rendered":"<p>Ne convient pas aux perforateurs d\u2019un poids sup\u00e9rieur \u00e0 &gt; 10 kg ; Fabriqu\u00e9 en Allemagne ; Ne pas utiliser sur le b\u00e9ton arm\u00e9<\/p>\n","protected":false},"excerpt":{"rendered":"<p>Ne convient pas aux perforateurs d\u2019un poids sup\u00e9rieur \u00e0 &gt; 10 kg ; Fabriqu\u00e9 en Allemagne ; Ne pas utiliser<\/p>\n","protected":false},"featured_media":494055,"template":"","meta":{"_seopress_robots_primary_cat":"","_seopress_titles_title":"","_seopress_titles_desc":"","_seopress_robots_index":""},"product_brand":[3658],"product_cat":[1555,1453,167,1552],"product_tag":[3273],"class_list":{"0":"post-503665","1":"product","2":"type-product","3":"status-publish","4":"has-post-thumbnail","6":"product_brand-milwaukee-fr","7":"product_cat-accessoires-pour-perceuses-et-tournevis","8":"product_cat-autres-appareils","9":"product_cat-machines","10":"product_cat-perceuses-et-tournevis","11":"product_tag-import-milwau-fr","12":"sws-gruppo-macchinari-fr","13":"sws-conto-ricavi-merci-rivendita-macchinari-fr","14":"sws-gruppo-iva-iva81-fr","16":"first","17":"onbackorder","18":"sale","19":"shipping-taxable","20":"purchasable","21":"product-type-simple"},"_links":{"self":[{"href":"https:\/\/lucacastelli.com\/fr\/wp-json\/wp\/v2\/product\/503665","targetHints":{"allow":["GET"]}}],"collection":[{"href":"https:\/\/lucacastelli.com\/fr\/wp-json\/wp\/v2\/product"}],"about":[{"href":"https:\/\/lucacastelli.com\/fr\/wp-json\/wp\/v2\/types\/product"}],"wp:featuredmedia":[{"embeddable":true,"href":"https:\/\/lucacastelli.com\/fr\/wp-json\/wp\/v2\/media\/494055"}],"wp:attachment":[{"href":"https:\/\/lucacastelli.com\/fr\/wp-json\/wp\/v2\/media?parent=503665"}],"wp:term":[{"taxonomy":"product_brand","embeddable":true,"href":"https:\/\/lucacastelli.com\/fr\/wp-json\/wp\/v2\/product_brand?post=503665"},{"taxonomy":"product_cat","embeddable":true,"href":"https:\/\/lucacastelli.com\/fr\/wp-json\/wp\/v2\/product_cat?post=503665"},{"taxonomy":"product_tag","embeddable":true,"href":"https:\/\/lucacastelli.com\/fr\/wp-json\/wp\/v2\/product_tag?post=503665"}],"curies":[{"name":"wp","href":"https:\/\/api.w.org\/{rel}","templated":true}]}}