{"id":503650,"date":"2025-07-19T11:22:04","date_gmt":"2025-07-19T09:22:04","guid":{"rendered":"https:\/\/lucacastelli.com\/prodotto\/milwaukee-housses-de-transport-3\/"},"modified":"2025-07-19T11:22:04","modified_gmt":"2025-07-19T09:22:04","slug":"milwaukee-housses-de-transport-3","status":"publish","type":"product","link":"https:\/\/lucacastelli.com\/fr\/produit\/milwaukee-housses-de-transport-3\/","title":{"rendered":"MILWAUKEE Housses de transport"},"content":{"rendered":"<p>Gr\u00e2ce aux bords particuli\u00e8rement renforc\u00e9s et biseaut\u00e9s, aux protections aux quatre coins et \u00e0 la forme l\u00e9g\u00e8rement incurv\u00e9e, la valise en plastique ABS tr\u00e8s durable est un outil auxiliaire id\u00e9al et durable pour le stockage et le transport d\u2019outils \u00e9lectriques&lt;Le&gt; syst\u00e8me de verrouillage unique permet de transporter facilement et en toute s\u00e9curit\u00e9 deux valises ou plus en m\u00eame temps. Gr\u00e2ce aux \u00e9videments et aux \u00e9videments profonds, les valises restent fermement repos\u00e9es les unes sur les autres, formant un tas stable&lt;et&gt; le syst\u00e8me de verrouillage facilite le transport d\u2019outils \u00e9lectroportatifs et d\u2019accessoires sur le lieu de travail. Ainsi, que ce soit sur le chantier ou dans l\u2019atelier, tout est toujours \u00e0 port\u00e9e de main.  <\/p>\n","protected":false},"excerpt":{"rendered":"<p>Gr\u00e2ce aux bords particuli\u00e8rement renforc\u00e9s et biseaut\u00e9s, aux protections aux quatre coins et \u00e0 la forme l\u00e9g\u00e8rement incurv\u00e9e, la valise<\/p>\n","protected":false},"featured_media":431702,"template":"","meta":{"_seopress_robots_primary_cat":"","_seopress_titles_title":"","_seopress_titles_desc":"","_seopress_robots_index":""},"product_brand":[3407],"product_cat":[29,514,549,550],"product_tag":[3270],"class_list":{"0":"post-503650","1":"product","2":"type-product","3":"status-publish","4":"has-post-thumbnail","6":"product_brand-milwaukee","7":"product_cat-macchinari","8":"product_cat-altri-dispositivi","9":"product_cat-trapani-e-avvitatori","10":"product_cat-accessori-per-trapani-ed-avvitatori","11":"product_tag-import-milwau","12":"sws-gruppo-macchinari-fr","13":"sws-conto-ricavi-merci-rivendita-macchinari-fr","14":"sws-gruppo-iva-iva81-fr","16":"first","17":"onbackorder","18":"sale","19":"shipping-taxable","20":"purchasable","21":"product-type-simple"},"_links":{"self":[{"href":"https:\/\/lucacastelli.com\/fr\/wp-json\/wp\/v2\/product\/503650","targetHints":{"allow":["GET"]}}],"collection":[{"href":"https:\/\/lucacastelli.com\/fr\/wp-json\/wp\/v2\/product"}],"about":[{"href":"https:\/\/lucacastelli.com\/fr\/wp-json\/wp\/v2\/types\/product"}],"wp:featuredmedia":[{"embeddable":true,"href":"https:\/\/lucacastelli.com\/fr\/wp-json\/wp\/v2\/media\/431702"}],"wp:attachment":[{"href":"https:\/\/lucacastelli.com\/fr\/wp-json\/wp\/v2\/media?parent=503650"}],"wp:term":[{"taxonomy":"product_brand","embeddable":true,"href":"https:\/\/lucacastelli.com\/fr\/wp-json\/wp\/v2\/product_brand?post=503650"},{"taxonomy":"product_cat","embeddable":true,"href":"https:\/\/lucacastelli.com\/fr\/wp-json\/wp\/v2\/product_cat?post=503650"},{"taxonomy":"product_tag","embeddable":true,"href":"https:\/\/lucacastelli.com\/fr\/wp-json\/wp\/v2\/product_tag?post=503650"}],"curies":[{"name":"wp","href":"https:\/\/api.w.org\/{rel}","templated":true}]}}