{"id":503605,"date":"2025-07-19T11:15:29","date_gmt":"2025-07-19T09:15:29","guid":{"rendered":"https:\/\/lucacastelli.com\/prodotto\/disque-milwaukee-de-150-mm-de-diametre-diametre-dalesage-de-2223-mm-segments-de-10-mm-de-haut-epaisseur-de-coupe-de-24-mm\/"},"modified":"2025-07-19T11:15:29","modified_gmt":"2025-07-19T09:15:29","slug":"disque-milwaukee-de-150-mm-de-diametre-diametre-dalesage-de-2223-mm-segments-de-10-mm-de-haut-epaisseur-de-coupe-de-24-mm","status":"publish","type":"product","link":"https:\/\/lucacastelli.com\/fr\/produit\/disque-milwaukee-de-150-mm-de-diametre-diametre-dalesage-de-2223-mm-segments-de-10-mm-de-haut-epaisseur-de-coupe-de-24-mm\/","title":{"rendered":"Disque MILWAUKEE de 150 mm de diam\u00e8tre, diam\u00e8tre d\u2019al\u00e9sage de 22,23 mm, segments de 10 mm de haut, \u00e9paisseur de coupe de 2,4 mm"},"content":{"rendered":"<p>Disque soud\u00e9 au laser d\u2019excellente qualit\u00e9, avec des segments de 10 mm de haut, extr\u00eamement robuste et durable. Recommand\u00e9 pour les raineurs. Applications&nbsp;: id\u00e9al pour tous les types de mat\u00e9riaux de construction&nbsp;; Segments soud\u00e9s au laser pour une durabilit\u00e9 optimale  <\/p>\n","protected":false},"excerpt":{"rendered":"<p>Disque soud\u00e9 au laser d\u2019excellente qualit\u00e9, avec des segments de 10 mm de haut, extr\u00eamement robuste et durable. Recommand\u00e9 pour<\/p>\n","protected":false},"featured_media":494419,"template":"","meta":{"_seopress_robots_primary_cat":"","_seopress_titles_title":"","_seopress_titles_desc":"","_seopress_robots_index":""},"product_brand":[3407],"product_cat":[29,495,496],"product_tag":[3270],"class_list":{"0":"post-503605","1":"product","2":"type-product","3":"status-publish","4":"has-post-thumbnail","6":"product_brand-milwaukee","7":"product_cat-macchinari","8":"product_cat-troncatrici-e-mototroncatrici","9":"product_cat-troncatrici","10":"product_tag-import-milwau","11":"sws-gruppo-macchinari-fr","12":"sws-conto-ricavi-merci-rivendita-macchinari-fr","13":"sws-gruppo-iva-iva81-fr","15":"first","16":"onbackorder","17":"sale","18":"shipping-taxable","19":"purchasable","20":"product-type-simple"},"_links":{"self":[{"href":"https:\/\/lucacastelli.com\/fr\/wp-json\/wp\/v2\/product\/503605","targetHints":{"allow":["GET"]}}],"collection":[{"href":"https:\/\/lucacastelli.com\/fr\/wp-json\/wp\/v2\/product"}],"about":[{"href":"https:\/\/lucacastelli.com\/fr\/wp-json\/wp\/v2\/types\/product"}],"wp:featuredmedia":[{"embeddable":true,"href":"https:\/\/lucacastelli.com\/fr\/wp-json\/wp\/v2\/media\/494419"}],"wp:attachment":[{"href":"https:\/\/lucacastelli.com\/fr\/wp-json\/wp\/v2\/media?parent=503605"}],"wp:term":[{"taxonomy":"product_brand","embeddable":true,"href":"https:\/\/lucacastelli.com\/fr\/wp-json\/wp\/v2\/product_brand?post=503605"},{"taxonomy":"product_cat","embeddable":true,"href":"https:\/\/lucacastelli.com\/fr\/wp-json\/wp\/v2\/product_cat?post=503605"},{"taxonomy":"product_tag","embeddable":true,"href":"https:\/\/lucacastelli.com\/fr\/wp-json\/wp\/v2\/product_tag?post=503605"}],"curies":[{"name":"wp","href":"https:\/\/api.w.org\/{rel}","templated":true}]}}