{"id":503593,"date":"2025-07-19T11:15:27","date_gmt":"2025-07-19T09:15:27","guid":{"rendered":"https:\/\/lucacastelli.com\/prodotto\/milwaukee-lame-diamantee-dhts-gres-cerame-et-marbre\/"},"modified":"2025-07-19T11:15:27","modified_gmt":"2025-07-19T09:15:27","slug":"milwaukee-lame-diamantee-dhts-gres-cerame-et-marbre","status":"publish","type":"product","link":"https:\/\/lucacastelli.com\/fr\/produit\/milwaukee-lame-diamantee-dhts-gres-cerame-et-marbre\/","title":{"rendered":"MILWAUKEE Lame Diamant\u00e9e DHTS &#8211; GR\u00c8S C\u00c9RAME et MARBRE"},"content":{"rendered":"<p>Disque diamant\u00e9 de tr\u00e8s bonne qualit\u00e9 avec ZollTurbo DesignZoll&nbsp;; Applications : id\u00e9al pour le gr\u00e8s c\u00e9rame et le granit. Coupe nette&nbsp;; La haute qualit\u00e9 de cette lame lui permet de couper la plupart des mat\u00e9riaux de construction <\/p>\n","protected":false},"excerpt":{"rendered":"<p>Disque diamant\u00e9 de tr\u00e8s bonne qualit\u00e9 avec ZollTurbo DesignZoll&nbsp;; Applications : id\u00e9al pour le gr\u00e8s c\u00e9rame et le granit. Coupe<\/p>\n","protected":false},"featured_media":494984,"template":"","meta":{"_seopress_robots_primary_cat":"","_seopress_titles_title":"","_seopress_titles_desc":"","_seopress_robots_index":""},"product_brand":[3407],"product_cat":[29,495,496],"product_tag":[3270],"class_list":{"0":"post-503593","1":"product","2":"type-product","3":"status-publish","4":"has-post-thumbnail","6":"product_brand-milwaukee","7":"product_cat-macchinari","8":"product_cat-troncatrici-e-mototroncatrici","9":"product_cat-troncatrici","10":"product_tag-import-milwau","11":"sws-gruppo-macchinari-fr","12":"sws-conto-ricavi-merci-rivendita-macchinari-fr","13":"sws-gruppo-iva-iva81-fr","15":"first","16":"onbackorder","17":"sale","18":"shipping-taxable","19":"purchasable","20":"product-type-simple"},"_links":{"self":[{"href":"https:\/\/lucacastelli.com\/fr\/wp-json\/wp\/v2\/product\/503593","targetHints":{"allow":["GET"]}}],"collection":[{"href":"https:\/\/lucacastelli.com\/fr\/wp-json\/wp\/v2\/product"}],"about":[{"href":"https:\/\/lucacastelli.com\/fr\/wp-json\/wp\/v2\/types\/product"}],"wp:featuredmedia":[{"embeddable":true,"href":"https:\/\/lucacastelli.com\/fr\/wp-json\/wp\/v2\/media\/494984"}],"wp:attachment":[{"href":"https:\/\/lucacastelli.com\/fr\/wp-json\/wp\/v2\/media?parent=503593"}],"wp:term":[{"taxonomy":"product_brand","embeddable":true,"href":"https:\/\/lucacastelli.com\/fr\/wp-json\/wp\/v2\/product_brand?post=503593"},{"taxonomy":"product_cat","embeddable":true,"href":"https:\/\/lucacastelli.com\/fr\/wp-json\/wp\/v2\/product_cat?post=503593"},{"taxonomy":"product_tag","embeddable":true,"href":"https:\/\/lucacastelli.com\/fr\/wp-json\/wp\/v2\/product_tag?post=503593"}],"curies":[{"name":"wp","href":"https:\/\/api.w.org\/{rel}","templated":true}]}}