{"id":503589,"date":"2025-07-19T11:15:22","date_gmt":"2025-07-19T09:15:22","guid":{"rendered":"https:\/\/lucacastelli.com\/prodotto\/bidon-deau-milwaukee-wt-10-capacite-10-litres-reservoir-deau-en-acier-avec-revetement-exterieur-et-interieur-en-polyester-pompe-avec-pression-maximale-6-bar-longueur-du-tuyau-25\/"},"modified":"2025-07-19T11:15:22","modified_gmt":"2025-07-19T09:15:22","slug":"bidon-deau-milwaukee-wt-10-capacite-10-litres-reservoir-deau-en-acier-avec-revetement-exterieur-et-interieur-en-polyester-pompe-avec-pression-maximale-6-bar-longueur-du-tuyau-25","status":"publish","type":"product","link":"https:\/\/lucacastelli.com\/fr\/produit\/bidon-deau-milwaukee-wt-10-capacite-10-litres-reservoir-deau-en-acier-avec-revetement-exterieur-et-interieur-en-polyester-pompe-avec-pression-maximale-6-bar-longueur-du-tuyau-25\/","title":{"rendered":"Bidon d\u2019eau MILWAUKEE WT 10. Capacit\u00e9 10 litres, r\u00e9servoir d\u2019eau en acier avec rev\u00eatement ext\u00e9rieur et int\u00e9rieur en polyester. Pompe avec pression maximale 6 bar. Longueur du tuyau 2,5 m\u00e8tres&nbsp;; Syst\u00e8me de connexion rapide du moteur MILWAUKEE\u00ae"},"content":{"rendered":"<p>Capacit\u00e9 10 litres, r\u00e9servoir d\u2019eau en acier avec rev\u00eatement ext\u00e9rieur et int\u00e9rieur en polyester&nbsp;; Pompe avec pression maximale 6 bar&nbsp;; Longueur du tuyau 2,5 m\u00e8tres&nbsp;; Syst\u00e8me de connexion rapide du moteur MILWAUKEE\u00ae<\/p>\n","protected":false},"excerpt":{"rendered":"<p>Capacit\u00e9 10 litres, r\u00e9servoir d\u2019eau en acier avec rev\u00eatement ext\u00e9rieur et int\u00e9rieur en polyester&nbsp;; Pompe avec pression maximale 6 bar&nbsp;;<\/p>\n","protected":false},"featured_media":495610,"template":"","meta":{"_seopress_robots_primary_cat":"","_seopress_titles_title":"","_seopress_titles_desc":"","_seopress_robots_index":""},"product_brand":[3407],"product_cat":[29,495,496],"product_tag":[3270],"class_list":{"0":"post-503589","1":"product","2":"type-product","3":"status-publish","4":"has-post-thumbnail","6":"product_brand-milwaukee","7":"product_cat-macchinari","8":"product_cat-troncatrici-e-mototroncatrici","9":"product_cat-troncatrici","10":"product_tag-import-milwau","11":"sws-gruppo-macchinari-fr","12":"sws-conto-ricavi-merci-rivendita-macchinari-fr","13":"sws-gruppo-iva-iva81-fr","15":"first","16":"onbackorder","17":"sale","18":"shipping-taxable","19":"purchasable","20":"product-type-simple"},"_links":{"self":[{"href":"https:\/\/lucacastelli.com\/fr\/wp-json\/wp\/v2\/product\/503589","targetHints":{"allow":["GET"]}}],"collection":[{"href":"https:\/\/lucacastelli.com\/fr\/wp-json\/wp\/v2\/product"}],"about":[{"href":"https:\/\/lucacastelli.com\/fr\/wp-json\/wp\/v2\/types\/product"}],"wp:featuredmedia":[{"embeddable":true,"href":"https:\/\/lucacastelli.com\/fr\/wp-json\/wp\/v2\/media\/495610"}],"wp:attachment":[{"href":"https:\/\/lucacastelli.com\/fr\/wp-json\/wp\/v2\/media?parent=503589"}],"wp:term":[{"taxonomy":"product_brand","embeddable":true,"href":"https:\/\/lucacastelli.com\/fr\/wp-json\/wp\/v2\/product_brand?post=503589"},{"taxonomy":"product_cat","embeddable":true,"href":"https:\/\/lucacastelli.com\/fr\/wp-json\/wp\/v2\/product_cat?post=503589"},{"taxonomy":"product_tag","embeddable":true,"href":"https:\/\/lucacastelli.com\/fr\/wp-json\/wp\/v2\/product_tag?post=503589"}],"curies":[{"name":"wp","href":"https:\/\/api.w.org\/{rel}","templated":true}]}}