{"id":503586,"date":"2025-07-19T11:15:24","date_gmt":"2025-07-19T09:15:24","guid":{"rendered":"https:\/\/lucacastelli.com\/prodotto\/lame-diamantee-milwaukee-du-soft-materials\/"},"modified":"2025-07-19T11:15:24","modified_gmt":"2025-07-19T09:15:24","slug":"lame-diamantee-milwaukee-du-soft-materials","status":"publish","type":"product","link":"https:\/\/lucacastelli.com\/fr\/produit\/lame-diamantee-milwaukee-du-soft-materials\/","title":{"rendered":"Lame diamant\u00e9e MILWAUKEE DU &#8211; SOFT MATERIALS"},"content":{"rendered":"<p>Lame diamant\u00e9e pour applications g\u00e9n\u00e9rales. Il offre de bonnes performances en termes de vitesse et de durabilit\u00e9. Applications&nbsp;: Id\u00e9al pour la brique creuse et les blocs de b\u00e9ton creux  <\/p>\n","protected":false},"excerpt":{"rendered":"<p>Lame diamant\u00e9e pour applications g\u00e9n\u00e9rales. Il offre de bonnes performances en termes de vitesse et de durabilit\u00e9. Applications&nbsp;: Id\u00e9al pour<\/p>\n","protected":false},"featured_media":495382,"template":"","meta":{"_seopress_robots_primary_cat":"","_seopress_titles_title":"","_seopress_titles_desc":"","_seopress_robots_index":""},"product_brand":[3658],"product_cat":[167,1689,1686],"product_tag":[3273],"class_list":{"0":"post-503586","1":"product","2":"type-product","3":"status-publish","4":"has-post-thumbnail","6":"product_brand-milwaukee-fr","7":"product_cat-machines","8":"product_cat-coupe-bordures-et-elagueurs","9":"product_cat-tronconneuses-fr","10":"product_tag-import-milwau-fr","11":"sws-gruppo-macchinari-fr","12":"sws-conto-ricavi-merci-rivendita-macchinari-fr","13":"sws-gruppo-iva-iva81-fr","15":"first","16":"onbackorder","17":"sale","18":"shipping-taxable","19":"purchasable","20":"product-type-simple"},"_links":{"self":[{"href":"https:\/\/lucacastelli.com\/fr\/wp-json\/wp\/v2\/product\/503586","targetHints":{"allow":["GET"]}}],"collection":[{"href":"https:\/\/lucacastelli.com\/fr\/wp-json\/wp\/v2\/product"}],"about":[{"href":"https:\/\/lucacastelli.com\/fr\/wp-json\/wp\/v2\/types\/product"}],"wp:featuredmedia":[{"embeddable":true,"href":"https:\/\/lucacastelli.com\/fr\/wp-json\/wp\/v2\/media\/495382"}],"wp:attachment":[{"href":"https:\/\/lucacastelli.com\/fr\/wp-json\/wp\/v2\/media?parent=503586"}],"wp:term":[{"taxonomy":"product_brand","embeddable":true,"href":"https:\/\/lucacastelli.com\/fr\/wp-json\/wp\/v2\/product_brand?post=503586"},{"taxonomy":"product_cat","embeddable":true,"href":"https:\/\/lucacastelli.com\/fr\/wp-json\/wp\/v2\/product_cat?post=503586"},{"taxonomy":"product_tag","embeddable":true,"href":"https:\/\/lucacastelli.com\/fr\/wp-json\/wp\/v2\/product_tag?post=503586"}],"curies":[{"name":"wp","href":"https:\/\/api.w.org\/{rel}","templated":true}]}}