{"id":503531,"date":"2025-07-19T10:52:37","date_gmt":"2025-07-19T08:52:37","guid":{"rendered":"https:\/\/lucacastelli.com\/prodotto\/mandrins-sans-cle-milwaukee-pour-outils-fixtec-3\/"},"modified":"2025-07-19T10:52:37","modified_gmt":"2025-07-19T08:52:37","slug":"mandrins-sans-cle-milwaukee-pour-outils-fixtec-3","status":"publish","type":"product","link":"https:\/\/lucacastelli.com\/fr\/produit\/mandrins-sans-cle-milwaukee-pour-outils-fixtec-3\/","title":{"rendered":"Mandrins sans cl\u00e9 MILWAUKEE pour outils FIXTEC"},"content":{"rendered":"<p>Mandrin sans cl\u00e9 avec une grande pr\u00e9cision de concentricit\u00e9 pour les forets ; Le mandrin \u00e0 tension rapide est tendu sans effort avec la main ; Les mandrins de per\u00e7age sont utilis\u00e9s pour loger des perceuses et d\u2019autres outils<\/p>\n","protected":false},"excerpt":{"rendered":"<p>Mandrin sans cl\u00e9 avec une grande pr\u00e9cision de concentricit\u00e9 pour les forets ; Le mandrin \u00e0 tension rapide est tendu<\/p>\n","protected":false},"featured_media":431704,"template":"","meta":{"_seopress_robots_primary_cat":"","_seopress_titles_title":"","_seopress_titles_desc":"","_seopress_robots_index":""},"product_brand":[3658],"product_cat":[1555,1453,167,1552],"product_tag":[3273],"class_list":{"0":"post-503531","1":"product","2":"type-product","3":"status-publish","4":"has-post-thumbnail","6":"product_brand-milwaukee-fr","7":"product_cat-accessoires-pour-perceuses-et-tournevis","8":"product_cat-autres-appareils","9":"product_cat-machines","10":"product_cat-perceuses-et-tournevis","11":"product_tag-import-milwau-fr","12":"sws-gruppo-macchinari-fr","13":"sws-conto-ricavi-merci-rivendita-macchinari-fr","14":"sws-gruppo-iva-iva81-fr","16":"first","17":"onbackorder","18":"sale","19":"shipping-taxable","20":"purchasable","21":"product-type-simple"},"_links":{"self":[{"href":"https:\/\/lucacastelli.com\/fr\/wp-json\/wp\/v2\/product\/503531","targetHints":{"allow":["GET"]}}],"collection":[{"href":"https:\/\/lucacastelli.com\/fr\/wp-json\/wp\/v2\/product"}],"about":[{"href":"https:\/\/lucacastelli.com\/fr\/wp-json\/wp\/v2\/types\/product"}],"wp:featuredmedia":[{"embeddable":true,"href":"https:\/\/lucacastelli.com\/fr\/wp-json\/wp\/v2\/media\/431704"}],"wp:attachment":[{"href":"https:\/\/lucacastelli.com\/fr\/wp-json\/wp\/v2\/media?parent=503531"}],"wp:term":[{"taxonomy":"product_brand","embeddable":true,"href":"https:\/\/lucacastelli.com\/fr\/wp-json\/wp\/v2\/product_brand?post=503531"},{"taxonomy":"product_cat","embeddable":true,"href":"https:\/\/lucacastelli.com\/fr\/wp-json\/wp\/v2\/product_cat?post=503531"},{"taxonomy":"product_tag","embeddable":true,"href":"https:\/\/lucacastelli.com\/fr\/wp-json\/wp\/v2\/product_tag?post=503531"}],"curies":[{"name":"wp","href":"https:\/\/api.w.org\/{rel}","templated":true}]}}